{"id":21680,"date":"2025-06-20T20:23:15","date_gmt":"2025-06-21T00:23:15","guid":{"rendered":"https:\/\/www.multicasa.com.br\/inicio\/?post_type=product&#038;p=21680"},"modified":"2025-06-20T20:24:18","modified_gmt":"2025-06-21T00:24:18","slug":"mini-mixer-misturador-em-inox-black-decker","status":"publish","type":"product","link":"https:\/\/www.multicasa.com.br\/inicio\/produto\/mini-mixer-misturador-em-inox-black-decker\/","title":{"rendered":"Mini Mixer Misturador em Inox Black + Decker"},"content":{"rendered":"<p>Utilize o Mini Mixer Misturador da Black + Decker para preparar pequenas quantidades de alimentos, misturar bebidas e fazer espuma em leite, cappuccino, chocolates, molhos e claras em neve. Compacto, f\u00e1cil de guardar e transportar, funciona \u00e0 base de 2 pilhas AA (n\u00e3o inclusas), possui bot\u00e3o de liga\/desliga e haste completa em a\u00e7o inox remov\u00edvel. Ideal para quem n\u00e3o abre m\u00e3o de praticidade e otimiza\u00e7\u00e3o.<\/p>\n","protected":false},"excerpt":{"rendered":"<h4 style=\"margin: 0px;padding: 0px 0px 16px;font-family: Lato, sans-serif;font-weight: bold;line-height: 3rem;color: var(--dark-grey3);font-size: 22px;font-style: normal;letter-spacing: normal;text-align: start;text-indent: 0px;text-transform: none\">Informa\u00e7\u00f5es t\u00e9cnicas<\/h4>\n<p><span style=\"margin: 0px;padding: 0px;font-weight: 450;font-size: 14px;line-height: 21px;color: var(--dark-grey2);font-family: Lato, sans-serif;font-style: normal;letter-spacing: normal;text-align: start;text-indent: 0px;text-transform: none\">Produto: Mini Mixer<br \/>\nMarca: Black + Decker<br \/>\nMaterial: A\u00e7o Inox<br \/>\nCor: Preto<br \/>\nAlimenta\u00e7\u00e3o: 2 pilhas AA<br \/>\nCaracter\u00edstica: Bot\u00e3o de press\u00e3o liga\/desliga, haste remov\u00edvel<br \/>\nItens Inclusos: 1 mini Mixer<br \/>\nDimens\u00f5es do produto (A x L): 15 x 4 x 6,5cm<\/span><\/p>\n","protected":false},"featured_media":21746,"template":"","meta":{"_joinchat":[]},"product_brand":[],"product_cat":[93],"product_tag":[],"class_list":{"0":"post-21680","1":"product","2":"type-product","3":"status-publish","4":"has-post-thumbnail","6":"product_cat-utensilios-para-cozinha","8":"first","9":"outofstock","10":"shipping-taxable","11":"product-type-simple"},"_links":{"self":[{"href":"https:\/\/www.multicasa.com.br\/inicio\/wp-json\/wp\/v2\/product\/21680","targetHints":{"allow":["GET"]}}],"collection":[{"href":"https:\/\/www.multicasa.com.br\/inicio\/wp-json\/wp\/v2\/product"}],"about":[{"href":"https:\/\/www.multicasa.com.br\/inicio\/wp-json\/wp\/v2\/types\/product"}],"wp:featuredmedia":[{"embeddable":true,"href":"https:\/\/www.multicasa.com.br\/inicio\/wp-json\/wp\/v2\/media\/21746"}],"wp:attachment":[{"href":"https:\/\/www.multicasa.com.br\/inicio\/wp-json\/wp\/v2\/media?parent=21680"}],"wp:term":[{"taxonomy":"product_brand","embeddable":true,"href":"https:\/\/www.multicasa.com.br\/inicio\/wp-json\/wp\/v2\/product_brand?post=21680"},{"taxonomy":"product_cat","embeddable":true,"href":"https:\/\/www.multicasa.com.br\/inicio\/wp-json\/wp\/v2\/product_cat?post=21680"},{"taxonomy":"product_tag","embeddable":true,"href":"https:\/\/www.multicasa.com.br\/inicio\/wp-json\/wp\/v2\/product_tag?post=21680"}],"curies":[{"name":"wp","href":"https:\/\/api.w.org\/{rel}","templated":true}]}}