{"id":21681,"date":"2025-06-20T20:23:15","date_gmt":"2025-06-21T00:23:15","guid":{"rendered":"https:\/\/www.multicasa.com.br\/inicio\/?post_type=product&#038;p=21681"},"modified":"2025-07-01T13:54:29","modified_gmt":"2025-07-01T17:54:29","slug":"mangueira-corr-ref-32mm50mam-plas","status":"publish","type":"product","link":"https:\/\/www.multicasa.com.br\/inicio\/produto\/mangueira-corr-ref-32mm50mam-plas\/","title":{"rendered":"Mangueira Corr.Ref.32Mm(50M)Am Plas"},"content":{"rendered":"<p>PlastFlex \u00e9 fabricado em Polietileno de Alta Densidade (PEAD), possui perfil corrugado ao longo de seu comprimento, proporcionando maior economia e agilidade em sua instala\u00e7\u00e3o. \u00c9 ideal para edifica\u00e7\u00f5es comerciais e residenciais pela sua leveza, extrema flexibilidade e resist\u00eancia a compress\u00e3o. O PlastFlex \u00e9 fabricado de acordo com a Norma ABNT NBR 15.465, atendendo as mais rigorosas condi\u00e7\u00f5es encontradas na constru\u00e7\u00e3o civil.<\/p>\n","protected":false},"excerpt":{"rendered":"<h4 style=\"margin: 0px;padding: 0px 0px 16px;font-family: Lato, sans-serif;font-weight: bold;line-height: 3rem;color: var(--dark-grey3);font-size: 22px;font-style: normal;letter-spacing: normal;text-align: start;text-indent: 0px;text-transform: none\">Informa\u00e7\u00f5es t\u00e9cnicas<\/h4>\n<p><span style=\"margin: 0px;padding: 0px;font-weight: 450;font-size: 14px;line-height: 21px;color: var(--dark-grey2);font-family: Lato, sans-serif;font-style: normal;letter-spacing: normal;text-align: start;text-indent: 0px;text-transform: none\">Produto: MANGUEIRA CORR.REF.32MM(50M)AM PLAS<br \/>\nMarca: PLASTIBRAS<\/p>\n<p>O Eletroduto PlastFlex AC possui gravado ao longo de<br \/>\nsua extens\u00e3o em espa\u00e7os inferiores a 01 (um) metro as<br \/>\nseguintes marca\u00e7\u00f5es:<br \/>\nPLASTFLEX AC DN * ELETRODUTO 320N LEVE<br \/>\n\u0093N\u00c3O EMBUTIR EM LAJE OU ENTERRAR\u0094<br \/>\n(DATA) DD\/MM\/AA (HORA) HH:MM:SS 15465:2020<br \/>\nSignificado da Marca\u00e7\u00e3o:<br \/>\n\u0095 PLASTFLEX AC: Identifica\u00e7\u00e3o do fabricante;<br \/>\n\u0095 DN: Di\u00e2metro Nominal (* = 20, 25 ou 32);<br \/>\n\u0095 ELETRODUTO: Identifica\u00e7\u00e3o do produto;<br \/>\n\u0095 320N LEVE: Classe de resist\u00eancia mec\u00e2nica conforme<br \/>\nABNT NBR 15465:2020;<br \/>\n\u0095 \u0093N\u00c3O EMBUTIR EM LAJE OU ENTERRAR\u0094:<br \/>\nRestri\u00e7\u00f5es do produto;<br \/>\n\u0095 (DATA) DD\/MM\/AA (HORA) HH:MM:SS:<br \/>\nRastreabilidade do Lote;<br \/>\n\u0095 15465:2020: Norma diretiva do produto.<br \/>\n<\/span><\/p>\n","protected":false},"featured_media":27385,"template":"","meta":{"_joinchat":[]},"product_brand":[],"product_cat":[119],"product_tag":[],"class_list":{"0":"post-21681","1":"product","2":"type-product","3":"status-publish","4":"has-post-thumbnail","6":"product_cat-materiais-eletricos","8":"first","9":"outofstock","10":"shipping-taxable","11":"product-type-simple"},"_links":{"self":[{"href":"https:\/\/www.multicasa.com.br\/inicio\/wp-json\/wp\/v2\/product\/21681","targetHints":{"allow":["GET"]}}],"collection":[{"href":"https:\/\/www.multicasa.com.br\/inicio\/wp-json\/wp\/v2\/product"}],"about":[{"href":"https:\/\/www.multicasa.com.br\/inicio\/wp-json\/wp\/v2\/types\/product"}],"wp:featuredmedia":[{"embeddable":true,"href":"https:\/\/www.multicasa.com.br\/inicio\/wp-json\/wp\/v2\/media\/27385"}],"wp:attachment":[{"href":"https:\/\/www.multicasa.com.br\/inicio\/wp-json\/wp\/v2\/media?parent=21681"}],"wp:term":[{"taxonomy":"product_brand","embeddable":true,"href":"https:\/\/www.multicasa.com.br\/inicio\/wp-json\/wp\/v2\/product_brand?post=21681"},{"taxonomy":"product_cat","embeddable":true,"href":"https:\/\/www.multicasa.com.br\/inicio\/wp-json\/wp\/v2\/product_cat?post=21681"},{"taxonomy":"product_tag","embeddable":true,"href":"https:\/\/www.multicasa.com.br\/inicio\/wp-json\/wp\/v2\/product_tag?post=21681"}],"curies":[{"name":"wp","href":"https:\/\/api.w.org\/{rel}","templated":true}]}}