{"id":21703,"date":"2025-06-20T20:23:40","date_gmt":"2025-06-21T00:23:40","guid":{"rendered":"https:\/\/www.multicasa.com.br\/inicio\/?post_type=product&#038;p=21703"},"modified":"2026-03-09T16:21:01","modified_gmt":"2026-03-09T20:21:01","slug":"descascador-de-legumes-em-plastico-5-em-1-branco-keita","status":"publish","type":"product","link":"https:\/\/www.multicasa.com.br\/inicio\/produto\/descascador-de-legumes-em-plastico-5-em-1-branco-keita\/","title":{"rendered":"Descascador de Legumes em Pl\u00e1stico 5 em 1 Branco Keita"},"content":{"rendered":"<p>Realize v\u00e1rias tarefas do dia-a-dia com apenas um produto: o Descascador de Legumes 5 em 1 da Keita. Com l\u00e2mina de a\u00e7o inox e corpo de pl\u00e1stico, \u00e9 \u00f3timo para descascar legumes e frutas, cortar em fatias grossas e finas, ralar queijos e chocolates. Dispon\u00edvel na cor branca e com dimens\u00f5es de 2,2 x 6,9 x 17,5 cm, \u00e9 resistente, eficiente e compacto.<\/p>\n","protected":false},"excerpt":{"rendered":"<h4 style=\"margin: 0px;padding: 0px 0px 16px;font-family: Lato, sans-serif;font-weight: bold;line-height: 3rem;color: var(--dark-grey3);font-size: 22px;font-style: normal;letter-spacing: normal;text-align: start;text-indent: 0px;text-transform: none\">Informa\u00e7\u00f5es t\u00e9cnicas<\/h4>\n<p><span style=\"margin: 0px;padding: 0px;font-weight: 450;font-size: 14px;line-height: 21px;color: var(--dark-grey2);font-family: Lato, sans-serif;font-style: normal;letter-spacing: normal;text-align: start;text-indent: 0px;text-transform: none\">Produto: Descascador de Legumes<br \/>\nMarca: Keita<br \/>\nMaterial: Pl\u00e1stico<br \/>\nCor: Branco<br \/>\nCaracter\u00edsticas: Descasca legumes e frutas;<br \/>\nFatia em fios grossos e finos;<br \/>\nRala queijo;<br \/>\nRala chocolate.<br \/>\nItens inclusos: 1 Descascador de Legumes<br \/>\nDimens\u00f5es do produto (A x L x P): 2,2 x 17,5 x 6,9cm<\/span><\/p>\n","protected":false},"featured_media":0,"template":"","meta":{"_joinchat":[]},"product_brand":[],"product_cat":[93],"product_tag":[],"class_list":{"0":"post-21703","1":"product","2":"type-product","3":"status-publish","5":"product_cat-utensilios-para-cozinha","7":"first","8":"outofstock","9":"shipping-taxable","10":"purchasable","11":"product-type-simple"},"_links":{"self":[{"href":"https:\/\/www.multicasa.com.br\/inicio\/wp-json\/wp\/v2\/product\/21703","targetHints":{"allow":["GET"]}}],"collection":[{"href":"https:\/\/www.multicasa.com.br\/inicio\/wp-json\/wp\/v2\/product"}],"about":[{"href":"https:\/\/www.multicasa.com.br\/inicio\/wp-json\/wp\/v2\/types\/product"}],"wp:attachment":[{"href":"https:\/\/www.multicasa.com.br\/inicio\/wp-json\/wp\/v2\/media?parent=21703"}],"wp:term":[{"taxonomy":"product_brand","embeddable":true,"href":"https:\/\/www.multicasa.com.br\/inicio\/wp-json\/wp\/v2\/product_brand?post=21703"},{"taxonomy":"product_cat","embeddable":true,"href":"https:\/\/www.multicasa.com.br\/inicio\/wp-json\/wp\/v2\/product_cat?post=21703"},{"taxonomy":"product_tag","embeddable":true,"href":"https:\/\/www.multicasa.com.br\/inicio\/wp-json\/wp\/v2\/product_tag?post=21703"}],"curies":[{"name":"wp","href":"https:\/\/api.w.org\/{rel}","templated":true}]}}