{"id":21704,"date":"2025-06-20T20:23:40","date_gmt":"2025-06-21T00:23:40","guid":{"rendered":"https:\/\/www.multicasa.com.br\/inicio\/?post_type=product&#038;p=21704"},"modified":"2026-03-02T11:30:30","modified_gmt":"2026-03-02T15:30:30","slug":"manipulo-para-grade-de-protecao-kiddo-2-pecas","status":"publish","type":"product","link":"https:\/\/www.multicasa.com.br\/inicio\/produto\/manipulo-para-grade-de-protecao-kiddo-2-pecas\/","title":{"rendered":"Man\u00edpulo para Grade de Prote\u00e7\u00e3o Kiddo 2 Pe\u00e7as"},"content":{"rendered":"<p>O Man\u00edpulo para Grade de Prote\u00e7\u00e3o Kiddo \u00e9 um item resistente que auxilia a fixar a grade no v\u00e3o das portas. Conta com 2 unidades que s\u00e3o ideais para acoplar novos extensores ou repor pe\u00e7as que j\u00e1 n\u00e3o exercem a mesma qualidade em sua fun\u00e7\u00e3o.<\/p>\n","protected":false},"excerpt":{"rendered":"<h4 style=\"margin: 0px;padding: 0px 0px 16px;font-family: Lato, sans-serif;font-weight: bold;line-height: 3rem;color: var(--dark-grey3);font-size: 22px;font-style: normal;letter-spacing: normal;text-align: start;text-indent: 0px;text-transform: none\">Informa\u00e7\u00f5es t\u00e9cnicas<\/h4>\n<p><span style=\"margin: 0px;padding: 0px;font-weight: 450;font-size: 14px;line-height: 21px;color: var(--dark-grey2);font-family: Lato, sans-serif;font-style: normal;letter-spacing: normal;text-align: start;text-indent: 0px;text-transform: none\">Produto: Man\u00edpulo para Grade de Prote\u00e7\u00e3o<br \/>\nMarca: Kiddo<br \/>\nMaterial: Borracha<br \/>\nPl\u00e1stico<br \/>\nCor: Preto<br \/>\nItens inclusos: 2 man\u00edpulos para Grade de Prote\u00e7\u00e3o<br \/>\nDimens\u00f5es do produto (A X L): 8,5 x 4cm<\/span><\/p>\n","protected":false},"featured_media":25515,"template":"","meta":{"_joinchat":[]},"product_brand":[],"product_cat":[161],"product_tag":[],"class_list":{"0":"post-21704","1":"product","2":"type-product","3":"status-publish","4":"has-post-thumbnail","6":"product_cat-seguranca","8":"first","9":"outofstock","10":"shipping-taxable","11":"purchasable","12":"product-type-simple"},"_links":{"self":[{"href":"https:\/\/www.multicasa.com.br\/inicio\/wp-json\/wp\/v2\/product\/21704","targetHints":{"allow":["GET"]}}],"collection":[{"href":"https:\/\/www.multicasa.com.br\/inicio\/wp-json\/wp\/v2\/product"}],"about":[{"href":"https:\/\/www.multicasa.com.br\/inicio\/wp-json\/wp\/v2\/types\/product"}],"wp:featuredmedia":[{"embeddable":true,"href":"https:\/\/www.multicasa.com.br\/inicio\/wp-json\/wp\/v2\/media\/25515"}],"wp:attachment":[{"href":"https:\/\/www.multicasa.com.br\/inicio\/wp-json\/wp\/v2\/media?parent=21704"}],"wp:term":[{"taxonomy":"product_brand","embeddable":true,"href":"https:\/\/www.multicasa.com.br\/inicio\/wp-json\/wp\/v2\/product_brand?post=21704"},{"taxonomy":"product_cat","embeddable":true,"href":"https:\/\/www.multicasa.com.br\/inicio\/wp-json\/wp\/v2\/product_cat?post=21704"},{"taxonomy":"product_tag","embeddable":true,"href":"https:\/\/www.multicasa.com.br\/inicio\/wp-json\/wp\/v2\/product_tag?post=21704"}],"curies":[{"name":"wp","href":"https:\/\/api.w.org\/{rel}","templated":true}]}}