{"id":21708,"date":"2025-06-20T20:23:40","date_gmt":"2025-06-21T00:23:40","guid":{"rendered":"https:\/\/www.multicasa.com.br\/inicio\/?post_type=product&#038;p=21708"},"modified":"2025-06-20T20:24:34","modified_gmt":"2025-06-21T00:24:34","slug":"jogo-de-porta-condimentos-de-parede-em-plastico-com-6-pecas-arthi","status":"publish","type":"product","link":"https:\/\/www.multicasa.com.br\/inicio\/produto\/jogo-de-porta-condimentos-de-parede-em-plastico-com-6-pecas-arthi\/","title":{"rendered":"Jogo de Porta Condimentos de Parede em Pl\u00e1stico com 6 pe\u00e7as Arthi"},"content":{"rendered":"<p>O Jogo de Porta Condimentos de Pl\u00e1stico da Arthi \u00e9 composto por 6 unidades de pl\u00e1stico e tampa em ABS com detalhes em nylon. Seu material resistente \u00e0 corros\u00e3o, deixa sua cozinha mais moderna e facilita a limpeza dos utens\u00edlios. O porta temperos da Arthi torna mais pr\u00e1tico o preparo de alimentos e armazenagem das especiarias. Acompanha 1 suporte cromado e 1 kit com buchas e parafusos para instala\u00e7\u00e3o. Seu uso \u00e9 indicado para quem deseja ter sempre \u00e0 m\u00e3o os condimentos necess\u00e1rios e otimizar espa\u00e7o na sua casa.<\/p>\n","protected":false},"excerpt":{"rendered":"<h4 style=\"margin: 0px;padding: 0px 0px 16px;font-family: Lato, sans-serif;font-weight: bold;line-height: 3rem;color: var(--dark-grey3);font-size: 22px;font-style: normal;letter-spacing: normal;text-align: start;text-indent: 0px;text-transform: none\">Informa\u00e7\u00f5es t\u00e9cnicas<\/h4>\n<p><span style=\"margin: 0px;padding: 0px;font-weight: 450;font-size: 14px;line-height: 21px;color: var(--dark-grey2);font-family: Lato, sans-serif;font-style: normal;letter-spacing: normal;text-align: start;text-indent: 0px;text-transform: none\">Produto: Porta Condimentos<br \/>\nMarca: Arthi<br \/>\nMaterial: A\u00e7o Cromado<br \/>\nFrasco em Poliestireno Cristal<br \/>\nTampa em abs<br \/>\nDetalhes em nylon<br \/>\nCor: Prata<br \/>\nQuantidade de pe\u00e7as: 8<br \/>\nItens Inclusos: 6 Porta condimentos<br \/>\n1 Suporte cromado<br \/>\n1 Kit bucha e parafusos<br \/>\nDimens\u00f5es do produto (A x L x P): 23,8 x 13,5 x 8cm<\/span><\/p>\n","protected":false},"featured_media":21767,"template":"","meta":{"_joinchat":[]},"product_brand":[],"product_cat":[93],"product_tag":[],"class_list":{"0":"post-21708","1":"product","2":"type-product","3":"status-publish","4":"has-post-thumbnail","6":"product_cat-utensilios-para-cozinha","8":"first","9":"outofstock","10":"shipping-taxable","11":"product-type-simple"},"_links":{"self":[{"href":"https:\/\/www.multicasa.com.br\/inicio\/wp-json\/wp\/v2\/product\/21708","targetHints":{"allow":["GET"]}}],"collection":[{"href":"https:\/\/www.multicasa.com.br\/inicio\/wp-json\/wp\/v2\/product"}],"about":[{"href":"https:\/\/www.multicasa.com.br\/inicio\/wp-json\/wp\/v2\/types\/product"}],"wp:featuredmedia":[{"embeddable":true,"href":"https:\/\/www.multicasa.com.br\/inicio\/wp-json\/wp\/v2\/media\/21767"}],"wp:attachment":[{"href":"https:\/\/www.multicasa.com.br\/inicio\/wp-json\/wp\/v2\/media?parent=21708"}],"wp:term":[{"taxonomy":"product_brand","embeddable":true,"href":"https:\/\/www.multicasa.com.br\/inicio\/wp-json\/wp\/v2\/product_brand?post=21708"},{"taxonomy":"product_cat","embeddable":true,"href":"https:\/\/www.multicasa.com.br\/inicio\/wp-json\/wp\/v2\/product_cat?post=21708"},{"taxonomy":"product_tag","embeddable":true,"href":"https:\/\/www.multicasa.com.br\/inicio\/wp-json\/wp\/v2\/product_tag?post=21708"}],"curies":[{"name":"wp","href":"https:\/\/api.w.org\/{rel}","templated":true}]}}