{"id":21710,"date":"2025-06-20T20:23:41","date_gmt":"2025-06-21T00:23:41","guid":{"rendered":"https:\/\/www.multicasa.com.br\/inicio\/?post_type=product&#038;p=21710"},"modified":"2025-06-20T20:24:37","modified_gmt":"2025-06-21T00:24:37","slug":"cadeado-corrente-para-moto-brasfort-22mmx1m","status":"publish","type":"product","link":"https:\/\/www.multicasa.com.br\/inicio\/produto\/cadeado-corrente-para-moto-brasfort-22mmx1m\/","title":{"rendered":"Cadeado Corrente para Moto Brasfort 22mmx1m"},"content":{"rendered":"<p>Use o cadeado corrente para moto da Brasfort para garantir seguran\u00e7a da sua motocicleta ao estacionar. Com cabo blindado, \u00e9 revestido com pl\u00e1stico flex\u00edvel que garante maleabilidade e protege das condi\u00e7\u00f5es do clima. Mede 22mm x 1m. Est\u00e3o inclusas 2 chaves. Tamb\u00e9m pode ser usada em portas, port\u00f5es e bicicletas. Mais tranquilidade para voc\u00ea circular pelas ruas. <\/p>\n","protected":false},"excerpt":{"rendered":"<h4 style=\"margin: 0px;padding: 0px 0px 16px;font-family: Lato, sans-serif;font-weight: bold;line-height: 3rem;color: var(--dark-grey3);font-size: 22px;font-style: normal;letter-spacing: normal;text-align: start;text-indent: 0px;text-transform: none\">Informa\u00e7\u00f5es t\u00e9cnicas<\/h4>\n<p><span style=\"margin: 0px;padding: 0px;font-weight: 450;font-size: 14px;line-height: 21px;color: var(--dark-grey2);font-family: Lato, sans-serif;font-style: normal;letter-spacing: normal;text-align: start;text-indent: 0px;text-transform: none\">Produto: Cadeado para Bicicleta<br \/>\nMarca: Brasfort<br \/>\nMaterial: Lat\u00e3o Maci\u00e7o revestido com capa pl\u00e1stica<br \/>\nCor: Preto<br \/>\nCaracter\u00edsticas: Trava antifurto com cabo blindado<br \/>\nHaste em a\u00e7o cromado<br \/>\nQuantidade de Pe\u00e7as: 3<br \/>\nItens Inclusos: 1 Cadeado para bicicleta<br \/>\n2 chaves<br \/>\nDimens\u00f5es (L): 1m<br \/>\n<\/span><\/p>\n","protected":false},"featured_media":21772,"template":"","meta":{"_joinchat":[]},"product_brand":[],"product_cat":[161],"product_tag":[],"class_list":{"0":"post-21710","1":"product","2":"type-product","3":"status-publish","4":"has-post-thumbnail","6":"product_cat-seguranca","8":"first","9":"outofstock","10":"shipping-taxable","11":"product-type-simple"},"_links":{"self":[{"href":"https:\/\/www.multicasa.com.br\/inicio\/wp-json\/wp\/v2\/product\/21710","targetHints":{"allow":["GET"]}}],"collection":[{"href":"https:\/\/www.multicasa.com.br\/inicio\/wp-json\/wp\/v2\/product"}],"about":[{"href":"https:\/\/www.multicasa.com.br\/inicio\/wp-json\/wp\/v2\/types\/product"}],"wp:featuredmedia":[{"embeddable":true,"href":"https:\/\/www.multicasa.com.br\/inicio\/wp-json\/wp\/v2\/media\/21772"}],"wp:attachment":[{"href":"https:\/\/www.multicasa.com.br\/inicio\/wp-json\/wp\/v2\/media?parent=21710"}],"wp:term":[{"taxonomy":"product_brand","embeddable":true,"href":"https:\/\/www.multicasa.com.br\/inicio\/wp-json\/wp\/v2\/product_brand?post=21710"},{"taxonomy":"product_cat","embeddable":true,"href":"https:\/\/www.multicasa.com.br\/inicio\/wp-json\/wp\/v2\/product_cat?post=21710"},{"taxonomy":"product_tag","embeddable":true,"href":"https:\/\/www.multicasa.com.br\/inicio\/wp-json\/wp\/v2\/product_tag?post=21710"}],"curies":[{"name":"wp","href":"https:\/\/api.w.org\/{rel}","templated":true}]}}