{"id":21727,"date":"2025-06-20T20:24:02","date_gmt":"2025-06-21T00:24:02","guid":{"rendered":"https:\/\/www.multicasa.com.br\/inicio\/?post_type=product&#038;p=21727"},"modified":"2025-10-08T15:34:25","modified_gmt":"2025-10-08T19:34:25","slug":"barra-de-aco-para-cozinha-com-6-ganchos-future-45cm","status":"publish","type":"product","link":"https:\/\/www.multicasa.com.br\/inicio\/produto\/barra-de-aco-para-cozinha-com-6-ganchos-future-45cm\/","title":{"rendered":"Barra de A\u00e7o para Cozinha com 6 ganchos Future 45cm"},"content":{"rendered":"<p>Com 45cm e feita de a\u00e7o cromado, a Barra de A\u00e7o para Cozinha possui 6 ganchos para voc\u00ea organizar os utens\u00edlios necess\u00e1rios com praticidade e t\u00ea-los sempre \u00e0 m\u00e3o quando precisar. Com design elegante, pode ser pendurada em diversos ambientes. Acompanha 1 kit para fixa\u00e7\u00e3o.<\/p>\n","protected":false},"excerpt":{"rendered":"<h4 style=\"margin: 0px;padding: 0px 0px 16px;font-family: Lato, sans-serif;font-weight: bold;line-height: 3rem;color: var(--dark-grey3);font-size: 22px;font-style: normal;letter-spacing: normal;text-align: start;text-indent: 0px;text-transform: none\">Informa\u00e7\u00f5es t\u00e9cnicas<\/h4>\n<p><span style=\"margin: 0px;padding: 0px;font-weight: 450;font-size: 14px;line-height: 21px;color: var(--dark-grey2);font-family: Lato, sans-serif;font-style: normal;letter-spacing: normal;text-align: start;text-indent: 0px;text-transform: none\">Produto: Barra de A\u00e7o Cromado<br \/>\nMarca: Future<br \/>\nMaterial: A\u00e7o Cromado<br \/>\nCor: prata<br \/>\nQuantidade de pe\u00e7as: 8<br \/>\nItens Inclusos: 1 Barra de A\u00e7o Cromado<br \/>\n1 Kit para fixa\u00e7\u00e3o na parede.<br \/>\n6 Ganchos para pendurar utens\u00edlios<br \/>\nDimens\u00f5es do produto (A x P x C): 1,5 x 4 x 45cm<\/span><\/p>\n","protected":false},"featured_media":21774,"template":"","meta":{"_joinchat":[]},"product_brand":[],"product_cat":[93],"product_tag":[],"class_list":{"0":"post-21727","1":"product","2":"type-product","3":"status-publish","4":"has-post-thumbnail","6":"product_cat-utensilios-para-cozinha","8":"first","9":"outofstock","10":"shipping-taxable","11":"purchasable","12":"product-type-simple"},"_links":{"self":[{"href":"https:\/\/www.multicasa.com.br\/inicio\/wp-json\/wp\/v2\/product\/21727","targetHints":{"allow":["GET"]}}],"collection":[{"href":"https:\/\/www.multicasa.com.br\/inicio\/wp-json\/wp\/v2\/product"}],"about":[{"href":"https:\/\/www.multicasa.com.br\/inicio\/wp-json\/wp\/v2\/types\/product"}],"wp:featuredmedia":[{"embeddable":true,"href":"https:\/\/www.multicasa.com.br\/inicio\/wp-json\/wp\/v2\/media\/21774"}],"wp:attachment":[{"href":"https:\/\/www.multicasa.com.br\/inicio\/wp-json\/wp\/v2\/media?parent=21727"}],"wp:term":[{"taxonomy":"product_brand","embeddable":true,"href":"https:\/\/www.multicasa.com.br\/inicio\/wp-json\/wp\/v2\/product_brand?post=21727"},{"taxonomy":"product_cat","embeddable":true,"href":"https:\/\/www.multicasa.com.br\/inicio\/wp-json\/wp\/v2\/product_cat?post=21727"},{"taxonomy":"product_tag","embeddable":true,"href":"https:\/\/www.multicasa.com.br\/inicio\/wp-json\/wp\/v2\/product_tag?post=21727"}],"curies":[{"name":"wp","href":"https:\/\/api.w.org\/{rel}","templated":true}]}}