{"id":21732,"date":"2025-06-20T20:24:03","date_gmt":"2025-06-21T00:24:03","guid":{"rendered":"https:\/\/www.multicasa.com.br\/inicio\/?post_type=product&#038;p=21732"},"modified":"2025-08-18T04:03:27","modified_gmt":"2025-08-18T08:03:27","slug":"protetor-de-pia-em-silicone-duraflex","status":"publish","type":"product","link":"https:\/\/www.multicasa.com.br\/inicio\/produto\/protetor-de-pia-em-silicone-duraflex\/","title":{"rendered":"Protetor de Pia em Silicone Duraflex"},"content":{"rendered":"<p>O Protetor de Pia em Silicone da Duraflex \u00e9 ideal para que voc\u00ea apoie panelas e outros utens\u00edlios na hora de lavar, evitando que arranhe a superf\u00edcie da sua pia. Tem \u00f3tima ader\u00eancia, o que evita acidentes na sua cozinha, \u00e9 flex\u00edvel e de f\u00e1cil higieniza\u00e7\u00e3o. Tem dimens\u00f5es de 33 x 15 cm e \u00e9 um objeto indispens\u00e1vel no cuidado com a sua casa.<\/p>\n","protected":false},"excerpt":{"rendered":"<h4 style=\"margin: 0px;padding: 0px 0px 16px;font-family: Lato, sans-serif;font-weight: bold;line-height: 3rem;color: var(--dark-grey3);font-size: 22px;font-style: normal;letter-spacing: normal;text-align: start;text-indent: 0px;text-transform: none\">Informa\u00e7\u00f5es t\u00e9cnicas<\/h4>\n<p><span style=\"margin: 0px;padding: 0px;font-weight: 450;font-size: 14px;line-height: 21px;color: var(--dark-grey2);font-family: Lato, sans-serif;font-style: normal;letter-spacing: normal;text-align: start;text-indent: 0px;text-transform: none\">Produto: Protetor de Pia<br \/>\nMarca: Duraflex<br \/>\nMaterial: Silicone<br \/>\nCor:<br \/>\nCaracter\u00edsticas: Flex\u00edvel<br \/>\nAderente<br \/>\nItens Inclusos: 1 protetor de pia<br \/>\nDimens\u00f5es do produto (L X P): 33 x 15cm<\/span><\/p>\n","protected":false},"featured_media":25859,"template":"","meta":{"_joinchat":[]},"product_brand":[],"product_cat":[93],"product_tag":[],"class_list":{"0":"post-21732","1":"product","2":"type-product","3":"status-publish","4":"has-post-thumbnail","6":"product_cat-utensilios-para-cozinha","8":"first","9":"outofstock","10":"shipping-taxable","11":"purchasable","12":"product-type-simple"},"_links":{"self":[{"href":"https:\/\/www.multicasa.com.br\/inicio\/wp-json\/wp\/v2\/product\/21732","targetHints":{"allow":["GET"]}}],"collection":[{"href":"https:\/\/www.multicasa.com.br\/inicio\/wp-json\/wp\/v2\/product"}],"about":[{"href":"https:\/\/www.multicasa.com.br\/inicio\/wp-json\/wp\/v2\/types\/product"}],"wp:featuredmedia":[{"embeddable":true,"href":"https:\/\/www.multicasa.com.br\/inicio\/wp-json\/wp\/v2\/media\/25859"}],"wp:attachment":[{"href":"https:\/\/www.multicasa.com.br\/inicio\/wp-json\/wp\/v2\/media?parent=21732"}],"wp:term":[{"taxonomy":"product_brand","embeddable":true,"href":"https:\/\/www.multicasa.com.br\/inicio\/wp-json\/wp\/v2\/product_brand?post=21732"},{"taxonomy":"product_cat","embeddable":true,"href":"https:\/\/www.multicasa.com.br\/inicio\/wp-json\/wp\/v2\/product_cat?post=21732"},{"taxonomy":"product_tag","embeddable":true,"href":"https:\/\/www.multicasa.com.br\/inicio\/wp-json\/wp\/v2\/product_tag?post=21732"}],"curies":[{"name":"wp","href":"https:\/\/api.w.org\/{rel}","templated":true}]}}