{"id":21753,"date":"2025-06-20T20:24:26","date_gmt":"2025-06-21T00:24:26","guid":{"rendered":"https:\/\/www.multicasa.com.br\/inicio\/?post_type=product&#038;p=21753"},"modified":"2025-06-20T20:25:16","modified_gmt":"2025-06-21T00:25:16","slug":"pote-de-plastico-com-3-divisorias-nitronplast-11l","status":"publish","type":"product","link":"https:\/\/www.multicasa.com.br\/inicio\/produto\/pote-de-plastico-com-3-divisorias-nitronplast-11l\/","title":{"rendered":"Pote de Pl\u00e1stico Com 3 Divis\u00f3rias Nitronplast 1,1L"},"content":{"rendered":"<p>O Pote com 3 Divis\u00f3rias Nitronplast, produzido em pl\u00e1stico \u00e9 perfeito para voc\u00ea guardar e armazenar seus alimentos com muita facilidade, podendo ir ao freezer, lava lou\u00e7as e micro-ondas. Possui capacidade para 1,1L e suas 3 divis\u00f3rias s\u00e3o ideias para guardar o que voc\u00ea precisa. O pote \u00e9 perfeito para deixar sua cozinha limpa e organizada.<\/p>\n","protected":false},"excerpt":{"rendered":"<h4 style=\"margin: 0px;padding: 0px 0px 16px;font-family: Lato, sans-serif;font-weight: bold;line-height: 3rem;color: var(--dark-grey3);font-size: 22px;font-style: normal;letter-spacing: normal;text-align: start;text-indent: 0px;text-transform: none\">Informa\u00e7\u00f5es t\u00e9cnicas<\/h4>\n<p><span style=\"margin: 0px;padding: 0px;font-weight: 450;font-size: 14px;line-height: 21px;color: var(--dark-grey2);font-family: Lato, sans-serif;font-style: normal;letter-spacing: normal;text-align: start;text-indent: 0px;text-transform: none\">Produto: Pote<br \/>\nMarca: Nitronplast<br \/>\nMaterial: Pl\u00e1stico<br \/>\nCor: Incolor<br \/>\nCapacidade: 1,1L<br \/>\nCaracter\u00edsticas: 3 divis\u00f3rias<br \/>\nPode ir no micro-ondas<br \/>\nPode ir no freezer<br \/>\nPode ir na lava lou\u00e7as<br \/>\nItens Inclusos: 1 pote<br \/>\nDimens\u00f5es do produto (A X L): 6,5 x 14cm<\/span><\/p>\n","protected":false},"featured_media":21809,"template":"","meta":{"_joinchat":[]},"product_brand":[],"product_cat":[93],"product_tag":[],"class_list":{"0":"post-21753","1":"product","2":"type-product","3":"status-publish","4":"has-post-thumbnail","6":"product_cat-utensilios-para-cozinha","8":"first","9":"outofstock","10":"shipping-taxable","11":"product-type-simple"},"_links":{"self":[{"href":"https:\/\/www.multicasa.com.br\/inicio\/wp-json\/wp\/v2\/product\/21753","targetHints":{"allow":["GET"]}}],"collection":[{"href":"https:\/\/www.multicasa.com.br\/inicio\/wp-json\/wp\/v2\/product"}],"about":[{"href":"https:\/\/www.multicasa.com.br\/inicio\/wp-json\/wp\/v2\/types\/product"}],"wp:featuredmedia":[{"embeddable":true,"href":"https:\/\/www.multicasa.com.br\/inicio\/wp-json\/wp\/v2\/media\/21809"}],"wp:attachment":[{"href":"https:\/\/www.multicasa.com.br\/inicio\/wp-json\/wp\/v2\/media?parent=21753"}],"wp:term":[{"taxonomy":"product_brand","embeddable":true,"href":"https:\/\/www.multicasa.com.br\/inicio\/wp-json\/wp\/v2\/product_brand?post=21753"},{"taxonomy":"product_cat","embeddable":true,"href":"https:\/\/www.multicasa.com.br\/inicio\/wp-json\/wp\/v2\/product_cat?post=21753"},{"taxonomy":"product_tag","embeddable":true,"href":"https:\/\/www.multicasa.com.br\/inicio\/wp-json\/wp\/v2\/product_tag?post=21753"}],"curies":[{"name":"wp","href":"https:\/\/api.w.org\/{rel}","templated":true}]}}