{"id":21756,"date":"2025-06-20T20:24:27","date_gmt":"2025-06-21T00:24:27","guid":{"rendered":"https:\/\/www.multicasa.com.br\/inicio\/?post_type=product&#038;p=21756"},"modified":"2025-12-16T19:26:25","modified_gmt":"2025-12-16T23:26:25","slug":"cadeado-de-latao-sm-dourado-pado-20mm","status":"publish","type":"product","link":"https:\/\/www.multicasa.com.br\/inicio\/produto\/cadeado-de-latao-sm-dourado-pado-20mm\/","title":{"rendered":"Cadeado de Lat\u00e3o SM Dourado Pado 20mm"},"content":{"rendered":"<p>Tranque ba\u00fas, arm\u00e1rios, caixas de ferramentas, malas e outros objetos com o cadeado de lat\u00e3o SM de 20mm da Pado. Com corpo em lat\u00e3o maci\u00e7o, tem corpo dourado e haste de a\u00e7o. Oferece total seguran\u00e7a e qualidade. Acompanha 2 chaves de lat\u00e3o.<\/p>\n","protected":false},"excerpt":{"rendered":"<h4 style=\"margin: 0px;padding: 0px 0px 16px;font-family: Lato, sans-serif;font-weight: bold;line-height: 3rem;color: var(--dark-grey3);font-size: 22px;font-style: normal;letter-spacing: normal;text-align: start;text-indent: 0px;text-transform: none\">Informa\u00e7\u00f5es t\u00e9cnicas<\/h4>\n<p><span style=\"margin: 0px;padding: 0px;font-weight: 450;font-size: 14px;line-height: 21px;color: var(--dark-grey2);font-family: Lato, sans-serif;font-style: normal;letter-spacing: normal;text-align: start;text-indent: 0px;text-transform: none\">Produto: Cadeado<br \/>\nMarca: Pado<br \/>\nMaterial: Lat\u00e3o Maci\u00e7o<br \/>\nCor: Dourado<br \/>\nCaracter\u00edsticas: Haste em a\u00e7o cromado<br \/>\nQuantidade de Pe\u00e7as: 3<br \/>\nItens Inclusos: 1 Cadeado<br \/>\n2 chaves<br \/>\nDimens\u00f5es (A): 20mm<br \/>\n<\/span><\/p>\n","protected":false},"featured_media":21813,"template":"","meta":{"_joinchat":[]},"product_brand":[],"product_cat":[161],"product_tag":[],"class_list":{"0":"post-21756","1":"product","2":"type-product","3":"status-publish","4":"has-post-thumbnail","6":"product_cat-seguranca","8":"first","9":"outofstock","10":"shipping-taxable","11":"product-type-simple"},"_links":{"self":[{"href":"https:\/\/www.multicasa.com.br\/inicio\/wp-json\/wp\/v2\/product\/21756","targetHints":{"allow":["GET"]}}],"collection":[{"href":"https:\/\/www.multicasa.com.br\/inicio\/wp-json\/wp\/v2\/product"}],"about":[{"href":"https:\/\/www.multicasa.com.br\/inicio\/wp-json\/wp\/v2\/types\/product"}],"wp:featuredmedia":[{"embeddable":true,"href":"https:\/\/www.multicasa.com.br\/inicio\/wp-json\/wp\/v2\/media\/21813"}],"wp:attachment":[{"href":"https:\/\/www.multicasa.com.br\/inicio\/wp-json\/wp\/v2\/media?parent=21756"}],"wp:term":[{"taxonomy":"product_brand","embeddable":true,"href":"https:\/\/www.multicasa.com.br\/inicio\/wp-json\/wp\/v2\/product_brand?post=21756"},{"taxonomy":"product_cat","embeddable":true,"href":"https:\/\/www.multicasa.com.br\/inicio\/wp-json\/wp\/v2\/product_cat?post=21756"},{"taxonomy":"product_tag","embeddable":true,"href":"https:\/\/www.multicasa.com.br\/inicio\/wp-json\/wp\/v2\/product_tag?post=21756"}],"curies":[{"name":"wp","href":"https:\/\/api.w.org\/{rel}","templated":true}]}}