{"id":21763,"date":"2025-06-20T20:24:28","date_gmt":"2025-06-21T00:24:28","guid":{"rendered":"https:\/\/www.multicasa.com.br\/inicio\/?post_type=product&#038;p=21763"},"modified":"2025-06-20T20:25:36","modified_gmt":"2025-06-21T00:25:36","slug":"torradeira-cadence-preta-tor104-750w-127v","status":"publish","type":"product","link":"https:\/\/www.multicasa.com.br\/inicio\/produto\/torradeira-cadence-preta-tor104-750w-127v\/","title":{"rendered":"Torradeira Cadence Preta TOR104 750W &#8211; 127V"},"content":{"rendered":"<p>A nova Torradeira Cadence \u00e9 ideal para seu caf\u00e9 da manh\u00e3 em fam\u00edlia ou individual. Com design diferenciado, \u00e9 vers\u00e1til e potente, ajudando a come\u00e7ar seu dia de maneira ainda mais saborosa. Possui 7 n\u00edveis de temperatura que permitem escolher o grau de tostagem do p\u00e3o. Suas aberturas largas comportam p\u00e3es de variados tamanhos e espessuras. Permite regular a tostagem conforme a prefer\u00eancia. Eje\u00e7\u00e3o autom\u00e1tica do p\u00e3o e bot\u00e3o de cancelamento. Possui alavanca de acionamento.<\/p>\n","protected":false},"excerpt":{"rendered":"<h4 style=\"margin: 0px;padding: 0px 0px 16px;font-family: Lato, sans-serif;font-weight: bold;line-height: 3rem;color: var(--dark-grey3);font-size: 22px;font-style: normal;letter-spacing: normal;text-align: start;text-indent: 0px;text-transform: none\">Informa\u00e7\u00f5es t\u00e9cnicas<\/h4>\n<p><span style=\"margin: 0px;padding: 0px;font-weight: 450;font-size: 14px;line-height: 21px;color: var(--dark-grey2);font-family: Lato, sans-serif;font-style: normal;letter-spacing: normal;text-align: start;text-indent: 0px;text-transform: none\">Produto: Torradeira<br \/>\nMarca: Cadence<br \/>\nModelo: TOR104<br \/>\nMaterial:<br \/>\nCor: Preta<br \/>\nPot\u00eancia: 750w<br \/>\nTens\u00e3o el\u00e9trica: 127v<br \/>\nConsumo: 0,75kWh<br \/>\nCaracter\u00edsticas: 7 n\u00edveis de temperatura, 2 aberturas, design diferenciado<br \/>\nItens Inclusos: 1 torradeira<br \/>\nDimens\u00f5es do produto (A X L X P): 15 x 10,3 x 24cm<br \/>\nPeso: 677g<br \/>\nGarantia: 6 meses<br \/>\nOCP: 0040<\/span><\/p>\n","protected":false},"featured_media":21822,"template":"","meta":{"_joinchat":[]},"product_brand":[],"product_cat":[93],"product_tag":[],"class_list":{"0":"post-21763","1":"product","2":"type-product","3":"status-publish","4":"has-post-thumbnail","6":"product_cat-utensilios-para-cozinha","8":"first","9":"outofstock","10":"shipping-taxable","11":"product-type-simple"},"_links":{"self":[{"href":"https:\/\/www.multicasa.com.br\/inicio\/wp-json\/wp\/v2\/product\/21763","targetHints":{"allow":["GET"]}}],"collection":[{"href":"https:\/\/www.multicasa.com.br\/inicio\/wp-json\/wp\/v2\/product"}],"about":[{"href":"https:\/\/www.multicasa.com.br\/inicio\/wp-json\/wp\/v2\/types\/product"}],"wp:featuredmedia":[{"embeddable":true,"href":"https:\/\/www.multicasa.com.br\/inicio\/wp-json\/wp\/v2\/media\/21822"}],"wp:attachment":[{"href":"https:\/\/www.multicasa.com.br\/inicio\/wp-json\/wp\/v2\/media?parent=21763"}],"wp:term":[{"taxonomy":"product_brand","embeddable":true,"href":"https:\/\/www.multicasa.com.br\/inicio\/wp-json\/wp\/v2\/product_brand?post=21763"},{"taxonomy":"product_cat","embeddable":true,"href":"https:\/\/www.multicasa.com.br\/inicio\/wp-json\/wp\/v2\/product_cat?post=21763"},{"taxonomy":"product_tag","embeddable":true,"href":"https:\/\/www.multicasa.com.br\/inicio\/wp-json\/wp\/v2\/product_tag?post=21763"}],"curies":[{"name":"wp","href":"https:\/\/api.w.org\/{rel}","templated":true}]}}