{"id":21782,"date":"2025-06-20T20:24:50","date_gmt":"2025-06-21T00:24:50","guid":{"rendered":"https:\/\/www.multicasa.com.br\/inicio\/?post_type=product&#038;p=21782"},"modified":"2025-06-20T20:25:51","modified_gmt":"2025-06-21T00:25:51","slug":"porta-talheres-redondo-em-inox-uny-gift-3-pecas","status":"publish","type":"product","link":"https:\/\/www.multicasa.com.br\/inicio\/produto\/porta-talheres-redondo-em-inox-uny-gift-3-pecas\/","title":{"rendered":"Porta Talheres Redondo em Inox Uny Gift 3 Pe\u00e7as"},"content":{"rendered":"<p>O Porta Talheres Redondo Uny Gift conta com 3 lindas pe\u00e7as em a\u00e7o escovado e corpo vazado, ideal para guardar ou escorrer talheres. Tamb\u00e9m pode ser usado como vaso, organizador, etc.<\/p>\n","protected":false},"excerpt":{"rendered":"<h4 style=\"margin: 0px;padding: 0px 0px 16px;font-family: Lato, sans-serif;font-weight: bold;line-height: 3rem;color: var(--dark-grey3);font-size: 22px;font-style: normal;letter-spacing: normal;text-align: start;text-indent: 0px;text-transform: none\">Informa\u00e7\u00f5es t\u00e9cnicas<\/h4>\n<p><span style=\"margin: 0px;padding: 0px;font-weight: 450;font-size: 14px;line-height: 21px;color: var(--dark-grey2);font-family: Lato, sans-serif;font-style: normal;letter-spacing: normal;text-align: start;text-indent: 0px;text-transform: none\">Produto: Porta talher<br \/>\nMarca: Uny Gift<br \/>\nMaterial: Inox<br \/>\nAcabamento: Escovado<br \/>\nCor: Prata<br \/>\nItens Inclusos: 3 porta talheres<br \/>\nDimens\u00f5es do produto (A X L): 10,5 X 11,5cm<br \/>\n11,7 X 12,4cm<br \/>\n11 X 11,4cm<\/span><\/p>\n","protected":false},"featured_media":21844,"template":"","meta":{"_joinchat":[]},"product_brand":[],"product_cat":[93],"product_tag":[],"class_list":{"0":"post-21782","1":"product","2":"type-product","3":"status-publish","4":"has-post-thumbnail","6":"product_cat-utensilios-para-cozinha","8":"first","9":"outofstock","10":"shipping-taxable","11":"product-type-simple"},"_links":{"self":[{"href":"https:\/\/www.multicasa.com.br\/inicio\/wp-json\/wp\/v2\/product\/21782","targetHints":{"allow":["GET"]}}],"collection":[{"href":"https:\/\/www.multicasa.com.br\/inicio\/wp-json\/wp\/v2\/product"}],"about":[{"href":"https:\/\/www.multicasa.com.br\/inicio\/wp-json\/wp\/v2\/types\/product"}],"wp:featuredmedia":[{"embeddable":true,"href":"https:\/\/www.multicasa.com.br\/inicio\/wp-json\/wp\/v2\/media\/21844"}],"wp:attachment":[{"href":"https:\/\/www.multicasa.com.br\/inicio\/wp-json\/wp\/v2\/media?parent=21782"}],"wp:term":[{"taxonomy":"product_brand","embeddable":true,"href":"https:\/\/www.multicasa.com.br\/inicio\/wp-json\/wp\/v2\/product_brand?post=21782"},{"taxonomy":"product_cat","embeddable":true,"href":"https:\/\/www.multicasa.com.br\/inicio\/wp-json\/wp\/v2\/product_cat?post=21782"},{"taxonomy":"product_tag","embeddable":true,"href":"https:\/\/www.multicasa.com.br\/inicio\/wp-json\/wp\/v2\/product_tag?post=21782"}],"curies":[{"name":"wp","href":"https:\/\/api.w.org\/{rel}","templated":true}]}}