{"id":21785,"date":"2025-06-20T20:24:50","date_gmt":"2025-06-21T00:24:50","guid":{"rendered":"https:\/\/www.multicasa.com.br\/inicio\/?post_type=product&#038;p=21785"},"modified":"2025-06-20T20:25:58","modified_gmt":"2025-06-21T00:25:58","slug":"gancho-adesivo-medio-de-plastico-preto-command-3m","status":"publish","type":"product","link":"https:\/\/www.multicasa.com.br\/inicio\/produto\/gancho-adesivo-medio-de-plastico-preto-command-3m\/","title":{"rendered":"Gancho Adesivo M\u00e9dio de Pl\u00e1stico Preto Command 3M"},"content":{"rendered":"<p>O gancho adesivo de pl\u00e1stico preto Scotch 3M \u00e9 ideal para pendurar panos de prato, chap\u00e9us, len\u00e7os e outros acess\u00f3rios sem precisar furar as paredes da casa. Voc\u00ea pode re\u00fatiliz\u00e1-lo em outros c\u00f4modos ou ambientes sem danificar as superf\u00edcies ao remov\u00ea-lo gra\u00e7as a sua tecnologia exclusiva de fixa\u00e7\u00e3o. Pendure o que voc\u00ea quiser com praticidade e sem furos.<\/p>\n","protected":false},"excerpt":{"rendered":"<h4 style=\"margin: 0px;padding: 0px 0px 16px;font-family: Lato, sans-serif;font-weight: bold;line-height: 3rem;color: var(--dark-grey3);font-size: 22px;font-style: normal;letter-spacing: normal;text-align: start;text-indent: 0px;text-transform: none\">Informa\u00e7\u00f5es t\u00e9cnicas<\/h4>\n<p><span style=\"margin: 0px;padding: 0px;font-weight: 450;font-size: 14px;line-height: 21px;color: var(--dark-grey2);font-family: Lato, sans-serif;font-style: normal;letter-spacing: normal;text-align: start;text-indent: 0px;text-transform: none\">Produto: Gancho<br \/>\nMarca: 3M<br \/>\nMaterial: Pl\u00e1stico;<br \/>\nAdesivo<br \/>\nCor: Preto<br \/>\nUso indicado: Fixar na parede, portas e arm\u00e1rios.<br \/>\nCaracter\u00edsticas: Tamanho M\u00e9dio<br \/>\nItens Inclusos: 1 gancho adesivo<br \/>\nDimens\u00f5es do produto (A x L): 17 x 9,4cm<br \/>\n<\/span><\/p>\n","protected":false},"featured_media":21845,"template":"","meta":{"_joinchat":[]},"product_brand":[],"product_cat":[162],"product_tag":[],"class_list":{"0":"post-21785","1":"product","2":"type-product","3":"status-publish","4":"has-post-thumbnail","6":"product_cat-colas-e-cia","8":"first","9":"outofstock","10":"shipping-taxable","11":"product-type-simple"},"_links":{"self":[{"href":"https:\/\/www.multicasa.com.br\/inicio\/wp-json\/wp\/v2\/product\/21785","targetHints":{"allow":["GET"]}}],"collection":[{"href":"https:\/\/www.multicasa.com.br\/inicio\/wp-json\/wp\/v2\/product"}],"about":[{"href":"https:\/\/www.multicasa.com.br\/inicio\/wp-json\/wp\/v2\/types\/product"}],"wp:featuredmedia":[{"embeddable":true,"href":"https:\/\/www.multicasa.com.br\/inicio\/wp-json\/wp\/v2\/media\/21845"}],"wp:attachment":[{"href":"https:\/\/www.multicasa.com.br\/inicio\/wp-json\/wp\/v2\/media?parent=21785"}],"wp:term":[{"taxonomy":"product_brand","embeddable":true,"href":"https:\/\/www.multicasa.com.br\/inicio\/wp-json\/wp\/v2\/product_brand?post=21785"},{"taxonomy":"product_cat","embeddable":true,"href":"https:\/\/www.multicasa.com.br\/inicio\/wp-json\/wp\/v2\/product_cat?post=21785"},{"taxonomy":"product_tag","embeddable":true,"href":"https:\/\/www.multicasa.com.br\/inicio\/wp-json\/wp\/v2\/product_tag?post=21785"}],"curies":[{"name":"wp","href":"https:\/\/api.w.org\/{rel}","templated":true}]}}