{"id":21803,"date":"2025-06-20T20:25:13","date_gmt":"2025-06-21T00:25:13","guid":{"rendered":"https:\/\/www.multicasa.com.br\/inicio\/?post_type=product&#038;p=21803"},"modified":"2025-06-20T20:26:17","modified_gmt":"2025-06-21T00:26:17","slug":"protetor-anti-risco-quadrado-em-feltro-branco-gg-scotch-3m-4-unidades","status":"publish","type":"product","link":"https:\/\/www.multicasa.com.br\/inicio\/produto\/protetor-anti-risco-quadrado-em-feltro-branco-gg-scotch-3m-4-unidades\/","title":{"rendered":"Protetor Anti-risco Quadrado em Feltro Branco GG Scotch 3M &#8211; 4 unidades"},"content":{"rendered":"<p>Aplique o protetor anti-risco quadrado em feltro branco Scotch 3M e proteja pisos, paredes e outras superf\u00edcies de riscos, marcas e ru\u00eddos. De tamanho GG, a embalagem \u00e9 composta por 4 unidades que medem 38 mm cada, s\u00e3o produzidas sem resina, n\u00e3o riscam, n\u00e3o amarelam e t\u00eam qualidade comprovada. Aplique atr\u00e1s de ma\u00e7anetas, quadros, m\u00f3veis, estofados, lumin\u00e1rias e objetos de decora\u00e7\u00e3o.<\/p>\n","protected":false},"excerpt":{"rendered":"<h4 style=\"margin: 0px;padding: 0px 0px 16px;font-family: Lato, sans-serif;font-weight: bold;line-height: 3rem;color: var(--dark-grey3);font-size: 22px;font-style: normal;letter-spacing: normal;text-align: start;text-indent: 0px;text-transform: none\">Informa\u00e7\u00f5es t\u00e9cnicas<\/h4>\n<p><span style=\"margin: 0px;padding: 0px;font-weight: 450;font-size: 14px;line-height: 21px;color: var(--dark-grey2);font-family: Lato, sans-serif;font-style: normal;letter-spacing: normal;text-align: start;text-indent: 0px;text-transform: none\">Produto: Protetor Anti-risco<br \/>\nMarca: 3M<br \/>\nMaterial: 100% Feltro<br \/>\nCor: Branco<br \/>\nCaracter\u00edsticas: Quadrado<br \/>\nAuto adesivos<br \/>\nN\u00e3o riscam<br \/>\nSuper macios<br \/>\nQuantidade de Pe\u00e7as: 4<br \/>\nItens inclusos: 4 Protetores Anti-risco<br \/>\nDimens\u00f5es do produto (A X L): 38 x 38mm<br \/>\n<\/span><\/p>\n","protected":false},"featured_media":21866,"template":"","meta":{"_joinchat":[]},"product_brand":[],"product_cat":[162],"product_tag":[],"class_list":{"0":"post-21803","1":"product","2":"type-product","3":"status-publish","4":"has-post-thumbnail","6":"product_cat-colas-e-cia","8":"first","9":"outofstock","10":"shipping-taxable","11":"product-type-simple"},"_links":{"self":[{"href":"https:\/\/www.multicasa.com.br\/inicio\/wp-json\/wp\/v2\/product\/21803","targetHints":{"allow":["GET"]}}],"collection":[{"href":"https:\/\/www.multicasa.com.br\/inicio\/wp-json\/wp\/v2\/product"}],"about":[{"href":"https:\/\/www.multicasa.com.br\/inicio\/wp-json\/wp\/v2\/types\/product"}],"wp:featuredmedia":[{"embeddable":true,"href":"https:\/\/www.multicasa.com.br\/inicio\/wp-json\/wp\/v2\/media\/21866"}],"wp:attachment":[{"href":"https:\/\/www.multicasa.com.br\/inicio\/wp-json\/wp\/v2\/media?parent=21803"}],"wp:term":[{"taxonomy":"product_brand","embeddable":true,"href":"https:\/\/www.multicasa.com.br\/inicio\/wp-json\/wp\/v2\/product_brand?post=21803"},{"taxonomy":"product_cat","embeddable":true,"href":"https:\/\/www.multicasa.com.br\/inicio\/wp-json\/wp\/v2\/product_cat?post=21803"},{"taxonomy":"product_tag","embeddable":true,"href":"https:\/\/www.multicasa.com.br\/inicio\/wp-json\/wp\/v2\/product_tag?post=21803"}],"curies":[{"name":"wp","href":"https:\/\/api.w.org\/{rel}","templated":true}]}}