{"id":21854,"date":"2025-06-20T20:26:01","date_gmt":"2025-06-21T00:26:01","guid":{"rendered":"https:\/\/www.multicasa.com.br\/inicio\/?post_type=product&#038;p=21854"},"modified":"2025-12-16T19:30:06","modified_gmt":"2025-12-16T23:30:06","slug":"protetor-anti-impacto-redondo-m-scotch-3m-12-unidades","status":"publish","type":"product","link":"https:\/\/www.multicasa.com.br\/inicio\/produto\/protetor-anti-impacto-redondo-m-scotch-3m-12-unidades\/","title":{"rendered":"Protetor Anti-impacto Redondo M Scotch 3M &#8211; 12 unidades"},"content":{"rendered":"<p>Aplique o protetor anti-impacto redondo Scotch 3M atr\u00e1s de portas, em paredes, ma\u00e7anetas, tampas, gavetas e outros lugares. Feito de PVC, tem tamanho M, \u00e9 ideal para proteger superf\u00edcies de impactos e tamb\u00e9m pode ser fixado em tampos de mesa, eletrodom\u00e9sticos, computadores e objetos em geral. Cartela com 12 unidades.<\/p>\n","protected":false},"excerpt":{"rendered":"<h4 style=\"margin: 0px;padding: 0px 0px 16px;font-family: Lato, sans-serif;font-weight: bold;line-height: 3rem;color: var(--dark-grey3);font-size: 22px;font-style: normal;letter-spacing: normal;text-align: start;text-indent: 0px;text-transform: none\">Informa\u00e7\u00f5es t\u00e9cnicas<\/h4>\n<p><span style=\"margin: 0px;padding: 0px;font-weight: 450;font-size: 14px;line-height: 21px;color: var(--dark-grey2);font-family: Lato, sans-serif;font-style: normal;letter-spacing: normal;text-align: start;text-indent: 0px;text-transform: none\">Produto: Protetor Anti-impacto<br \/>\nMarca: 3M<br \/>\nMaterial: Pvc<br \/>\nCor: Incolor<br \/>\nCaracter\u00edsticas: Transparente<br \/>\nRedondo<br \/>\nN\u00e3o deforma<br \/>\nN\u00e3o amarela<br \/>\nSuper forte<br \/>\nQuantidade de Pe\u00e7as: 12<br \/>\nItens inclusos: 12 Protetores Anti-impacto<br \/>\nDimens\u00f5es do produto (A X L X P): 10 x 10 x 4mm<br \/>\n<\/span><\/p>\n","protected":false},"featured_media":21944,"template":"","meta":{"_joinchat":[]},"product_brand":[],"product_cat":[162],"product_tag":[],"class_list":{"0":"post-21854","1":"product","2":"type-product","3":"status-publish","4":"has-post-thumbnail","6":"product_cat-colas-e-cia","8":"first","9":"outofstock","10":"shipping-taxable","11":"purchasable","12":"product-type-simple"},"_links":{"self":[{"href":"https:\/\/www.multicasa.com.br\/inicio\/wp-json\/wp\/v2\/product\/21854","targetHints":{"allow":["GET"]}}],"collection":[{"href":"https:\/\/www.multicasa.com.br\/inicio\/wp-json\/wp\/v2\/product"}],"about":[{"href":"https:\/\/www.multicasa.com.br\/inicio\/wp-json\/wp\/v2\/types\/product"}],"wp:featuredmedia":[{"embeddable":true,"href":"https:\/\/www.multicasa.com.br\/inicio\/wp-json\/wp\/v2\/media\/21944"}],"wp:attachment":[{"href":"https:\/\/www.multicasa.com.br\/inicio\/wp-json\/wp\/v2\/media?parent=21854"}],"wp:term":[{"taxonomy":"product_brand","embeddable":true,"href":"https:\/\/www.multicasa.com.br\/inicio\/wp-json\/wp\/v2\/product_brand?post=21854"},{"taxonomy":"product_cat","embeddable":true,"href":"https:\/\/www.multicasa.com.br\/inicio\/wp-json\/wp\/v2\/product_cat?post=21854"},{"taxonomy":"product_tag","embeddable":true,"href":"https:\/\/www.multicasa.com.br\/inicio\/wp-json\/wp\/v2\/product_tag?post=21854"}],"curies":[{"name":"wp","href":"https:\/\/api.w.org\/{rel}","templated":true}]}}