{"id":21876,"date":"2025-06-20T20:26:25","date_gmt":"2025-06-21T00:26:25","guid":{"rendered":"https:\/\/www.multicasa.com.br\/inicio\/?post_type=product&#038;p=21876"},"modified":"2025-07-01T13:59:12","modified_gmt":"2025-07-01T17:59:12","slug":"tabua-de-carne-bambu-38x20cm-mor","status":"publish","type":"product","link":"https:\/\/www.multicasa.com.br\/inicio\/produto\/tabua-de-carne-bambu-38x20cm-mor\/","title":{"rendered":"T\u00e1bua de Carne Bambu 38x20cm Mor"},"content":{"rendered":"<p>A T\u00e1bua com Cabo Bamboo da Mor chega para completar sua cozinha, trazendo a praticidade que faltava. Seu cabo permite um manuseio mais seguro, facilitando quando for colocar peda\u00e7os de alimentos na panela ou depois de retirar do fogo. Destaque para o seu material, feito de bambu, ecologicamente correto, dur\u00e1vel e 30% mais leve que as outras madeiras. Medindo 38,5cm x 20,5cm, a t\u00e1bua possui sulcos nas bordas que evitam que qualquer l\u00edquido escorra e conta com um orif\u00edcio no cabo para que seja pendurada, facilitando sua localiza\u00e7\u00e3o na cozinha. Pr\u00e1tica e vers\u00e1til \u00e9 perfeita para as mais diversas ocasi\u00f5es, desde fatiar peda\u00e7os de p\u00e3o como a hora de cortar os peda\u00e7os de carne do churrasco.<\/p>\n","protected":false},"excerpt":{"rendered":"<h4 style=\"margin: 0px;padding: 0px 0px 16px;font-family: Lato, sans-serif;font-weight: bold;line-height: 3rem;color: var(--dark-grey3);font-size: 22px;font-style: normal;letter-spacing: normal;text-align: start;text-indent: 0px;text-transform: none\">Informa\u00e7\u00f5es t\u00e9cnicas<\/h4>\n<p><span style=\"margin: 0px;padding: 0px;font-weight: 450;font-size: 14px;line-height: 21px;color: var(--dark-grey2);font-family: Lato, sans-serif;font-style: normal;letter-spacing: normal;text-align: start;text-indent: 0px;text-transform: none\">Marca: Mor<br \/>\nModelo: 3355<br \/>\nCor: Marrom<br \/>\nMaterial: Bamboo<br \/>\nDimens\u00f5es: 38 x 20 cm<br \/>\nConte\u00fado da Embalagem: 01 T\u00e1bua Retangular para Corte Bamboo 38 x 20Cm 3355 &#8211; Mor<\/span><\/p>\n","protected":false},"featured_media":27501,"template":"","meta":{"_joinchat":[]},"product_brand":[],"product_cat":[93],"product_tag":[],"class_list":{"0":"post-21876","1":"product","2":"type-product","3":"status-publish","4":"has-post-thumbnail","6":"product_cat-utensilios-para-cozinha","8":"first","9":"outofstock","10":"shipping-taxable","11":"product-type-simple"},"_links":{"self":[{"href":"https:\/\/www.multicasa.com.br\/inicio\/wp-json\/wp\/v2\/product\/21876","targetHints":{"allow":["GET"]}}],"collection":[{"href":"https:\/\/www.multicasa.com.br\/inicio\/wp-json\/wp\/v2\/product"}],"about":[{"href":"https:\/\/www.multicasa.com.br\/inicio\/wp-json\/wp\/v2\/types\/product"}],"wp:featuredmedia":[{"embeddable":true,"href":"https:\/\/www.multicasa.com.br\/inicio\/wp-json\/wp\/v2\/media\/27501"}],"wp:attachment":[{"href":"https:\/\/www.multicasa.com.br\/inicio\/wp-json\/wp\/v2\/media?parent=21876"}],"wp:term":[{"taxonomy":"product_brand","embeddable":true,"href":"https:\/\/www.multicasa.com.br\/inicio\/wp-json\/wp\/v2\/product_brand?post=21876"},{"taxonomy":"product_cat","embeddable":true,"href":"https:\/\/www.multicasa.com.br\/inicio\/wp-json\/wp\/v2\/product_cat?post=21876"},{"taxonomy":"product_tag","embeddable":true,"href":"https:\/\/www.multicasa.com.br\/inicio\/wp-json\/wp\/v2\/product_tag?post=21876"}],"curies":[{"name":"wp","href":"https:\/\/api.w.org\/{rel}","templated":true}]}}