{"id":21906,"date":"2025-06-20T20:26:53","date_gmt":"2025-06-21T00:26:53","guid":{"rendered":"https:\/\/www.multicasa.com.br\/inicio\/?post_type=product&#038;p=21906"},"modified":"2025-06-20T20:28:34","modified_gmt":"2025-06-21T00:28:34","slug":"copo-medidor-de-vidro-nadir-350ml","status":"publish","type":"product","link":"https:\/\/www.multicasa.com.br\/inicio\/produto\/copo-medidor-de-vidro-nadir-350ml\/","title":{"rendered":"Copo Medidor de Vidro Nadir 350ml"},"content":{"rendered":"<p>Copo Medidor para medi\u00e7\u00e3o de mililitros, x\u00edcaras, chocolate em p\u00f3, farinha, a\u00e7\u00facar. Ideal para acertar a dosagem de ingredientes para as suas receitas. Confeccionado em vidro resistente, tem capacidade m\u00e1xima de 350ml.<\/p>\n","protected":false},"excerpt":{"rendered":"<h4 style=\"margin: 0px;padding: 0px 0px 16px;font-family: Lato, sans-serif;font-weight: bold;line-height: 3rem;color: var(--dark-grey3);font-size: 22px;font-style: normal;letter-spacing: normal;text-align: start;text-indent: 0px;text-transform: none\">Informa\u00e7\u00f5es t\u00e9cnicas<\/h4>\n<p><span style=\"margin: 0px;padding: 0px;font-weight: 450;font-size: 14px;line-height: 21px;color: var(--dark-grey2);font-family: Lato, sans-serif;font-style: normal;letter-spacing: normal;text-align: start;text-indent: 0px;text-transform: none\">Produto: Copo Medidor<br \/>\nMarca: Nadir<br \/>\nMaterial: Vidro<br \/>\nCor: incolor, laranja<br \/>\nCapacidade: 350ml<br \/>\nItens inclusos: 1 copo medidor<br \/>\nDimens\u00f5es do produto (A x L): 14 x 7cm<\/span><\/p>\n","protected":false},"featured_media":22004,"template":"","meta":{"_joinchat":[]},"product_brand":[],"product_cat":[93],"product_tag":[],"class_list":{"0":"post-21906","1":"product","2":"type-product","3":"status-publish","4":"has-post-thumbnail","6":"product_cat-utensilios-para-cozinha","8":"first","9":"outofstock","10":"shipping-taxable","11":"product-type-simple"},"_links":{"self":[{"href":"https:\/\/www.multicasa.com.br\/inicio\/wp-json\/wp\/v2\/product\/21906","targetHints":{"allow":["GET"]}}],"collection":[{"href":"https:\/\/www.multicasa.com.br\/inicio\/wp-json\/wp\/v2\/product"}],"about":[{"href":"https:\/\/www.multicasa.com.br\/inicio\/wp-json\/wp\/v2\/types\/product"}],"wp:featuredmedia":[{"embeddable":true,"href":"https:\/\/www.multicasa.com.br\/inicio\/wp-json\/wp\/v2\/media\/22004"}],"wp:attachment":[{"href":"https:\/\/www.multicasa.com.br\/inicio\/wp-json\/wp\/v2\/media?parent=21906"}],"wp:term":[{"taxonomy":"product_brand","embeddable":true,"href":"https:\/\/www.multicasa.com.br\/inicio\/wp-json\/wp\/v2\/product_brand?post=21906"},{"taxonomy":"product_cat","embeddable":true,"href":"https:\/\/www.multicasa.com.br\/inicio\/wp-json\/wp\/v2\/product_cat?post=21906"},{"taxonomy":"product_tag","embeddable":true,"href":"https:\/\/www.multicasa.com.br\/inicio\/wp-json\/wp\/v2\/product_tag?post=21906"}],"curies":[{"name":"wp","href":"https:\/\/api.w.org\/{rel}","templated":true}]}}