{"id":21928,"date":"2025-06-20T20:27:18","date_gmt":"2025-06-21T00:27:18","guid":{"rendered":"https:\/\/www.multicasa.com.br\/inicio\/?post_type=product&#038;p=21928"},"modified":"2026-01-15T15:00:31","modified_gmt":"2026-01-15T19:00:31","slug":"cadeado-de-latao-para-bicileta-azul-pado-30mm","status":"publish","type":"product","link":"https:\/\/www.multicasa.com.br\/inicio\/produto\/cadeado-de-latao-para-bicileta-azul-pado-30mm\/","title":{"rendered":"Cadeado de Lat\u00e3o para Bicileta Azul Pado 30mm"},"content":{"rendered":"<p>Use o cadeado de lat\u00e3o de 30mm para bicicletas da Pado para garantir seguran\u00e7a a sua bike se precisar deix\u00e1-la exposta. Revestido com capa pl\u00e1stica, tem 60 cm e est\u00e3o inclusas 2 chaves. Mais tranquilidade para voc\u00ea circular pelas ruas. <\/p>\n","protected":false},"excerpt":{"rendered":"<h4 style=\"margin: 0px;padding: 0px 0px 16px;font-family: Lato, sans-serif;font-weight: bold;line-height: 3rem;color: var(--dark-grey3);font-size: 22px;font-style: normal;letter-spacing: normal;text-align: start;text-indent: 0px;text-transform: none\">Informa\u00e7\u00f5es t\u00e9cnicas<\/h4>\n<p><span style=\"margin: 0px;padding: 0px;font-weight: 450;font-size: 14px;line-height: 21px;color: var(--dark-grey2);font-family: Lato, sans-serif;font-style: normal;letter-spacing: normal;text-align: start;text-indent: 0px;text-transform: none\">Produto: Cadeado para Bicicleta<br \/>\nMarca: Pado<br \/>\nMaterial: Lat\u00e3o Maci\u00e7o revestido com capa pl\u00e1stica<br \/>\nCor: Azul<br \/>\nCaracter\u00edsticas: Corpo robusto de lat\u00e3o maci\u00e7o<br \/>\nHaste em a\u00e7o cromado<br \/>\nQuantidade de Pe\u00e7as: 3<br \/>\nItens Inclusos: 1 Cadeado para bicicleta<br \/>\n2 chaves<br \/>\nDimens\u00f5es (L): 30mm<br \/>\n<\/span><\/p>\n","protected":false},"featured_media":22007,"template":"","meta":{"_joinchat":[]},"product_brand":[],"product_cat":[161],"product_tag":[],"class_list":{"0":"post-21928","1":"product","2":"type-product","3":"status-publish","4":"has-post-thumbnail","6":"product_cat-seguranca","8":"first","9":"instock","10":"shipping-taxable","11":"purchasable","12":"product-type-simple"},"_links":{"self":[{"href":"https:\/\/www.multicasa.com.br\/inicio\/wp-json\/wp\/v2\/product\/21928","targetHints":{"allow":["GET"]}}],"collection":[{"href":"https:\/\/www.multicasa.com.br\/inicio\/wp-json\/wp\/v2\/product"}],"about":[{"href":"https:\/\/www.multicasa.com.br\/inicio\/wp-json\/wp\/v2\/types\/product"}],"wp:featuredmedia":[{"embeddable":true,"href":"https:\/\/www.multicasa.com.br\/inicio\/wp-json\/wp\/v2\/media\/22007"}],"wp:attachment":[{"href":"https:\/\/www.multicasa.com.br\/inicio\/wp-json\/wp\/v2\/media?parent=21928"}],"wp:term":[{"taxonomy":"product_brand","embeddable":true,"href":"https:\/\/www.multicasa.com.br\/inicio\/wp-json\/wp\/v2\/product_brand?post=21928"},{"taxonomy":"product_cat","embeddable":true,"href":"https:\/\/www.multicasa.com.br\/inicio\/wp-json\/wp\/v2\/product_cat?post=21928"},{"taxonomy":"product_tag","embeddable":true,"href":"https:\/\/www.multicasa.com.br\/inicio\/wp-json\/wp\/v2\/product_tag?post=21928"}],"curies":[{"name":"wp","href":"https:\/\/api.w.org\/{rel}","templated":true}]}}