{"id":21952,"date":"2025-06-20T20:27:44","date_gmt":"2025-06-21T00:27:44","guid":{"rendered":"https:\/\/www.multicasa.com.br\/inicio\/?post_type=product&#038;p=21952"},"modified":"2025-06-20T20:28:46","modified_gmt":"2025-06-21T00:28:46","slug":"refil-de-adesivos-plasticos-incolor-command-3m-ate-450g","status":"publish","type":"product","link":"https:\/\/www.multicasa.com.br\/inicio\/produto\/refil-de-adesivos-plasticos-incolor-command-3m-ate-450g\/","title":{"rendered":"Refil de Adesivos Pl\u00e1sticos Incolor Command 3M at\u00e9 450g"},"content":{"rendered":"<p>Pendure seus quadros e outros artigos de decora\u00e7\u00e3o na parede sem precisar de pregos, parafusos e furos pela casa. O refil de adesivos pl\u00e1sticos incolor Command da 3M mede 17&#215;9,3cm, suporta at\u00e9 450g e n\u00e3o descasca a tinta das paredes ou m\u00f3veis na hora de remover. Esta embalagem cont\u00e9m 2 pares para voc\u00ea decorar sua casa de forma pr\u00e1tica e sem sujeira.<\/p>\n","protected":false},"excerpt":{"rendered":"<h4 style=\"margin: 0px;padding: 0px 0px 16px;font-family: Lato, sans-serif;font-weight: bold;line-height: 3rem;color: var(--dark-grey3);font-size: 22px;font-style: normal;letter-spacing: normal;text-align: start;text-indent: 0px;text-transform: none\">Informa\u00e7\u00f5es t\u00e9cnicas<\/h4>\n<p><span style=\"margin: 0px;padding: 0px;font-weight: 450;font-size: 14px;line-height: 21px;color: var(--dark-grey2);font-family: Lato, sans-serif;font-style: normal;letter-spacing: normal;text-align: start;text-indent: 0px;text-transform: none\">Produto: Refil Adesivo<br \/>\nMarca: 3M<br \/>\nMaterial: Pl\u00e1stico<br \/>\nCaracter\u00edsticas: Suporta at\u00e9 450g<br \/>\nItens Inclusos: 1 Refil com 4 adesivos<br \/>\nDimens\u00f5es do produto (A X L): 17 x 9,3cm<br \/>\n<\/span><\/p>\n","protected":false},"featured_media":22012,"template":"","meta":{"_joinchat":[]},"product_brand":[],"product_cat":[162],"product_tag":[],"class_list":{"0":"post-21952","1":"product","2":"type-product","3":"status-publish","4":"has-post-thumbnail","6":"product_cat-colas-e-cia","8":"first","9":"outofstock","10":"shipping-taxable","11":"product-type-simple"},"_links":{"self":[{"href":"https:\/\/www.multicasa.com.br\/inicio\/wp-json\/wp\/v2\/product\/21952","targetHints":{"allow":["GET"]}}],"collection":[{"href":"https:\/\/www.multicasa.com.br\/inicio\/wp-json\/wp\/v2\/product"}],"about":[{"href":"https:\/\/www.multicasa.com.br\/inicio\/wp-json\/wp\/v2\/types\/product"}],"wp:featuredmedia":[{"embeddable":true,"href":"https:\/\/www.multicasa.com.br\/inicio\/wp-json\/wp\/v2\/media\/22012"}],"wp:attachment":[{"href":"https:\/\/www.multicasa.com.br\/inicio\/wp-json\/wp\/v2\/media?parent=21952"}],"wp:term":[{"taxonomy":"product_brand","embeddable":true,"href":"https:\/\/www.multicasa.com.br\/inicio\/wp-json\/wp\/v2\/product_brand?post=21952"},{"taxonomy":"product_cat","embeddable":true,"href":"https:\/\/www.multicasa.com.br\/inicio\/wp-json\/wp\/v2\/product_cat?post=21952"},{"taxonomy":"product_tag","embeddable":true,"href":"https:\/\/www.multicasa.com.br\/inicio\/wp-json\/wp\/v2\/product_tag?post=21952"}],"curies":[{"name":"wp","href":"https:\/\/api.w.org\/{rel}","templated":true}]}}