{"id":21953,"date":"2025-06-20T20:27:44","date_gmt":"2025-06-21T00:27:44","guid":{"rendered":"https:\/\/www.multicasa.com.br\/inicio\/?post_type=product&#038;p=21953"},"modified":"2025-08-16T18:45:45","modified_gmt":"2025-08-16T22:45:45","slug":"gancho-adesivo-transparente-para-utensilios-command-3m","status":"publish","type":"product","link":"https:\/\/www.multicasa.com.br\/inicio\/produto\/gancho-adesivo-transparente-para-utensilios-command-3m\/","title":{"rendered":"Gancho Adesivo Transparente para Utens\u00edlios Command 3M"},"content":{"rendered":"<p>O Gancho Adesivo para Utens\u00edlios Command 3M \u00e9 extremamente discreto e perfeito para ser usado sem necessidade de pregos ou parafusos. F\u00e1cil de instalar e remover, n\u00e3o deixa marcas ou res\u00edduos. Produzido em poliestireno e polietileno transparente, o pacote conta com 3 ganchos e 4 adesivos, cada gancho suporta at\u00e9 255g.<\/p>\n","protected":false},"excerpt":{"rendered":"<h4 style=\"margin: 0px;padding: 0px 0px 16px;font-family: Lato, sans-serif;font-weight: bold;line-height: 3rem;color: var(--dark-grey3);font-size: 22px;font-style: normal;letter-spacing: normal;text-align: start;text-indent: 0px;text-transform: none\">Informa\u00e7\u00f5es t\u00e9cnicas<\/h4>\n<p><span style=\"margin: 0px;padding: 0px;font-weight: 450;font-size: 14px;line-height: 21px;color: var(--dark-grey2);font-family: Lato, sans-serif;font-style: normal;letter-spacing: normal;text-align: start;text-indent: 0px;text-transform: none\">Produto: Gancho adesivo<br \/>\nMarca: 3M<br \/>\nMaterial: Polietileno<br \/>\nPoliestireno<br \/>\nCaracter\u00edsticas: Suporta at\u00e9 225g<br \/>\nTransparente<br \/>\nF\u00e1cil de aplicar<br \/>\nF\u00e1cil de remover<br \/>\nQuantidade de pe\u00e7as: 7<br \/>\nItens inclusos: 3 Ganchos<br \/>\n4 adesivos<br \/>\nDimens\u00f5es do produto (A x L): 17 x 9,5cm<br \/>\n<\/span><\/p>\n","protected":false},"featured_media":22013,"template":"","meta":{"_joinchat":[]},"product_brand":[],"product_cat":[162],"product_tag":[],"class_list":{"0":"post-21953","1":"product","2":"type-product","3":"status-publish","4":"has-post-thumbnail","6":"product_cat-colas-e-cia","8":"first","9":"outofstock","10":"shipping-taxable","11":"product-type-simple"},"_links":{"self":[{"href":"https:\/\/www.multicasa.com.br\/inicio\/wp-json\/wp\/v2\/product\/21953","targetHints":{"allow":["GET"]}}],"collection":[{"href":"https:\/\/www.multicasa.com.br\/inicio\/wp-json\/wp\/v2\/product"}],"about":[{"href":"https:\/\/www.multicasa.com.br\/inicio\/wp-json\/wp\/v2\/types\/product"}],"wp:featuredmedia":[{"embeddable":true,"href":"https:\/\/www.multicasa.com.br\/inicio\/wp-json\/wp\/v2\/media\/22013"}],"wp:attachment":[{"href":"https:\/\/www.multicasa.com.br\/inicio\/wp-json\/wp\/v2\/media?parent=21953"}],"wp:term":[{"taxonomy":"product_brand","embeddable":true,"href":"https:\/\/www.multicasa.com.br\/inicio\/wp-json\/wp\/v2\/product_brand?post=21953"},{"taxonomy":"product_cat","embeddable":true,"href":"https:\/\/www.multicasa.com.br\/inicio\/wp-json\/wp\/v2\/product_cat?post=21953"},{"taxonomy":"product_tag","embeddable":true,"href":"https:\/\/www.multicasa.com.br\/inicio\/wp-json\/wp\/v2\/product_tag?post=21953"}],"curies":[{"name":"wp","href":"https:\/\/api.w.org\/{rel}","templated":true}]}}