{"id":21955,"date":"2025-06-20T20:27:44","date_gmt":"2025-06-21T00:27:44","guid":{"rendered":"https:\/\/www.multicasa.com.br\/inicio\/?post_type=product&#038;p=21955"},"modified":"2025-11-12T15:14:24","modified_gmt":"2025-11-12T19:14:24","slug":"gancho-adesivo-de-plastico-incolor-command-3m-ate-450g","status":"publish","type":"product","link":"https:\/\/www.multicasa.com.br\/inicio\/produto\/gancho-adesivo-de-plastico-incolor-command-3m-ate-450g\/","title":{"rendered":"Gancho Adesivo de Pl\u00e1stico Incolor Command 3M at\u00e9 450g"},"content":{"rendered":"<p>Chega de furar as paredes, portas e arm\u00e1rios para pendurar suas bolsas, chap\u00e9us e acess\u00f3rios. O gancho adesivo de pl\u00e1stico incolor Scotch 3M suporta at\u00e9 450 g e possui adesivo \u00e0 base de borracha e n\u00e3o danifica as superf\u00edcies ao ser removido. Esta embalagem possui 2 ganchos penduradores que medem 4 x 2cm e 4 adesivos. Pendure o que voc\u00ea quiser com praticidade e sem furos.<\/p>\n","protected":false},"excerpt":{"rendered":"<h4 style=\"margin: 0px;padding: 0px 0px 16px;font-family: Lato, sans-serif;font-weight: bold;line-height: 3rem;color: var(--dark-grey3);font-size: 22px;font-style: normal;letter-spacing: normal;text-align: start;text-indent: 0px;text-transform: none\">Informa\u00e7\u00f5es t\u00e9cnicas<\/h4>\n<p><span style=\"margin: 0px;padding: 0px;font-weight: 450;font-size: 14px;line-height: 21px;color: var(--dark-grey2);font-family: Lato, sans-serif;font-style: normal;letter-spacing: normal;text-align: start;text-indent: 0px;text-transform: none\">Produto: Gancho<br \/>\nMarca: 3M<br \/>\nMaterial: Pl\u00e1stico<br \/>\nBorracha<br \/>\nAdesivo<br \/>\nCor: Incolor<br \/>\nUso Indicado: Fixar na parede, portas e arm\u00e1rios.<br \/>\nCaracter\u00edsticas: Suporta at\u00e9 450g.<br \/>\nItens Inclusos: 2 ganchos e 4 adesivos<br \/>\nDimens\u00f5es do produto (A x L x P): 4 x 2cm<br \/>\n<\/span><\/p>\n","protected":false},"featured_media":22037,"template":"","meta":{"_joinchat":[]},"product_brand":[],"product_cat":[162],"product_tag":[],"class_list":{"0":"post-21955","1":"product","2":"type-product","3":"status-publish","4":"has-post-thumbnail","6":"product_cat-colas-e-cia","8":"first","9":"outofstock","10":"shipping-taxable","11":"purchasable","12":"product-type-simple"},"_links":{"self":[{"href":"https:\/\/www.multicasa.com.br\/inicio\/wp-json\/wp\/v2\/product\/21955","targetHints":{"allow":["GET"]}}],"collection":[{"href":"https:\/\/www.multicasa.com.br\/inicio\/wp-json\/wp\/v2\/product"}],"about":[{"href":"https:\/\/www.multicasa.com.br\/inicio\/wp-json\/wp\/v2\/types\/product"}],"wp:featuredmedia":[{"embeddable":true,"href":"https:\/\/www.multicasa.com.br\/inicio\/wp-json\/wp\/v2\/media\/22037"}],"wp:attachment":[{"href":"https:\/\/www.multicasa.com.br\/inicio\/wp-json\/wp\/v2\/media?parent=21955"}],"wp:term":[{"taxonomy":"product_brand","embeddable":true,"href":"https:\/\/www.multicasa.com.br\/inicio\/wp-json\/wp\/v2\/product_brand?post=21955"},{"taxonomy":"product_cat","embeddable":true,"href":"https:\/\/www.multicasa.com.br\/inicio\/wp-json\/wp\/v2\/product_cat?post=21955"},{"taxonomy":"product_tag","embeddable":true,"href":"https:\/\/www.multicasa.com.br\/inicio\/wp-json\/wp\/v2\/product_tag?post=21955"}],"curies":[{"name":"wp","href":"https:\/\/api.w.org\/{rel}","templated":true}]}}