{"id":21975,"date":"2025-06-20T20:28:08","date_gmt":"2025-06-21T00:28:08","guid":{"rendered":"https:\/\/www.multicasa.com.br\/inicio\/?post_type=product&#038;p=21975"},"modified":"2025-06-20T20:29:19","modified_gmt":"2025-06-21T00:29:19","slug":"descascador-de-legumes-em-plastico-lilas-decor-util","status":"publish","type":"product","link":"https:\/\/www.multicasa.com.br\/inicio\/produto\/descascador-de-legumes-em-plastico-lilas-decor-util\/","title":{"rendered":"Descascador de Legumes em Pl\u00e1stico Lil\u00e1s Decor-\u00datil"},"content":{"rendered":"<p>Descascar alimentos pode ser mais f\u00e1cil e pr\u00e1tico com o Descascador de Legumes da D\u00e9cor-\u00datil. Com l\u00e2minas de a\u00e7o inox de alt\u00edssima qualidade, foi projetado para deslizar e descascar retirando apenas o essencial, evitando o desperd\u00edcio. Em sua lateral h\u00e1 um extrator de n\u00f3dulos e imperfei\u00e7\u00f5es para batatas e outros. Tem dimens\u00f5es de 15,5 x 7 cm, est\u00e1 dispon\u00edvel na cor lil\u00e1s e \u00e9 indicado para quem busca charme e praticidade para afazeres da cozinha.<\/p>\n","protected":false},"excerpt":{"rendered":"<h4 style=\"margin: 0px;padding: 0px 0px 16px;font-family: Lato, sans-serif;font-weight: bold;line-height: 3rem;color: var(--dark-grey3);font-size: 22px;font-style: normal;letter-spacing: normal;text-align: start;text-indent: 0px;text-transform: none\">Informa\u00e7\u00f5es t\u00e9cnicas<\/h4>\n<p><span style=\"margin: 0px;padding: 0px;font-weight: 450;font-size: 14px;line-height: 21px;color: var(--dark-grey2);font-family: Lato, sans-serif;font-style: normal;letter-spacing: normal;text-align: start;text-indent: 0px;text-transform: none\">Produto: Descascador de Legumes<br \/>\nMarca: Decor \u00datil<br \/>\nMaterial: Pl\u00e1stico<br \/>\nCor: Lil\u00e1s<br \/>\nItens inclusos: 1 Descascador de Legumes<br \/>\nDimens\u00f5es do produto (L x A): 15,5 x 7cm<\/span><\/p>\n","protected":false},"featured_media":22045,"template":"","meta":{"_joinchat":[]},"product_brand":[],"product_cat":[93],"product_tag":[],"class_list":{"0":"post-21975","1":"product","2":"type-product","3":"status-publish","4":"has-post-thumbnail","6":"product_cat-utensilios-para-cozinha","8":"first","9":"outofstock","10":"shipping-taxable","11":"product-type-simple"},"_links":{"self":[{"href":"https:\/\/www.multicasa.com.br\/inicio\/wp-json\/wp\/v2\/product\/21975","targetHints":{"allow":["GET"]}}],"collection":[{"href":"https:\/\/www.multicasa.com.br\/inicio\/wp-json\/wp\/v2\/product"}],"about":[{"href":"https:\/\/www.multicasa.com.br\/inicio\/wp-json\/wp\/v2\/types\/product"}],"wp:featuredmedia":[{"embeddable":true,"href":"https:\/\/www.multicasa.com.br\/inicio\/wp-json\/wp\/v2\/media\/22045"}],"wp:attachment":[{"href":"https:\/\/www.multicasa.com.br\/inicio\/wp-json\/wp\/v2\/media?parent=21975"}],"wp:term":[{"taxonomy":"product_brand","embeddable":true,"href":"https:\/\/www.multicasa.com.br\/inicio\/wp-json\/wp\/v2\/product_brand?post=21975"},{"taxonomy":"product_cat","embeddable":true,"href":"https:\/\/www.multicasa.com.br\/inicio\/wp-json\/wp\/v2\/product_cat?post=21975"},{"taxonomy":"product_tag","embeddable":true,"href":"https:\/\/www.multicasa.com.br\/inicio\/wp-json\/wp\/v2\/product_tag?post=21975"}],"curies":[{"name":"wp","href":"https:\/\/api.w.org\/{rel}","templated":true}]}}