{"id":21993,"date":"2025-06-20T20:28:31","date_gmt":"2025-06-21T00:28:31","guid":{"rendered":"https:\/\/www.multicasa.com.br\/inicio\/?post_type=product&#038;p=21993"},"modified":"2025-06-20T20:29:33","modified_gmt":"2025-06-21T00:29:33","slug":"espremedor-de-frutas-automatico-oster-500ml-75w-127v","status":"publish","type":"product","link":"https:\/\/www.multicasa.com.br\/inicio\/produto\/espremedor-de-frutas-automatico-oster-500ml-75w-127v\/","title":{"rendered":"Espremedor de Frutas Autom\u00e1tico Oster 500ml 75W &#8211; 127V"},"content":{"rendered":"<p>O Espremedor de Frutas Autom\u00e1tico Oster permite preparar sucos individualmente, despejando sem sementes diretamente no copo ou jarra. Com capacidade de at\u00e9 500ml, conta com sistema autom\u00e1tico que espreme a fruta com apenas um toque, al\u00e9m de sua pr\u00e1tica jarra com tampa para servir. Tem pot\u00eancia de 75w com tens\u00e3o el\u00e9trica de 127v. Garanta j\u00e1 o seu espremedor de laranja e leve uma vida mais saud\u00e1vel!<\/p>\n","protected":false},"excerpt":{"rendered":"<h4 style=\"margin: 0px;padding: 0px 0px 16px;font-family: Lato, sans-serif;font-weight: bold;line-height: 3rem;color: var(--dark-grey3);font-size: 22px;font-style: normal;letter-spacing: normal;text-align: start;text-indent: 0px;text-transform: none\">Informa\u00e7\u00f5es t\u00e9cnicas<\/h4>\n<p><span style=\"margin: 0px;padding: 0px;font-weight: 450;font-size: 14px;line-height: 21px;color: var(--dark-grey2);font-family: Lato, sans-serif;font-style: normal;letter-spacing: normal;text-align: start;text-indent: 0px;text-transform: none\">Produto: Espremedor de frutas<br \/>\nTipo: Autom\u00e1tico<br \/>\nMarca: Oster<br \/>\nMaterial: Pl\u00e1stico e Acr\u00edlico<br \/>\nCor: Preto<br \/>\nUso indicado: Prepara\u00e7\u00e3o de sucos<br \/>\nPot\u00eancia: 75w<br \/>\nTens\u00e3o el\u00e9trica: 127v<br \/>\nCapacidade: 500ml<br \/>\nCaracter\u00edsticas: Espreme a fruta com apenas um toque<br \/>\nporta fio<br \/>\nItens Inclusos: 1 espremedor de frutas<br \/>\nDimens\u00f5es do produto (A x L x P): 26 x 18,5 x 19cm<br \/>\nOCP: 0034<br \/>\n<\/span><\/p>\n","protected":false},"featured_media":22059,"template":"","meta":{"_joinchat":[]},"product_brand":[],"product_cat":[93],"product_tag":[],"class_list":{"0":"post-21993","1":"product","2":"type-product","3":"status-publish","4":"has-post-thumbnail","6":"product_cat-utensilios-para-cozinha","8":"first","9":"outofstock","10":"shipping-taxable","11":"product-type-simple"},"_links":{"self":[{"href":"https:\/\/www.multicasa.com.br\/inicio\/wp-json\/wp\/v2\/product\/21993","targetHints":{"allow":["GET"]}}],"collection":[{"href":"https:\/\/www.multicasa.com.br\/inicio\/wp-json\/wp\/v2\/product"}],"about":[{"href":"https:\/\/www.multicasa.com.br\/inicio\/wp-json\/wp\/v2\/types\/product"}],"wp:featuredmedia":[{"embeddable":true,"href":"https:\/\/www.multicasa.com.br\/inicio\/wp-json\/wp\/v2\/media\/22059"}],"wp:attachment":[{"href":"https:\/\/www.multicasa.com.br\/inicio\/wp-json\/wp\/v2\/media?parent=21993"}],"wp:term":[{"taxonomy":"product_brand","embeddable":true,"href":"https:\/\/www.multicasa.com.br\/inicio\/wp-json\/wp\/v2\/product_brand?post=21993"},{"taxonomy":"product_cat","embeddable":true,"href":"https:\/\/www.multicasa.com.br\/inicio\/wp-json\/wp\/v2\/product_cat?post=21993"},{"taxonomy":"product_tag","embeddable":true,"href":"https:\/\/www.multicasa.com.br\/inicio\/wp-json\/wp\/v2\/product_tag?post=21993"}],"curies":[{"name":"wp","href":"https:\/\/api.w.org\/{rel}","templated":true}]}}