{"id":21994,"date":"2025-06-20T20:28:31","date_gmt":"2025-06-21T00:28:31","guid":{"rendered":"https:\/\/www.multicasa.com.br\/inicio\/?post_type=product&#038;p=21994"},"modified":"2025-06-20T20:29:41","modified_gmt":"2025-06-21T00:29:41","slug":"forma-modeladora-de-hamburguer-em-plastico-decor-util","status":"publish","type":"product","link":"https:\/\/www.multicasa.com.br\/inicio\/produto\/forma-modeladora-de-hamburguer-em-plastico-decor-util\/","title":{"rendered":"Forma Modeladora de Hamburguer em Pl\u00e1stico Decor-\u00datil"},"content":{"rendered":"<p>A Forma Modeladora de hamb\u00farguer Decor-\u00datil, foi feita para voc\u00ea fazer hamb\u00fargueres caseiros com toda praticidade e conforto da sua casa. Modela hamb\u00farguer com o mesmo tamanho e peso, basta voc\u00ea pegar a carne mo\u00edda e adicionar os temperos desejados, coloca-la sobre uma t\u00e1bua de carnes e pressionar o modelador sobre ela. Desperte o chefe de cozinha que h\u00e1 dentro de voc\u00ea e fa\u00e7a deliciosos hamb\u00fargueres.<\/p>\n","protected":false},"excerpt":{"rendered":"<h4 style=\"margin: 0px;padding: 0px 0px 16px;font-family: Lato, sans-serif;font-weight: bold;line-height: 3rem;color: var(--dark-grey3);font-size: 22px;font-style: normal;letter-spacing: normal;text-align: start;text-indent: 0px;text-transform: none\">Informa\u00e7\u00f5es t\u00e9cnicas<\/h4>\n<p><span style=\"margin: 0px;padding: 0px;font-weight: 450;font-size: 14px;line-height: 21px;color: var(--dark-grey2);font-family: Lato, sans-serif;font-style: normal;letter-spacing: normal;text-align: start;text-indent: 0px;text-transform: none\">Produto: Forma de hamb\u00farguer<br \/>\nMarca: Decor-\u00datil<br \/>\nMaterial: Polipropileno<br \/>\nA\u00e7o zincado<br \/>\nCor: Sortido<br \/>\nCaracter\u00edstica: Capacidade para 170g<br \/>\nItens Inclusos: 1 forma de hamb\u00farguer<br \/>\nDimens\u00f5es do produto (A x L): 11 x 10cm<\/span><\/p>\n","protected":false},"featured_media":22062,"template":"","meta":{"_joinchat":[]},"product_brand":[],"product_cat":[93],"product_tag":[],"class_list":{"0":"post-21994","1":"product","2":"type-product","3":"status-publish","4":"has-post-thumbnail","6":"product_cat-utensilios-para-cozinha","8":"first","9":"outofstock","10":"shipping-taxable","11":"product-type-simple"},"_links":{"self":[{"href":"https:\/\/www.multicasa.com.br\/inicio\/wp-json\/wp\/v2\/product\/21994","targetHints":{"allow":["GET"]}}],"collection":[{"href":"https:\/\/www.multicasa.com.br\/inicio\/wp-json\/wp\/v2\/product"}],"about":[{"href":"https:\/\/www.multicasa.com.br\/inicio\/wp-json\/wp\/v2\/types\/product"}],"wp:featuredmedia":[{"embeddable":true,"href":"https:\/\/www.multicasa.com.br\/inicio\/wp-json\/wp\/v2\/media\/22062"}],"wp:attachment":[{"href":"https:\/\/www.multicasa.com.br\/inicio\/wp-json\/wp\/v2\/media?parent=21994"}],"wp:term":[{"taxonomy":"product_brand","embeddable":true,"href":"https:\/\/www.multicasa.com.br\/inicio\/wp-json\/wp\/v2\/product_brand?post=21994"},{"taxonomy":"product_cat","embeddable":true,"href":"https:\/\/www.multicasa.com.br\/inicio\/wp-json\/wp\/v2\/product_cat?post=21994"},{"taxonomy":"product_tag","embeddable":true,"href":"https:\/\/www.multicasa.com.br\/inicio\/wp-json\/wp\/v2\/product_tag?post=21994"}],"curies":[{"name":"wp","href":"https:\/\/api.w.org\/{rel}","templated":true}]}}