{"id":22022,"date":"2025-06-20T20:28:55","date_gmt":"2025-06-21T00:28:55","guid":{"rendered":"https:\/\/www.multicasa.com.br\/inicio\/?post_type=product&#038;p=22022"},"modified":"2025-06-20T20:30:29","modified_gmt":"2025-06-21T00:30:29","slug":"chaleira-inox-25l-mattina-mor","status":"publish","type":"product","link":"https:\/\/www.multicasa.com.br\/inicio\/produto\/chaleira-inox-25l-mattina-mor\/","title":{"rendered":"Chaleira Inox 2,5L Mattina Mor"},"content":{"rendered":"<p>A Chaleira de 2,5 litros da Mor traz persolnalidade e estilo para sua cozinha. Desenvolvida m a\u00e7o inox, n\u00e3o solta res\u00edduos nos alimentos e \u00e9 altamente dur\u00e1vel e resistente. O design moderno da Chaleira Mattina conta com sistema de aviso que soa quando a \u00e1gua estiver quente impedindo ue ferva e evapore, evitando assim poss\u00edveis danos ao corpo da chaleira e fazendo com que voc\u00ea n\u00e3o perca a temperatura ideal para deixar a sua bebida saborosa! O puxador da tampa e a al\u00e7a da chaleira s\u00e3o feitos em baquelite na cor preta, uma resina sint\u00e9tica que n\u00e3o conduz calor o que proporciona maior seguran\u00e7a evotando a incid\u00eancia de queimaduras.<\/p>\n","protected":false},"excerpt":{"rendered":"<h4 style=\"margin: 0px;padding: 0px 0px 16px;font-family: Lato, sans-serif;font-weight: bold;line-height: 3rem;color: var(--dark-grey3);font-size: 22px;font-style: normal;letter-spacing: normal;text-align: start;text-indent: 0px;text-transform: none\">Informa\u00e7\u00f5es t\u00e9cnicas<\/h4>\n<p><span style=\"margin: 0px;padding: 0px;font-weight: 450;font-size: 14px;line-height: 21px;color: var(--dark-grey2);font-family: Lato, sans-serif;font-style: normal;letter-spacing: normal;text-align: start;text-indent: 0px;text-transform: none\">Produto: Chaleira                                                                                                                                                              Marca: Mor                                                                                                                                                                       Modelo: Mattina<br \/>\nMaterial: A\u00e7o inox e baquelite                                                                                                                                             Cor: Laranja, verde, azul e rosa                                                                                                                                         Capacidade: 2,5 litros<br \/>\nCaracter\u00edsticas : N\u00e3o at\u00f3xico, lav\u00e1vel em m\u00e1quina                                                                                                               Itens Inclusos: 1 chaleira                                                                                                                                   Dimens\u00f5es do produto (A x L x C): 21 x 19 x 23 cm                                                                                                            Peso: 434g                                                                                                                                                                       Garantia: 90 dias<\/span><\/p>\n","protected":false},"featured_media":22109,"template":"","meta":{"_joinchat":[]},"product_brand":[],"product_cat":[93],"product_tag":[],"class_list":{"0":"post-22022","1":"product","2":"type-product","3":"status-publish","4":"has-post-thumbnail","6":"product_cat-utensilios-para-cozinha","8":"first","9":"outofstock","10":"shipping-taxable","11":"product-type-simple"},"_links":{"self":[{"href":"https:\/\/www.multicasa.com.br\/inicio\/wp-json\/wp\/v2\/product\/22022","targetHints":{"allow":["GET"]}}],"collection":[{"href":"https:\/\/www.multicasa.com.br\/inicio\/wp-json\/wp\/v2\/product"}],"about":[{"href":"https:\/\/www.multicasa.com.br\/inicio\/wp-json\/wp\/v2\/types\/product"}],"wp:featuredmedia":[{"embeddable":true,"href":"https:\/\/www.multicasa.com.br\/inicio\/wp-json\/wp\/v2\/media\/22109"}],"wp:attachment":[{"href":"https:\/\/www.multicasa.com.br\/inicio\/wp-json\/wp\/v2\/media?parent=22022"}],"wp:term":[{"taxonomy":"product_brand","embeddable":true,"href":"https:\/\/www.multicasa.com.br\/inicio\/wp-json\/wp\/v2\/product_brand?post=22022"},{"taxonomy":"product_cat","embeddable":true,"href":"https:\/\/www.multicasa.com.br\/inicio\/wp-json\/wp\/v2\/product_cat?post=22022"},{"taxonomy":"product_tag","embeddable":true,"href":"https:\/\/www.multicasa.com.br\/inicio\/wp-json\/wp\/v2\/product_tag?post=22022"}],"curies":[{"name":"wp","href":"https:\/\/api.w.org\/{rel}","templated":true}]}}