{"id":22024,"date":"2025-06-20T20:28:56","date_gmt":"2025-06-21T00:28:56","guid":{"rendered":"https:\/\/www.multicasa.com.br\/inicio\/?post_type=product&#038;p=22024"},"modified":"2025-12-16T19:32:42","modified_gmt":"2025-12-16T23:32:42","slug":"moedor-de-pimenta-de-madeira-uny-home","status":"publish","type":"product","link":"https:\/\/www.multicasa.com.br\/inicio\/produto\/moedor-de-pimenta-de-madeira-uny-home\/","title":{"rendered":"Moedor de Pimenta de Madeira Uny Home"},"content":{"rendered":"<p>Use o Moedor de Pimenta de Madeira da Uny Home para ter mais praticidade no dia-a-dia. Prepare seus temperos e atribua sabor especial aos pratos que voc\u00ea cozinhar. Desenvolvido em bambu na cor natural, possui l\u00e2minas de cer\u00e2mica com fino acabamento que garante corte mais preciso e livre de oxida\u00e7\u00e3o. Tem alto grau de resist\u00eancia mec\u00e2nica, o que aumenta sua durabilidade. Quando n\u00e3o utilizado na cozinha, serve como enfeite para o c\u00f4modo. Pode triturar sal grosso e outros gr\u00e3os do g\u00eanero.<\/p>\n","protected":false},"excerpt":{"rendered":"<h4 style=\"margin: 0px;padding: 0px 0px 16px;font-family: Lato, sans-serif;font-weight: bold;line-height: 3rem;color: var(--dark-grey3);font-size: 22px;font-style: normal;letter-spacing: normal;text-align: start;text-indent: 0px;text-transform: none\">Informa\u00e7\u00f5es t\u00e9cnicas<\/h4>\n<p><span style=\"margin: 0px;padding: 0px;font-weight: 450;font-size: 14px;line-height: 21px;color: var(--dark-grey2);font-family: Lato, sans-serif;font-style: normal;letter-spacing: normal;text-align: start;text-indent: 0px;text-transform: none\">Produto: Moedor de Pimenta<br \/>\nMarca: Uny Home<br \/>\nMaterial: Madeira<br \/>\nL\u00e2minas de cer\u00e2mica<br \/>\nCor: Natural<br \/>\nCaracter\u00edsticas: L\u00e2mina com acabamento que permite a visualiza\u00e7\u00e3o do produto<br \/>\nItens Inclusos: 1 moedor de pimenta<br \/>\nDimens\u00f5es do produto (A x L): 15 x 5cm<\/span><\/p>\n","protected":false},"featured_media":25603,"template":"","meta":{"_joinchat":[]},"product_brand":[],"product_cat":[93],"product_tag":[],"class_list":{"0":"post-22024","1":"product","2":"type-product","3":"status-publish","4":"has-post-thumbnail","6":"product_cat-utensilios-para-cozinha","8":"first","9":"outofstock","10":"shipping-taxable","11":"product-type-simple"},"_links":{"self":[{"href":"https:\/\/www.multicasa.com.br\/inicio\/wp-json\/wp\/v2\/product\/22024","targetHints":{"allow":["GET"]}}],"collection":[{"href":"https:\/\/www.multicasa.com.br\/inicio\/wp-json\/wp\/v2\/product"}],"about":[{"href":"https:\/\/www.multicasa.com.br\/inicio\/wp-json\/wp\/v2\/types\/product"}],"wp:featuredmedia":[{"embeddable":true,"href":"https:\/\/www.multicasa.com.br\/inicio\/wp-json\/wp\/v2\/media\/25603"}],"wp:attachment":[{"href":"https:\/\/www.multicasa.com.br\/inicio\/wp-json\/wp\/v2\/media?parent=22024"}],"wp:term":[{"taxonomy":"product_brand","embeddable":true,"href":"https:\/\/www.multicasa.com.br\/inicio\/wp-json\/wp\/v2\/product_brand?post=22024"},{"taxonomy":"product_cat","embeddable":true,"href":"https:\/\/www.multicasa.com.br\/inicio\/wp-json\/wp\/v2\/product_cat?post=22024"},{"taxonomy":"product_tag","embeddable":true,"href":"https:\/\/www.multicasa.com.br\/inicio\/wp-json\/wp\/v2\/product_tag?post=22024"}],"curies":[{"name":"wp","href":"https:\/\/api.w.org\/{rel}","templated":true}]}}