{"id":22028,"date":"2025-06-20T20:28:56","date_gmt":"2025-06-21T00:28:56","guid":{"rendered":"https:\/\/www.multicasa.com.br\/inicio\/?post_type=product&#038;p=22028"},"modified":"2025-12-16T19:32:49","modified_gmt":"2025-12-16T23:32:49","slug":"extensor-para-grade-de-protecao-branco-kiddo-5cm","status":"publish","type":"product","link":"https:\/\/www.multicasa.com.br\/inicio\/produto\/extensor-para-grade-de-protecao-branco-kiddo-5cm\/","title":{"rendered":"Extensor para Grade de Prote\u00e7\u00e3o Branco Kiddo 5cm"},"content":{"rendered":"<p>Com o extensor para grade de prote\u00e7\u00e3o voc\u00ea resolve seus problemas na hora de bloquear passagens. Pode ser usado nos ?port\u00f5ezinhos de seguran\u00e7a? que ficam entre corredores e entradas, preenchendo totalmente o espa\u00e7o vago. Feito de a\u00e7o e com pintura ep\u00f3xi branca, possui 5cm e deve ser usado em v\u00e3os que t\u00eam entre 65 e 70 cm de largura.<\/p>\n","protected":false},"excerpt":{"rendered":"<h4 style=\"margin: 0px;padding: 0px 0px 16px;font-family: Lato, sans-serif;font-weight: bold;line-height: 3rem;color: var(--dark-grey3);font-size: 22px;font-style: normal;letter-spacing: normal;text-align: start;text-indent: 0px;text-transform: none\">Informa\u00e7\u00f5es t\u00e9cnicas<\/h4>\n<p><span style=\"margin: 0px;padding: 0px;font-weight: 450;font-size: 14px;line-height: 21px;color: var(--dark-grey2);font-family: Lato, sans-serif;font-style: normal;letter-spacing: normal;text-align: start;text-indent: 0px;text-transform: none\">Produto: Extensor para Grade de prote\u00e7\u00e3o<br \/>\nMarca: Kiddo<br \/>\nMaterial: A\u00e7o<br \/>\nAcabamento: Pintura ep\u00f3xi<br \/>\nCor: Branco<br \/>\nCaracter\u00edsticas: Fixada por man\u00edpulo de press\u00e3o<br \/>\nDuplo travamento<br \/>\nIdeal para v\u00e3os de portas de 65 a 70cm de largura<br \/>\nOpcional para portas de 70cm a 1m de largura<br \/>\nItens Inclusos: 1 Extensor para Grade de prote\u00e7\u00e3o<br \/>\nDimens\u00f5es do produto (L): 5cm<br \/>\n<\/span><\/p>\n","protected":false},"featured_media":25169,"template":"","meta":{"_joinchat":[]},"product_brand":[],"product_cat":[161],"product_tag":[],"class_list":{"0":"post-22028","1":"product","2":"type-product","3":"status-publish","4":"has-post-thumbnail","6":"product_cat-seguranca","8":"first","9":"outofstock","10":"shipping-taxable","11":"product-type-simple"},"_links":{"self":[{"href":"https:\/\/www.multicasa.com.br\/inicio\/wp-json\/wp\/v2\/product\/22028","targetHints":{"allow":["GET"]}}],"collection":[{"href":"https:\/\/www.multicasa.com.br\/inicio\/wp-json\/wp\/v2\/product"}],"about":[{"href":"https:\/\/www.multicasa.com.br\/inicio\/wp-json\/wp\/v2\/types\/product"}],"wp:featuredmedia":[{"embeddable":true,"href":"https:\/\/www.multicasa.com.br\/inicio\/wp-json\/wp\/v2\/media\/25169"}],"wp:attachment":[{"href":"https:\/\/www.multicasa.com.br\/inicio\/wp-json\/wp\/v2\/media?parent=22028"}],"wp:term":[{"taxonomy":"product_brand","embeddable":true,"href":"https:\/\/www.multicasa.com.br\/inicio\/wp-json\/wp\/v2\/product_brand?post=22028"},{"taxonomy":"product_cat","embeddable":true,"href":"https:\/\/www.multicasa.com.br\/inicio\/wp-json\/wp\/v2\/product_cat?post=22028"},{"taxonomy":"product_tag","embeddable":true,"href":"https:\/\/www.multicasa.com.br\/inicio\/wp-json\/wp\/v2\/product_tag?post=22028"}],"curies":[{"name":"wp","href":"https:\/\/api.w.org\/{rel}","templated":true}]}}