{"id":22051,"date":"2025-06-20T20:29:21","date_gmt":"2025-06-21T00:29:21","guid":{"rendered":"https:\/\/www.multicasa.com.br\/inicio\/?post_type=product&#038;p=22051"},"modified":"2025-06-20T20:30:54","modified_gmt":"2025-06-21T00:30:54","slug":"fita-fixa-forte-dupla-face-ambiente-interno-scotch-3m-12mmx15m","status":"publish","type":"product","link":"https:\/\/www.multicasa.com.br\/inicio\/produto\/fita-fixa-forte-dupla-face-ambiente-interno-scotch-3m-12mmx15m\/","title":{"rendered":"Fita Fixa Forte Dupla Face Ambiente Interno Scotch 3M &#8211; 12mmx1,5m"},"content":{"rendered":"<p>Fita Fixa Forte Dupla Face Ambiente Interno Scotch 3M \u00e9 ideal para ser aplicada em superf\u00edcies lisas em ambiente interno e possui fixa\u00e7\u00e3o permanente. Perfeita para pendurar canaletas, espelhos e objetos de decora\u00e7\u00e3o sem ter que recorrer ao martelo. \u00c9 recomendada para superf\u00edcies limpas, lisas e secas. Para utiliz\u00e1-la, basta cortar a quantidade de fita necess\u00e1ria para suportar o peso do objeto e aplic\u00e1-la no verso, pressionando a fita firmemente por alguns segundos. Depois, retire a prote\u00e7\u00e3o na outra face, aplique na superf\u00edcie desejada e pressione por alguns segundos. Seu poder de fixa\u00e7\u00e3o a cada 15 cm de fita suportam at\u00e9 750g. Voc\u00ea n\u00e3o precisar\u00e1 mais encher sua casa de furos e pregos toda vez que quiser pendurar alguma coisa.<\/p>\n","protected":false},"excerpt":{"rendered":"<h4 style=\"margin: 0px;padding: 0px 0px 16px;font-family: Lato, sans-serif;font-weight: bold;line-height: 3rem;color: var(--dark-grey3);font-size: 22px;font-style: normal;letter-spacing: normal;text-align: start;text-indent: 0px;text-transform: none\">Informa\u00e7\u00f5es t\u00e9cnicas<\/h4>\n<p><span style=\"margin: 0px;padding: 0px;font-weight: 450;font-size: 14px;line-height: 21px;color: var(--dark-grey2);font-family: Lato, sans-serif;font-style: normal;letter-spacing: normal;text-align: start;text-indent: 0px;text-transform: none\">Produto: Fita Dupla Face<br \/>\nMarca: 3M<br \/>\nMaterial: Papel siliconizado, Espuma em poliuretano, Adesivo em acr\u00edlico<br \/>\nCor: Branco e Verde<br \/>\nCaracter\u00edsticas: Para ambiente interno, Cada 15cm suporta 750g, Excelente fixa\u00e7\u00e3o, Fixa\u00e7\u00e3o permanente, Substitui pregos e parafusos<br \/>\nItens Inclusos: 1 Fita Dupla Face<br \/>\nDimens\u00f5es do produto (A X C): 12mm x 1,5m<\/span><\/p>\n","protected":false},"featured_media":22131,"template":"","meta":{"_joinchat":[]},"product_brand":[],"product_cat":[162],"product_tag":[],"class_list":{"0":"post-22051","1":"product","2":"type-product","3":"status-publish","4":"has-post-thumbnail","6":"product_cat-colas-e-cia","8":"first","9":"outofstock","10":"shipping-taxable","11":"product-type-simple"},"_links":{"self":[{"href":"https:\/\/www.multicasa.com.br\/inicio\/wp-json\/wp\/v2\/product\/22051","targetHints":{"allow":["GET"]}}],"collection":[{"href":"https:\/\/www.multicasa.com.br\/inicio\/wp-json\/wp\/v2\/product"}],"about":[{"href":"https:\/\/www.multicasa.com.br\/inicio\/wp-json\/wp\/v2\/types\/product"}],"wp:featuredmedia":[{"embeddable":true,"href":"https:\/\/www.multicasa.com.br\/inicio\/wp-json\/wp\/v2\/media\/22131"}],"wp:attachment":[{"href":"https:\/\/www.multicasa.com.br\/inicio\/wp-json\/wp\/v2\/media?parent=22051"}],"wp:term":[{"taxonomy":"product_brand","embeddable":true,"href":"https:\/\/www.multicasa.com.br\/inicio\/wp-json\/wp\/v2\/product_brand?post=22051"},{"taxonomy":"product_cat","embeddable":true,"href":"https:\/\/www.multicasa.com.br\/inicio\/wp-json\/wp\/v2\/product_cat?post=22051"},{"taxonomy":"product_tag","embeddable":true,"href":"https:\/\/www.multicasa.com.br\/inicio\/wp-json\/wp\/v2\/product_tag?post=22051"}],"curies":[{"name":"wp","href":"https:\/\/api.w.org\/{rel}","templated":true}]}}