{"id":22069,"date":"2025-06-20T20:29:43","date_gmt":"2025-06-21T00:29:43","guid":{"rendered":"https:\/\/www.multicasa.com.br\/inicio\/?post_type=product&#038;p=22069"},"modified":"2025-08-17T19:17:01","modified_gmt":"2025-08-17T23:17:01","slug":"fita-dupla-face-externa-3m-24mmx15m","status":"publish","type":"product","link":"https:\/\/www.multicasa.com.br\/inicio\/produto\/fita-dupla-face-externa-3m-24mmx15m\/","title":{"rendered":"Fita Dupla Face Externa 3M &#8211; 24mmx1,5m"},"content":{"rendered":"<p>A Fita Dupla Face Externa 3M \u00e9 ideal para utiliza\u00e7\u00e3o em ambientes externos. Pode ser usada para fixar placas, n\u00fameros, frisos de carro, objetos de decora\u00e7\u00e3o, entre outros. \u00c9 resistente \u00e0s varia\u00e7\u00f5es de temperatura de calor e umidade e possui fixa\u00e7\u00e3o \u00e9 permanente.<\/p>\n","protected":false},"excerpt":{"rendered":"<h4 style=\"margin: 0px;padding: 0px 0px 16px;font-family: Lato, sans-serif;font-weight: bold;line-height: 3rem;color: var(--dark-grey3);font-size: 22px;font-style: normal;letter-spacing: normal;text-align: start;text-indent: 0px;text-transform: none\">Informa\u00e7\u00f5es t\u00e9cnicas<\/h4>\n<p><span style=\"margin: 0px;padding: 0px;font-weight: 450;font-size: 14px;line-height: 21px;color: var(--dark-grey2);font-family: Lato, sans-serif;font-style: normal;letter-spacing: normal;text-align: start;text-indent: 0px;text-transform: none\">Produto: Fita Dupla Face<br \/>\nMarca: 3M<br \/>\nMaterial: \u00c9ster de \u00e1cido acr\u00edlico<br \/>\nCor: Amarelo e branco<br \/>\nCaracter\u00edsticas: Excelente fixa\u00e7\u00e3o<br \/>\nFixa\u00e7\u00e3o permanente<br \/>\nSubstitui pregos e parafusos<br \/>\nItens Inclusos: 1 Fita Dupla Face<br \/>\nDimens\u00f5es do produto (A X C): 24mm x 1,5m<br \/>\n<\/span><\/p>\n","protected":false},"featured_media":22150,"template":"","meta":{"_joinchat":[]},"product_brand":[],"product_cat":[162],"product_tag":[],"class_list":{"0":"post-22069","1":"product","2":"type-product","3":"status-publish","4":"has-post-thumbnail","6":"product_cat-colas-e-cia","8":"first","9":"outofstock","10":"shipping-taxable","11":"purchasable","12":"product-type-simple"},"_links":{"self":[{"href":"https:\/\/www.multicasa.com.br\/inicio\/wp-json\/wp\/v2\/product\/22069","targetHints":{"allow":["GET"]}}],"collection":[{"href":"https:\/\/www.multicasa.com.br\/inicio\/wp-json\/wp\/v2\/product"}],"about":[{"href":"https:\/\/www.multicasa.com.br\/inicio\/wp-json\/wp\/v2\/types\/product"}],"wp:featuredmedia":[{"embeddable":true,"href":"https:\/\/www.multicasa.com.br\/inicio\/wp-json\/wp\/v2\/media\/22150"}],"wp:attachment":[{"href":"https:\/\/www.multicasa.com.br\/inicio\/wp-json\/wp\/v2\/media?parent=22069"}],"wp:term":[{"taxonomy":"product_brand","embeddable":true,"href":"https:\/\/www.multicasa.com.br\/inicio\/wp-json\/wp\/v2\/product_brand?post=22069"},{"taxonomy":"product_cat","embeddable":true,"href":"https:\/\/www.multicasa.com.br\/inicio\/wp-json\/wp\/v2\/product_cat?post=22069"},{"taxonomy":"product_tag","embeddable":true,"href":"https:\/\/www.multicasa.com.br\/inicio\/wp-json\/wp\/v2\/product_tag?post=22069"}],"curies":[{"name":"wp","href":"https:\/\/api.w.org\/{rel}","templated":true}]}}