{"id":22071,"date":"2025-06-20T20:29:43","date_gmt":"2025-06-21T00:29:43","guid":{"rendered":"https:\/\/www.multicasa.com.br\/inicio\/?post_type=product&#038;p=22071"},"modified":"2025-06-20T20:31:11","modified_gmt":"2025-06-21T00:31:11","slug":"cola-branca-liquida-scotch-3m-90g","status":"publish","type":"product","link":"https:\/\/www.multicasa.com.br\/inicio\/produto\/cola-branca-liquida-scotch-3m-90g\/","title":{"rendered":"Cola Branca L\u00edquida Scotch 3M 90g"},"content":{"rendered":"<p>A Cola Branca L\u00edquida Scotch 3M permite melhor ader\u00eancia e secagem mais r\u00e1pida, ideal para papel, madeira, couro, tecido e outros. Com 90g, certificada pelo Inmetro e com teor menor de \u00e1gua oferecendo mais qualidade entre as colas do mercado.<\/p>\n","protected":false},"excerpt":{"rendered":"<h4 style=\"margin: 0px;padding: 0px 0px 16px;font-family: Lato, sans-serif;font-weight: bold;line-height: 3rem;color: var(--dark-grey3);font-size: 22px;font-style: normal;letter-spacing: normal;text-align: start;text-indent: 0px;text-transform: none\">Informa\u00e7\u00f5es t\u00e9cnicas<\/h4>\n<p><span style=\"margin: 0px;padding: 0px;font-weight: 450;font-size: 14px;line-height: 21px;color: var(--dark-grey2);font-family: Lato, sans-serif;font-style: normal;letter-spacing: normal;text-align: start;text-indent: 0px;text-transform: none\">Produto: Cola Branca<br \/>\nMarca: 3M<br \/>\nConte\u00fado: 90g<br \/>\nCaracter\u00edsticas: L\u00edquida<br \/>\nN\u00e3o enruga o papel<br \/>\nSecagem r\u00e1pida<br \/>\nCertificada pelo Inmetro<br \/>\nItens Inclusos: 1 Cola Branca<br \/>\n<\/span><\/p>\n","protected":false},"featured_media":22156,"template":"","meta":{"_joinchat":[]},"product_brand":[],"product_cat":[162],"product_tag":[],"class_list":{"0":"post-22071","1":"product","2":"type-product","3":"status-publish","4":"has-post-thumbnail","6":"product_cat-colas-e-cia","8":"first","9":"outofstock","10":"shipping-taxable","11":"product-type-simple"},"_links":{"self":[{"href":"https:\/\/www.multicasa.com.br\/inicio\/wp-json\/wp\/v2\/product\/22071","targetHints":{"allow":["GET"]}}],"collection":[{"href":"https:\/\/www.multicasa.com.br\/inicio\/wp-json\/wp\/v2\/product"}],"about":[{"href":"https:\/\/www.multicasa.com.br\/inicio\/wp-json\/wp\/v2\/types\/product"}],"wp:featuredmedia":[{"embeddable":true,"href":"https:\/\/www.multicasa.com.br\/inicio\/wp-json\/wp\/v2\/media\/22156"}],"wp:attachment":[{"href":"https:\/\/www.multicasa.com.br\/inicio\/wp-json\/wp\/v2\/media?parent=22071"}],"wp:term":[{"taxonomy":"product_brand","embeddable":true,"href":"https:\/\/www.multicasa.com.br\/inicio\/wp-json\/wp\/v2\/product_brand?post=22071"},{"taxonomy":"product_cat","embeddable":true,"href":"https:\/\/www.multicasa.com.br\/inicio\/wp-json\/wp\/v2\/product_cat?post=22071"},{"taxonomy":"product_tag","embeddable":true,"href":"https:\/\/www.multicasa.com.br\/inicio\/wp-json\/wp\/v2\/product_tag?post=22071"}],"curies":[{"name":"wp","href":"https:\/\/api.w.org\/{rel}","templated":true}]}}