{"id":22116,"date":"2025-06-20T20:30:31","date_gmt":"2025-06-21T00:30:31","guid":{"rendered":"https:\/\/www.multicasa.com.br\/inicio\/?post_type=product&#038;p=22116"},"modified":"2026-05-05T15:50:54","modified_gmt":"2026-05-05T19:50:54","slug":"gancho-adesivo-branco-metal-command-3m-3-pecas-ate-225g","status":"publish","type":"product","link":"https:\/\/www.multicasa.com.br\/inicio\/produto\/gancho-adesivo-branco-metal-command-3m-3-pecas-ate-225g\/","title":{"rendered":"Gancho Adesivo Branco\/Metal Command 3M 3 Pe\u00e7as at\u00e9 225g"},"content":{"rendered":"<p>Gancho Adesivo Command 3M, cartela com 3 ganhos, produzido em pl\u00e1stico na cor branco com gancho de metal e capacidade de peso de at\u00e9 225g. Organize-se sem pregos e parafusos e remova os sem estragar as paredes, com o revolucion\u00e1rio command, os ganchos fixam-se fortemente em diversos tipos de superf\u00edcies, s\u00e3o f\u00e1ceis de remover e podem ser reutilizados. Ideais para organizar e pendurar diversos objetos e podem ser aplicados em vidros, madeiras, superf\u00edcies met\u00e1licas, pl\u00e1sticos e superf\u00edcies lisas em geral.<\/p>\n","protected":false},"excerpt":{"rendered":"<h4 style=\"margin: 0px;padding: 0px 0px 16px;font-family: Lato, sans-serif;font-weight: bold;line-height: 3rem;color: var(--dark-grey3);font-size: 22px;font-style: normal;letter-spacing: normal;text-align: start;text-indent: 0px;text-transform: none\">Informa\u00e7\u00f5es t\u00e9cnicas<\/h4>\n<p><span style=\"margin: 0px;padding: 0px;font-weight: 450;font-size: 14px;line-height: 21px;color: var(--dark-grey2);font-family: Lato, sans-serif;font-style: normal;letter-spacing: normal;text-align: start;text-indent: 0px;text-transform: none\">Produto: Gancho<br \/>\nMarca: 3M<br \/>\nMaterial: Pl\u00e1stico<br \/>\nCor: Branco<br \/>\nUso Indicado: Fixar na parede quadros, espelhos e objetos em geral<br \/>\nCaracter\u00edsticas: Suporta 225g<br \/>\nN\u00e3o precisa furar<br \/>\nItens Inclusos: 3 ganchos<br \/>\nDimens\u00f5es do produto (A x L x P): 4,2 x 2,2cm<br \/>\n<\/span><\/p>\n","protected":false},"featured_media":22182,"template":"","meta":{"_joinchat":[]},"product_brand":[],"product_cat":[162],"product_tag":[],"class_list":{"0":"post-22116","1":"product","2":"type-product","3":"status-publish","4":"has-post-thumbnail","6":"product_cat-colas-e-cia","8":"first","9":"instock","10":"shipping-taxable","11":"purchasable","12":"product-type-simple"},"_links":{"self":[{"href":"https:\/\/www.multicasa.com.br\/inicio\/wp-json\/wp\/v2\/product\/22116","targetHints":{"allow":["GET"]}}],"collection":[{"href":"https:\/\/www.multicasa.com.br\/inicio\/wp-json\/wp\/v2\/product"}],"about":[{"href":"https:\/\/www.multicasa.com.br\/inicio\/wp-json\/wp\/v2\/types\/product"}],"wp:featuredmedia":[{"embeddable":true,"href":"https:\/\/www.multicasa.com.br\/inicio\/wp-json\/wp\/v2\/media\/22182"}],"wp:attachment":[{"href":"https:\/\/www.multicasa.com.br\/inicio\/wp-json\/wp\/v2\/media?parent=22116"}],"wp:term":[{"taxonomy":"product_brand","embeddable":true,"href":"https:\/\/www.multicasa.com.br\/inicio\/wp-json\/wp\/v2\/product_brand?post=22116"},{"taxonomy":"product_cat","embeddable":true,"href":"https:\/\/www.multicasa.com.br\/inicio\/wp-json\/wp\/v2\/product_cat?post=22116"},{"taxonomy":"product_tag","embeddable":true,"href":"https:\/\/www.multicasa.com.br\/inicio\/wp-json\/wp\/v2\/product_tag?post=22116"}],"curies":[{"name":"wp","href":"https:\/\/api.w.org\/{rel}","templated":true}]}}