{"id":22138,"date":"2025-06-20T20:30:56","date_gmt":"2025-06-21T00:30:56","guid":{"rendered":"https:\/\/www.multicasa.com.br\/inicio\/?post_type=product&#038;p=22138"},"modified":"2025-06-20T20:32:01","modified_gmt":"2025-06-21T00:32:01","slug":"espremedor-de-alho-em-aluminio-assessorlar","status":"publish","type":"product","link":"https:\/\/www.multicasa.com.br\/inicio\/produto\/espremedor-de-alho-em-aluminio-assessorlar\/","title":{"rendered":"Espremedor de Alho em Alum\u00ednio Assessorlar"},"content":{"rendered":"<p>Com o espremedor de alho Assessorlar voc\u00ea pode espremer alho, al\u00e9m de limpar escamas de peixe, abrir garrafas, quebrar nozes e remover caro\u00e7os de azeitonas. Em alum\u00ednio fundido, \u00e9 resistente e perfeito para sua rotina na cozinha.<\/p>\n","protected":false},"excerpt":{"rendered":"<h4 style=\"margin: 0px;padding: 0px 0px 16px;font-family: Lato, sans-serif;font-weight: bold;line-height: 3rem;color: var(--dark-grey3);font-size: 22px;font-style: normal;letter-spacing: normal;text-align: start;text-indent: 0px;text-transform: none\">Informa\u00e7\u00f5es t\u00e9cnicas<\/h4>\n<p><span style=\"margin: 0px;padding: 0px;font-weight: 450;font-size: 14px;line-height: 21px;color: var(--dark-grey2);font-family: Lato, sans-serif;font-style: normal;letter-spacing: normal;text-align: start;text-indent: 0px;text-transform: none\">Produto: Espremedor de alho<br \/>\nMarca: Assessorlar<br \/>\nMaterial: Alum\u00ednio Fundido<br \/>\nCor: Prata<br \/>\nUso indicado: espremer alho<br \/>\nlimpar escamas de peixes<br \/>\nabrir garrafas<br \/>\nquebrar nozes<br \/>\nremover caro\u00e7o de azeitona<br \/>\nItens Inclusos: 1 espremedor de alho<br \/>\nDimens\u00f5es do produto (A x L): 5 x 15cm<\/span><\/p>\n","protected":false},"featured_media":22206,"template":"","meta":{"_joinchat":[]},"product_brand":[],"product_cat":[93],"product_tag":[],"class_list":{"0":"post-22138","1":"product","2":"type-product","3":"status-publish","4":"has-post-thumbnail","6":"product_cat-utensilios-para-cozinha","8":"first","9":"outofstock","10":"shipping-taxable","11":"product-type-simple"},"_links":{"self":[{"href":"https:\/\/www.multicasa.com.br\/inicio\/wp-json\/wp\/v2\/product\/22138","targetHints":{"allow":["GET"]}}],"collection":[{"href":"https:\/\/www.multicasa.com.br\/inicio\/wp-json\/wp\/v2\/product"}],"about":[{"href":"https:\/\/www.multicasa.com.br\/inicio\/wp-json\/wp\/v2\/types\/product"}],"wp:featuredmedia":[{"embeddable":true,"href":"https:\/\/www.multicasa.com.br\/inicio\/wp-json\/wp\/v2\/media\/22206"}],"wp:attachment":[{"href":"https:\/\/www.multicasa.com.br\/inicio\/wp-json\/wp\/v2\/media?parent=22138"}],"wp:term":[{"taxonomy":"product_brand","embeddable":true,"href":"https:\/\/www.multicasa.com.br\/inicio\/wp-json\/wp\/v2\/product_brand?post=22138"},{"taxonomy":"product_cat","embeddable":true,"href":"https:\/\/www.multicasa.com.br\/inicio\/wp-json\/wp\/v2\/product_cat?post=22138"},{"taxonomy":"product_tag","embeddable":true,"href":"https:\/\/www.multicasa.com.br\/inicio\/wp-json\/wp\/v2\/product_tag?post=22138"}],"curies":[{"name":"wp","href":"https:\/\/api.w.org\/{rel}","templated":true}]}}