{"id":22143,"date":"2025-06-20T20:30:56","date_gmt":"2025-06-21T00:30:56","guid":{"rendered":"https:\/\/www.multicasa.com.br\/inicio\/?post_type=product&#038;p=22143"},"modified":"2025-12-16T19:35:55","modified_gmt":"2025-12-16T23:35:55","slug":"omeleteira-de-plastico-para-micro-ondas-plasutil","status":"publish","type":"product","link":"https:\/\/www.multicasa.com.br\/inicio\/produto\/omeleteira-de-plastico-para-micro-ondas-plasutil\/","title":{"rendered":"Omeleteira de Pl\u00e1stico para Micro-ondas Plas\u00fatil"},"content":{"rendered":"<p>A Omeleteira de Pl\u00e1stico para Micro-ondas da Plas\u00fatil \u00e9 indicada preparar ovos e omeletes no micro-ondas. Pr\u00e1tica, tem material at\u00f3xico e engate fecha r\u00e1pido com design moderno. Uso indicado para preparar suas refei\u00e7\u00f5es com tranquilidade e rapidez enquanto voc\u00ea faz outros afazeres.<\/p>\n","protected":false},"excerpt":{"rendered":"<h4 style=\"margin: 0px;padding: 0px 0px 16px;font-family: Lato, sans-serif;font-weight: bold;line-height: 3rem;color: var(--dark-grey3);font-size: 22px;font-style: normal;letter-spacing: normal;text-align: start;text-indent: 0px;text-transform: none\">Informa\u00e7\u00f5es t\u00e9cnicas<\/h4>\n<p><span style=\"margin: 0px;padding: 0px;font-weight: 450;font-size: 14px;line-height: 21px;color: var(--dark-grey2);font-family: Lato, sans-serif;font-style: normal;letter-spacing: normal;text-align: start;text-indent: 0px;text-transform: none\">Produto: Omeleteira de Pl\u00e1stico<br \/>\nMarca: Plas\u00fatil<br \/>\nMaterial: Pl\u00e1stico<br \/>\nCor: Sortido<br \/>\nCaracter\u00edstica: 2 em 1<br \/>\nItens Inclusos: 1 Omeleteira de pl\u00e1stico;<br \/>\n1 Forma para ovos<br \/>\n1 Forma para omelete.<br \/>\nDimens\u00f5es do produto (A x L x P): 18,5 x 15,7 x 5,5cm<\/span><\/p>\n","protected":false},"featured_media":22222,"template":"","meta":{"_joinchat":[]},"product_brand":[],"product_cat":[93],"product_tag":[],"class_list":{"0":"post-22143","1":"product","2":"type-product","3":"status-publish","4":"has-post-thumbnail","6":"product_cat-utensilios-para-cozinha","8":"first","9":"outofstock","10":"shipping-taxable","11":"product-type-simple"},"_links":{"self":[{"href":"https:\/\/www.multicasa.com.br\/inicio\/wp-json\/wp\/v2\/product\/22143","targetHints":{"allow":["GET"]}}],"collection":[{"href":"https:\/\/www.multicasa.com.br\/inicio\/wp-json\/wp\/v2\/product"}],"about":[{"href":"https:\/\/www.multicasa.com.br\/inicio\/wp-json\/wp\/v2\/types\/product"}],"wp:featuredmedia":[{"embeddable":true,"href":"https:\/\/www.multicasa.com.br\/inicio\/wp-json\/wp\/v2\/media\/22222"}],"wp:attachment":[{"href":"https:\/\/www.multicasa.com.br\/inicio\/wp-json\/wp\/v2\/media?parent=22143"}],"wp:term":[{"taxonomy":"product_brand","embeddable":true,"href":"https:\/\/www.multicasa.com.br\/inicio\/wp-json\/wp\/v2\/product_brand?post=22143"},{"taxonomy":"product_cat","embeddable":true,"href":"https:\/\/www.multicasa.com.br\/inicio\/wp-json\/wp\/v2\/product_cat?post=22143"},{"taxonomy":"product_tag","embeddable":true,"href":"https:\/\/www.multicasa.com.br\/inicio\/wp-json\/wp\/v2\/product_tag?post=22143"}],"curies":[{"name":"wp","href":"https:\/\/api.w.org\/{rel}","templated":true}]}}