{"id":22168,"date":"2025-06-20T20:31:23","date_gmt":"2025-06-21T00:31:23","guid":{"rendered":"https:\/\/www.multicasa.com.br\/inicio\/?post_type=product&#038;p=22168"},"modified":"2025-12-16T19:36:59","modified_gmt":"2025-12-16T23:36:59","slug":"separador-de-gema-em-plastico-branco-daivak","status":"publish","type":"product","link":"https:\/\/www.multicasa.com.br\/inicio\/produto\/separador-de-gema-em-plastico-branco-daivak\/","title":{"rendered":"Separador de Gema em Pl\u00e1stico Branco Daivak"},"content":{"rendered":"<p>Use o Separador de Gema da Daivak para preparar suas receitas sem errar e com praticidade. Fabricado em pl\u00e1stico branco, possui al\u00e7a para apoio e corte ao fundo para que a gema possa passar corretamente pelo orif\u00edcio. Ideal para fritar ovos com precis\u00e3o ou bater claras em neve para bolos. Tem dimens\u00f5es de 6 x 6 x 13 cm.<\/p>\n","protected":false},"excerpt":{"rendered":"<h4 style=\"margin: 0px;padding: 0px 0px 16px;font-family: Lato, sans-serif;font-weight: bold;line-height: 3rem;color: var(--dark-grey3);font-size: 22px;font-style: normal;letter-spacing: normal;text-align: start;text-indent: 0px;text-transform: none\">Informa\u00e7\u00f5es t\u00e9cnicas<\/h4>\n<p><span style=\"margin: 0px;padding: 0px;font-weight: 450;font-size: 14px;line-height: 21px;color: var(--dark-grey2);font-family: Lato, sans-serif;font-style: normal;letter-spacing: normal;text-align: start;text-indent: 0px;text-transform: none\">Produto: Separador de Gema<br \/>\nMarca: Daivak<br \/>\nMaterial: Pl\u00e1stico<br \/>\nCor: Branco<br \/>\nItens Inclusos: 1 Separador de gema<br \/>\nDimens\u00f5es do produto (A x L x P): 6 x 13 x 6cm<\/span><\/p>\n","protected":false},"featured_media":25967,"template":"","meta":{"_joinchat":[]},"product_brand":[],"product_cat":[93],"product_tag":[],"class_list":{"0":"post-22168","1":"product","2":"type-product","3":"status-publish","4":"has-post-thumbnail","6":"product_cat-utensilios-para-cozinha","8":"first","9":"outofstock","10":"shipping-taxable","11":"product-type-simple"},"_links":{"self":[{"href":"https:\/\/www.multicasa.com.br\/inicio\/wp-json\/wp\/v2\/product\/22168","targetHints":{"allow":["GET"]}}],"collection":[{"href":"https:\/\/www.multicasa.com.br\/inicio\/wp-json\/wp\/v2\/product"}],"about":[{"href":"https:\/\/www.multicasa.com.br\/inicio\/wp-json\/wp\/v2\/types\/product"}],"wp:featuredmedia":[{"embeddable":true,"href":"https:\/\/www.multicasa.com.br\/inicio\/wp-json\/wp\/v2\/media\/25967"}],"wp:attachment":[{"href":"https:\/\/www.multicasa.com.br\/inicio\/wp-json\/wp\/v2\/media?parent=22168"}],"wp:term":[{"taxonomy":"product_brand","embeddable":true,"href":"https:\/\/www.multicasa.com.br\/inicio\/wp-json\/wp\/v2\/product_brand?post=22168"},{"taxonomy":"product_cat","embeddable":true,"href":"https:\/\/www.multicasa.com.br\/inicio\/wp-json\/wp\/v2\/product_cat?post=22168"},{"taxonomy":"product_tag","embeddable":true,"href":"https:\/\/www.multicasa.com.br\/inicio\/wp-json\/wp\/v2\/product_tag?post=22168"}],"curies":[{"name":"wp","href":"https:\/\/api.w.org\/{rel}","templated":true}]}}