{"id":22170,"date":"2025-06-20T20:31:23","date_gmt":"2025-06-21T00:31:23","guid":{"rendered":"https:\/\/www.multicasa.com.br\/inicio\/?post_type=product&#038;p=22170"},"modified":"2025-08-17T19:18:27","modified_gmt":"2025-08-17T23:18:27","slug":"rele-fotocelula-qr51-qualitronix","status":"publish","type":"product","link":"https:\/\/www.multicasa.com.br\/inicio\/produto\/rele-fotocelula-qr51-qualitronix\/","title":{"rendered":"Rele Fotocelula Qr51 Qualitronix"},"content":{"rendered":"<p>Rel\u00e9 fotoel\u00e9trico desenvolvido principalmente para controle de luminosos, fachadas eletr\u00f4nicas, ilumina\u00e7\u00e3o de postes e jardins. Este rel\u00e9 \u00e9 equipado com um sensor fotoel\u00e9trico que identifica quando \u00e9 dia e quando \u00e9 noite. Quando anoitece ele acende as luzes, quando amanhece apaga. Bivolt 127 \/ 220 volts, serve em qualquer tipo de l\u00e2mpada.<\/p>\n","protected":false},"excerpt":{"rendered":"<h4 style=\"margin: 0px;padding: 0px 0px 16px;font-family: Lato, sans-serif;font-weight: bold;line-height: 3rem;color: var(--dark-grey3);font-size: 22px;font-style: normal;letter-spacing: normal;text-align: start;text-indent: 0px;text-transform: none\">Informa\u00e7\u00f5es t\u00e9cnicas<\/h4>\n<p><span style=\"margin: 0px;padding: 0px;font-weight: 450;font-size: 14px;line-height: 21px;color: var(--dark-grey2);font-family: Lato, sans-serif;font-style: normal;letter-spacing: normal;text-align: start;text-indent: 0px;text-transform: none\">PRODUTO: RELE FOTOCELULA QR51 QUALITRONIX<br \/>\nMARCA: QUALITRONIX<\/p>\n<p>Caracter\u00edsticas T\u00e9cnicas:                                        &#8211; Modelo QR51.<br \/>\n&#8211; Fabricante : Qualitronix.<br \/>\n&#8211; Tens\u00e3o : Bivolt 127 \/ 220 volts.<br \/>\n&#8211; Suporta : 127v &#8211; 500 Watts \/ 220v &#8211; 1000 Watts Lampadas Incandescente<br \/>\n&#8211; Suporta : 127V &#8211; 160 Watts \/ 220v &#8211; 320 Watts Lampada Fluorescente<br \/>\n&#8211; Fixa\u00e7\u00e3o : Atrav\u00e9s de suporte tipo &#8220;L&#8221;<br \/>\n&#8211; Hor\u00e1rio de acendimento : Pr\u00f3ximo 18hs em dias normais de luminosidade.<br \/>\n&#8211; Hor\u00e1rio de desligamento : Pr\u00f3ximo das 6hs em dias normais de luminosidade.<br \/>\n&#8211; Dimens\u00f5es embalagem: 6 cm altura \/ 12 cm de largura \/ 17 cm de comprimento.<br \/>\n&#8211; Peso: 70 gramas<br \/>\n&#8211; Garantia : 2 Anos<br \/>\nCarga m\u00e1xima suport\u00e1vel: 500VA em 127V ou 1000VA em 220V;<br \/>\nTens\u00e3o: Bivolt<\/span><\/p>\n","protected":false},"featured_media":25919,"template":"","meta":{"_joinchat":[]},"product_brand":[],"product_cat":[119],"product_tag":[],"class_list":{"0":"post-22170","1":"product","2":"type-product","3":"status-publish","4":"has-post-thumbnail","6":"product_cat-materiais-eletricos","8":"first","9":"outofstock","10":"shipping-taxable","11":"purchasable","12":"product-type-simple"},"_links":{"self":[{"href":"https:\/\/www.multicasa.com.br\/inicio\/wp-json\/wp\/v2\/product\/22170","targetHints":{"allow":["GET"]}}],"collection":[{"href":"https:\/\/www.multicasa.com.br\/inicio\/wp-json\/wp\/v2\/product"}],"about":[{"href":"https:\/\/www.multicasa.com.br\/inicio\/wp-json\/wp\/v2\/types\/product"}],"wp:featuredmedia":[{"embeddable":true,"href":"https:\/\/www.multicasa.com.br\/inicio\/wp-json\/wp\/v2\/media\/25919"}],"wp:attachment":[{"href":"https:\/\/www.multicasa.com.br\/inicio\/wp-json\/wp\/v2\/media?parent=22170"}],"wp:term":[{"taxonomy":"product_brand","embeddable":true,"href":"https:\/\/www.multicasa.com.br\/inicio\/wp-json\/wp\/v2\/product_brand?post=22170"},{"taxonomy":"product_cat","embeddable":true,"href":"https:\/\/www.multicasa.com.br\/inicio\/wp-json\/wp\/v2\/product_cat?post=22170"},{"taxonomy":"product_tag","embeddable":true,"href":"https:\/\/www.multicasa.com.br\/inicio\/wp-json\/wp\/v2\/product_tag?post=22170"}],"curies":[{"name":"wp","href":"https:\/\/api.w.org\/{rel}","templated":true}]}}