{"id":22171,"date":"2025-06-20T20:31:23","date_gmt":"2025-06-21T00:31:23","guid":{"rendered":"https:\/\/www.multicasa.com.br\/inicio\/?post_type=product&#038;p=22171"},"modified":"2026-01-16T11:30:24","modified_gmt":"2026-01-16T15:30:24","slug":"escorredor-de-loucas-de-parede-em-aco-cromado-arthi","status":"publish","type":"product","link":"https:\/\/www.multicasa.com.br\/inicio\/produto\/escorredor-de-loucas-de-parede-em-aco-cromado-arthi\/","title":{"rendered":"Escorredor de Lou\u00e7as de Parede em A\u00e7o Cromado Arthi"},"content":{"rendered":"<p>O Escorredor de Lou\u00e7as de Parede Arthi \u00e9 feito em A\u00e7o Cromado, material super resistente e dur\u00e1vel. Tem capacidade para 11 pratos, 4 copos e talheres, ideal para organizar a pia, al\u00e9m de compacto e pr\u00e1tico. O escorredor suspenso foi projetado para se encaixar principalmente em ambientes que possuem espa\u00e7o limitado!<\/p>\n","protected":false},"excerpt":{"rendered":"<h4 style=\"margin: 0px;padding: 0px 0px 16px;font-family: Lato, sans-serif;font-weight: bold;line-height: 3rem;color: var(--dark-grey3);font-size: 22px;font-style: normal;letter-spacing: normal;text-align: start;text-indent: 0px;text-transform: none\">Informa\u00e7\u00f5es t\u00e9cnicas<\/h4>\n<p><span style=\"margin: 0px;padding: 0px;font-weight: 450;font-size: 14px;line-height: 21px;color: var(--dark-grey2);font-family: Lato, sans-serif;font-style: normal;letter-spacing: normal;text-align: start;text-indent: 0px;text-transform: none\">Produto: Escorredor de lou\u00e7a de parede<br \/>\nMarca: Arthi<br \/>\nMaterial: A\u00e7o<br \/>\nCor: Prata<br \/>\nCapacidade: 11 pratos, 4 copos<br \/>\nCaracter\u00edsticas: Possui porta talher<br \/>\nItens Inclusos: 1 escorredor de lou\u00e7a<br \/>\nDimens\u00f5es do produto (A x L x P): 33 x 31 x 25cm<\/span><\/p>\n","protected":false},"featured_media":25124,"template":"","meta":{"_joinchat":[]},"product_brand":[],"product_cat":[93],"product_tag":[],"class_list":{"0":"post-22171","1":"product","2":"type-product","3":"status-publish","4":"has-post-thumbnail","6":"product_cat-utensilios-para-cozinha","8":"first","9":"instock","10":"shipping-taxable","11":"purchasable","12":"product-type-simple"},"_links":{"self":[{"href":"https:\/\/www.multicasa.com.br\/inicio\/wp-json\/wp\/v2\/product\/22171","targetHints":{"allow":["GET"]}}],"collection":[{"href":"https:\/\/www.multicasa.com.br\/inicio\/wp-json\/wp\/v2\/product"}],"about":[{"href":"https:\/\/www.multicasa.com.br\/inicio\/wp-json\/wp\/v2\/types\/product"}],"wp:featuredmedia":[{"embeddable":true,"href":"https:\/\/www.multicasa.com.br\/inicio\/wp-json\/wp\/v2\/media\/25124"}],"wp:attachment":[{"href":"https:\/\/www.multicasa.com.br\/inicio\/wp-json\/wp\/v2\/media?parent=22171"}],"wp:term":[{"taxonomy":"product_brand","embeddable":true,"href":"https:\/\/www.multicasa.com.br\/inicio\/wp-json\/wp\/v2\/product_brand?post=22171"},{"taxonomy":"product_cat","embeddable":true,"href":"https:\/\/www.multicasa.com.br\/inicio\/wp-json\/wp\/v2\/product_cat?post=22171"},{"taxonomy":"product_tag","embeddable":true,"href":"https:\/\/www.multicasa.com.br\/inicio\/wp-json\/wp\/v2\/product_tag?post=22171"}],"curies":[{"name":"wp","href":"https:\/\/api.w.org\/{rel}","templated":true}]}}