{"id":22214,"date":"2025-06-20T20:32:10","date_gmt":"2025-06-21T00:32:10","guid":{"rendered":"https:\/\/www.multicasa.com.br\/inicio\/?post_type=product&#038;p=22214"},"modified":"2025-06-20T20:32:54","modified_gmt":"2025-06-21T00:32:54","slug":"feltro-protetor-adesivo-redondo-preto-betters-37x3mm-8-pecas","status":"publish","type":"product","link":"https:\/\/www.multicasa.com.br\/inicio\/produto\/feltro-protetor-adesivo-redondo-preto-betters-37x3mm-8-pecas\/","title":{"rendered":"Feltro Protetor Adesivo Redondo Preto Betters 37x3mm &#8211; 8 Pe\u00e7as"},"content":{"rendered":"<p>O Feltro Protetor Adesivo Betters protege superf\u00edcies e objetos contra riscos, batidas e deslizamentos. Modelo Redondo na cor preto com fixa\u00e7\u00e3o r\u00e1pida, pr\u00e1tica e super forte, ideal para portas, paredes, ma\u00e7anetas, gavetas, mesas, etc. Os os protetores n\u00e3o amarelam, n\u00e3o possuem resina e n\u00e3o riscam, al\u00e9m de serem totalmente resistentes com excelente ader\u00eancia.<br \/>\nEmbalagem com 8 pe\u00e7as no tamanho de 37mm x 3mm cada.<\/p>\n","protected":false},"excerpt":{"rendered":"<h4 style=\"margin: 0px;padding: 0px 0px 16px;font-family: Lato, sans-serif;font-weight: bold;line-height: 3rem;color: var(--dark-grey3);font-size: 22px;font-style: normal;letter-spacing: normal;text-align: start;text-indent: 0px;text-transform: none\">Informa\u00e7\u00f5es t\u00e9cnicas<\/h4>\n<p><span style=\"margin: 0px;padding: 0px;font-weight: 450;font-size: 14px;line-height: 21px;color: var(--dark-grey2);font-family: Lato, sans-serif;font-style: normal;letter-spacing: normal;text-align: start;text-indent: 0px;text-transform: none\"><br \/>\nProduto: Feltro Protetor Adesivo<br \/>\nMarca: Betters<br \/>\nMaterial: 100% Feltro<br \/>\nCor: Preto<br \/>\nCaracter\u00edsticas: Formato redondo<br \/>\nN\u00e3o amarelam<br \/>\nSem resina<br \/>\nN\u00e3o riscam<br \/>\nItens inclusos: 8 Protetores adesivos<br \/>\nDimens\u00f5es do produto (A X L X P): 37mm x 37mm x 3mm<\/span><\/p>\n","protected":false},"featured_media":22264,"template":"","meta":{"_joinchat":[]},"product_brand":[],"product_cat":[162],"product_tag":[],"class_list":{"0":"post-22214","1":"product","2":"type-product","3":"status-publish","4":"has-post-thumbnail","6":"product_cat-colas-e-cia","8":"first","9":"outofstock","10":"shipping-taxable","11":"product-type-simple"},"_links":{"self":[{"href":"https:\/\/www.multicasa.com.br\/inicio\/wp-json\/wp\/v2\/product\/22214","targetHints":{"allow":["GET"]}}],"collection":[{"href":"https:\/\/www.multicasa.com.br\/inicio\/wp-json\/wp\/v2\/product"}],"about":[{"href":"https:\/\/www.multicasa.com.br\/inicio\/wp-json\/wp\/v2\/types\/product"}],"wp:featuredmedia":[{"embeddable":true,"href":"https:\/\/www.multicasa.com.br\/inicio\/wp-json\/wp\/v2\/media\/22264"}],"wp:attachment":[{"href":"https:\/\/www.multicasa.com.br\/inicio\/wp-json\/wp\/v2\/media?parent=22214"}],"wp:term":[{"taxonomy":"product_brand","embeddable":true,"href":"https:\/\/www.multicasa.com.br\/inicio\/wp-json\/wp\/v2\/product_brand?post=22214"},{"taxonomy":"product_cat","embeddable":true,"href":"https:\/\/www.multicasa.com.br\/inicio\/wp-json\/wp\/v2\/product_cat?post=22214"},{"taxonomy":"product_tag","embeddable":true,"href":"https:\/\/www.multicasa.com.br\/inicio\/wp-json\/wp\/v2\/product_tag?post=22214"}],"curies":[{"name":"wp","href":"https:\/\/api.w.org\/{rel}","templated":true}]}}