{"id":22219,"date":"2025-06-20T20:32:10","date_gmt":"2025-06-21T00:32:10","guid":{"rendered":"https:\/\/www.multicasa.com.br\/inicio\/?post_type=product&#038;p=22219"},"modified":"2025-12-16T19:38:07","modified_gmt":"2025-12-16T23:38:07","slug":"mini-processador-de-alimentos-manual-cinza-keita","status":"publish","type":"product","link":"https:\/\/www.multicasa.com.br\/inicio\/produto\/mini-processador-de-alimentos-manual-cinza-keita\/","title":{"rendered":"Mini Processador de Alimentos Manual Cinza Keita"},"content":{"rendered":"<p>Com o Mini Processador de Alimentos Manual da Keita voc\u00ea pica e tritura alimentos de forma f\u00e1cil e r\u00e1pida. Ideal para preparar vinagrete e cortar cebola, tomate, legumes e outros com muita praticidade.\u00c9 f\u00e1cil de higienizar e tem dimens\u00f5es de 22cm de altura e 10cm de di\u00e2metro. Uso indicado para quem deseja ganhar tempo na hora de preparar suas receitas favoritas.<\/p>\n","protected":false},"excerpt":{"rendered":"<h4 style=\"margin: 0px;padding: 0px 0px 16px;font-family: Lato, sans-serif;font-weight: bold;line-height: 3rem;color: var(--dark-grey3);font-size: 22px;font-style: normal;letter-spacing: normal;text-align: start;text-indent: 0px;text-transform: none\">Informa\u00e7\u00f5es t\u00e9cnicas<\/h4>\n<p><span style=\"margin: 0px;padding: 0px;font-weight: 450;font-size: 14px;line-height: 21px;color: var(--dark-grey2);font-family: Lato, sans-serif;font-style: normal;letter-spacing: normal;text-align: start;text-indent: 0px;text-transform: none\">Produto: Mini Processador<br \/>\nTipo: Manual<br \/>\nMarca: Keita<br \/>\nMaterial: L\u00e2minas em Inox<br \/>\nCorpo emPl\u00e1stico<br \/>\nCor:<br \/>\nItens Inclusos: 1 mini processador<br \/>\nDi\u00e2metro do produto: 10cm<br \/>\nDimens\u00f5es do produto (A): 22cm<\/span><\/p>\n","protected":false},"featured_media":25559,"template":"","meta":{"_joinchat":[]},"product_brand":[],"product_cat":[93],"product_tag":[],"class_list":{"0":"post-22219","1":"product","2":"type-product","3":"status-publish","4":"has-post-thumbnail","6":"product_cat-utensilios-para-cozinha","8":"first","9":"outofstock","10":"shipping-taxable","11":"product-type-simple"},"_links":{"self":[{"href":"https:\/\/www.multicasa.com.br\/inicio\/wp-json\/wp\/v2\/product\/22219","targetHints":{"allow":["GET"]}}],"collection":[{"href":"https:\/\/www.multicasa.com.br\/inicio\/wp-json\/wp\/v2\/product"}],"about":[{"href":"https:\/\/www.multicasa.com.br\/inicio\/wp-json\/wp\/v2\/types\/product"}],"wp:featuredmedia":[{"embeddable":true,"href":"https:\/\/www.multicasa.com.br\/inicio\/wp-json\/wp\/v2\/media\/25559"}],"wp:attachment":[{"href":"https:\/\/www.multicasa.com.br\/inicio\/wp-json\/wp\/v2\/media?parent=22219"}],"wp:term":[{"taxonomy":"product_brand","embeddable":true,"href":"https:\/\/www.multicasa.com.br\/inicio\/wp-json\/wp\/v2\/product_brand?post=22219"},{"taxonomy":"product_cat","embeddable":true,"href":"https:\/\/www.multicasa.com.br\/inicio\/wp-json\/wp\/v2\/product_cat?post=22219"},{"taxonomy":"product_tag","embeddable":true,"href":"https:\/\/www.multicasa.com.br\/inicio\/wp-json\/wp\/v2\/product_tag?post=22219"}],"curies":[{"name":"wp","href":"https:\/\/api.w.org\/{rel}","templated":true}]}}