{"id":22220,"date":"2025-06-20T20:32:10","date_gmt":"2025-06-21T00:32:10","guid":{"rendered":"https:\/\/www.multicasa.com.br\/inicio\/?post_type=product&#038;p=22220"},"modified":"2026-01-16T10:21:12","modified_gmt":"2026-01-16T14:21:12","slug":"suporte-para-utensilios-aco-future-6-ganchos","status":"publish","type":"product","link":"https:\/\/www.multicasa.com.br\/inicio\/produto\/suporte-para-utensilios-aco-future-6-ganchos\/","title":{"rendered":"Suporte para Utens\u00edlios A\u00e7o Future 6 ganchos"},"content":{"rendered":"<p>Com o Suporte para Utens\u00edlios Future voc\u00ea tem 6 ganchos para usar tanto na cozinha como em outros lugares da casa. Produzido em a\u00e7o cromado, com aproximadamente 31cm de comprimento, acompanha um kit para fixa\u00e7\u00e3o na parede. Organize sua cozinha da melhor forma!<\/p>\n","protected":false},"excerpt":{"rendered":"<h4 style=\"margin: 0px;padding: 0px 0px 16px;font-family: Lato, sans-serif;font-weight: bold;line-height: 3rem;color: var(--dark-grey3);font-size: 22px;font-style: normal;letter-spacing: normal;text-align: start;text-indent: 0px;text-transform: none\">Informa\u00e7\u00f5es t\u00e9cnicas<\/h4>\n<p><span style=\"margin: 0px;padding: 0px;font-weight: 450;font-size: 14px;line-height: 21px;color: var(--dark-grey2);font-family: Lato, sans-serif;font-style: normal;letter-spacing: normal;text-align: start;text-indent: 0px;text-transform: none\">Produto: Suporte de utens\u00edlios<br \/>\nMarca: Future<br \/>\nMaterial: A\u00e7o<br \/>\nAcabamento: Cromado<br \/>\nCor: Prata<br \/>\nCaracter\u00edsticas: 6 ganchos<br \/>\nAcompanha kit para fixa\u00e7\u00e3o<br \/>\nPode ser usado no banheiro, quarto e etc<br \/>\nItens Inclusos: 1 suporte de utens\u00edlios<br \/>\nDimens\u00f5es do produto (A x L X P): 6,5 x 31 x 4cm<\/span><\/p>\n","protected":false},"featured_media":22267,"template":"","meta":{"_joinchat":[]},"product_brand":[],"product_cat":[93],"product_tag":[],"class_list":{"0":"post-22220","1":"product","2":"type-product","3":"status-publish","4":"has-post-thumbnail","6":"product_cat-utensilios-para-cozinha","8":"first","9":"outofstock","10":"shipping-taxable","11":"purchasable","12":"product-type-simple"},"_links":{"self":[{"href":"https:\/\/www.multicasa.com.br\/inicio\/wp-json\/wp\/v2\/product\/22220","targetHints":{"allow":["GET"]}}],"collection":[{"href":"https:\/\/www.multicasa.com.br\/inicio\/wp-json\/wp\/v2\/product"}],"about":[{"href":"https:\/\/www.multicasa.com.br\/inicio\/wp-json\/wp\/v2\/types\/product"}],"wp:featuredmedia":[{"embeddable":true,"href":"https:\/\/www.multicasa.com.br\/inicio\/wp-json\/wp\/v2\/media\/22267"}],"wp:attachment":[{"href":"https:\/\/www.multicasa.com.br\/inicio\/wp-json\/wp\/v2\/media?parent=22220"}],"wp:term":[{"taxonomy":"product_brand","embeddable":true,"href":"https:\/\/www.multicasa.com.br\/inicio\/wp-json\/wp\/v2\/product_brand?post=22220"},{"taxonomy":"product_cat","embeddable":true,"href":"https:\/\/www.multicasa.com.br\/inicio\/wp-json\/wp\/v2\/product_cat?post=22220"},{"taxonomy":"product_tag","embeddable":true,"href":"https:\/\/www.multicasa.com.br\/inicio\/wp-json\/wp\/v2\/product_tag?post=22220"}],"curies":[{"name":"wp","href":"https:\/\/api.w.org\/{rel}","templated":true}]}}