{"id":22240,"date":"2025-06-20T20:32:37","date_gmt":"2025-06-21T00:32:37","guid":{"rendered":"https:\/\/www.multicasa.com.br\/inicio\/?post_type=product&#038;p=22240"},"modified":"2026-03-17T12:00:20","modified_gmt":"2026-03-17T16:00:20","slug":"peneira-de-inox-mimo-16cm","status":"publish","type":"product","link":"https:\/\/www.multicasa.com.br\/inicio\/produto\/peneira-de-inox-mimo-16cm\/","title":{"rendered":"Peneira de Inox Mimo 16cm"},"content":{"rendered":"<p>A Peneira de Inox Mimo \u00e9 f\u00e1cil de usar e de limpar, sendo perfeita para auxiliar no preparo das suas receitas como sucos, compotas e mais. Feita em a\u00e7o inoxid\u00e1ve altamente dur\u00e1vel, tem trama fechada e maior espessura na tela sendo ideal para coar e peneirar. Al\u00e9m disso, tem gancho lateral que permite apoiar a peneira sobre um bowl ou tigela enquanto a \u00e1gua escorre. Com 16cm, seu formato de cabo permite que seja pendurado com muita facilidade em ganchos e similares.<\/p>\n","protected":false},"excerpt":{"rendered":"<h4 style=\"margin: 0px;padding: 0px 0px 16px;font-family: Lato, sans-serif;font-weight: bold;line-height: 3rem;color: var(--dark-grey3);font-size: 22px;font-style: normal;letter-spacing: normal;text-align: start;text-indent: 0px;text-transform: none\">Informa\u00e7\u00f5es t\u00e9cnicas<\/h4>\n<p><span style=\"margin: 0px;padding: 0px;font-weight: 450;font-size: 14px;line-height: 21px;color: var(--dark-grey2);font-family: Lato, sans-serif;font-style: normal;letter-spacing: normal;text-align: start;text-indent: 0px;text-transform: none\">Produto: Peneira<br \/>\nMarca: Mimo<br \/>\nMaterial: A\u00e7o inox<br \/>\nCor: Prata<br \/>\nItens Inclusos: 1 Peneira<br \/>\nDimens\u00f5es do produto (A x P): 31 x 5,5cm; 16cm de di\u00e2metro.<\/span><\/p>\n","protected":false},"featured_media":22286,"template":"","meta":{"_joinchat":[]},"product_brand":[],"product_cat":[93],"product_tag":[],"class_list":{"0":"post-22240","1":"product","2":"type-product","3":"status-publish","4":"has-post-thumbnail","6":"product_cat-utensilios-para-cozinha","8":"first","9":"outofstock","10":"shipping-taxable","11":"purchasable","12":"product-type-simple"},"_links":{"self":[{"href":"https:\/\/www.multicasa.com.br\/inicio\/wp-json\/wp\/v2\/product\/22240","targetHints":{"allow":["GET"]}}],"collection":[{"href":"https:\/\/www.multicasa.com.br\/inicio\/wp-json\/wp\/v2\/product"}],"about":[{"href":"https:\/\/www.multicasa.com.br\/inicio\/wp-json\/wp\/v2\/types\/product"}],"wp:featuredmedia":[{"embeddable":true,"href":"https:\/\/www.multicasa.com.br\/inicio\/wp-json\/wp\/v2\/media\/22286"}],"wp:attachment":[{"href":"https:\/\/www.multicasa.com.br\/inicio\/wp-json\/wp\/v2\/media?parent=22240"}],"wp:term":[{"taxonomy":"product_brand","embeddable":true,"href":"https:\/\/www.multicasa.com.br\/inicio\/wp-json\/wp\/v2\/product_brand?post=22240"},{"taxonomy":"product_cat","embeddable":true,"href":"https:\/\/www.multicasa.com.br\/inicio\/wp-json\/wp\/v2\/product_cat?post=22240"},{"taxonomy":"product_tag","embeddable":true,"href":"https:\/\/www.multicasa.com.br\/inicio\/wp-json\/wp\/v2\/product_tag?post=22240"}],"curies":[{"name":"wp","href":"https:\/\/api.w.org\/{rel}","templated":true}]}}