{"id":22243,"date":"2025-06-20T20:32:37","date_gmt":"2025-06-21T00:32:37","guid":{"rendered":"https:\/\/www.multicasa.com.br\/inicio\/?post_type=product&#038;p=22243"},"modified":"2025-08-18T04:44:13","modified_gmt":"2025-08-18T08:44:13","slug":"porta-rolos-papel-toalha-com-ventosa-aco-cromado-arthi-3-rolos","status":"publish","type":"product","link":"https:\/\/www.multicasa.com.br\/inicio\/produto\/porta-rolos-papel-toalha-com-ventosa-aco-cromado-arthi-3-rolos\/","title":{"rendered":"Porta Rolos Papel Toalha com Ventosa A\u00e7o Cromado Arthi 3 rolos"},"content":{"rendered":"<p>Com o Porta Rolos Papel Toalha Arthi voc\u00ea tem suporte para 3 rolos e otimiza o espa\u00e7o da sua cozinha de forma pr\u00e1tica e organizada. Facilmente fixado na parede atrav\u00e9s de duas ventosas, possui espa\u00e7o para rolo de filme PVC, papel toalha e papel alum\u00ednio. Produzido em a\u00e7o cromado com aproximadamente 27,5 cm de largura.<\/p>\n","protected":false},"excerpt":{"rendered":"<h4 style=\"margin: 0px;padding: 0px 0px 16px;font-family: Lato, sans-serif;font-weight: bold;line-height: 3rem;color: var(--dark-grey3);font-size: 22px;font-style: normal;letter-spacing: normal;text-align: start;text-indent: 0px;text-transform: none\">Informa\u00e7\u00f5es t\u00e9cnicas<\/h4>\n<p><span style=\"margin: 0px;padding: 0px;font-weight: 450;font-size: 14px;line-height: 21px;color: var(--dark-grey2);font-family: Lato, sans-serif;font-style: normal;letter-spacing: normal;text-align: start;text-indent: 0px;text-transform: none\">Produto: Porta rolos<br \/>\nMarca: Arthi<br \/>\nMaterial: A\u00e7o<br \/>\nAcabamento: Cromado<br \/>\nCor: Prata<br \/>\nCaracter\u00edsticas: Suporte para papel toalha<br \/>\nSuporte para papel aluminio.<br \/>\nSuporte para pl\u00e1stico filme de pvc<br \/>\nSuporta at\u00e9 3 rolos<br \/>\nQuantidade de pe\u00e7as: 3<br \/>\nItens Inclusos: 1 porta rolos<br \/>\n2 ventosas<br \/>\nDimens\u00f5es do produto (A X L X P): 24 x 27 x 7cm<\/span><\/p>\n","protected":false},"featured_media":22291,"template":"","meta":{"_joinchat":[]},"product_brand":[],"product_cat":[93],"product_tag":[],"class_list":{"0":"post-22243","1":"product","2":"type-product","3":"status-publish","4":"has-post-thumbnail","6":"product_cat-utensilios-para-cozinha","8":"first","9":"outofstock","10":"shipping-taxable","11":"purchasable","12":"product-type-simple"},"_links":{"self":[{"href":"https:\/\/www.multicasa.com.br\/inicio\/wp-json\/wp\/v2\/product\/22243","targetHints":{"allow":["GET"]}}],"collection":[{"href":"https:\/\/www.multicasa.com.br\/inicio\/wp-json\/wp\/v2\/product"}],"about":[{"href":"https:\/\/www.multicasa.com.br\/inicio\/wp-json\/wp\/v2\/types\/product"}],"wp:featuredmedia":[{"embeddable":true,"href":"https:\/\/www.multicasa.com.br\/inicio\/wp-json\/wp\/v2\/media\/22291"}],"wp:attachment":[{"href":"https:\/\/www.multicasa.com.br\/inicio\/wp-json\/wp\/v2\/media?parent=22243"}],"wp:term":[{"taxonomy":"product_brand","embeddable":true,"href":"https:\/\/www.multicasa.com.br\/inicio\/wp-json\/wp\/v2\/product_brand?post=22243"},{"taxonomy":"product_cat","embeddable":true,"href":"https:\/\/www.multicasa.com.br\/inicio\/wp-json\/wp\/v2\/product_cat?post=22243"},{"taxonomy":"product_tag","embeddable":true,"href":"https:\/\/www.multicasa.com.br\/inicio\/wp-json\/wp\/v2\/product_tag?post=22243"}],"curies":[{"name":"wp","href":"https:\/\/api.w.org\/{rel}","templated":true}]}}