{"id":22248,"date":"2025-06-20T20:32:38","date_gmt":"2025-06-21T00:32:38","guid":{"rendered":"https:\/\/www.multicasa.com.br\/inicio\/?post_type=product&#038;p=22248"},"modified":"2025-08-16T18:30:14","modified_gmt":"2025-08-16T22:30:14","slug":"fita-de-demarcacao-de-solo-amarela-scotch-3m-10m","status":"publish","type":"product","link":"https:\/\/www.multicasa.com.br\/inicio\/produto\/fita-de-demarcacao-de-solo-amarela-scotch-3m-10m\/","title":{"rendered":"Fita de Demarca\u00e7\u00e3o de Solo Amarela Scotch 3M 10m"},"content":{"rendered":"<p>A Fita de Demarca\u00e7\u00e3o de Solo Scotch 3M \u00e9 ideal para demarcar e organizar filas, demarcar vagas de garagens e estacionamentos ou sinalizar portas de vidro e equipamentos de combate a inc\u00eandio. Produzida em PVC plastificado na cor amarela e com adesivo \u00e0 base de resina e borracha. Com 10 metros, \u00e9 flex\u00edvel e resiste ao fluxo intenso de pessoas sem descolar ou rachar.<\/p>\n","protected":false},"excerpt":{"rendered":"<h4 style=\"margin: 0px;padding: 0px 0px 16px;font-family: Lato, sans-serif;font-weight: bold;line-height: 3rem;color: var(--dark-grey3);font-size: 22px;font-style: normal;letter-spacing: normal;text-align: start;text-indent: 0px;text-transform: none\">Informa\u00e7\u00f5es t\u00e9cnicas<\/h4>\n<p><span style=\"margin: 0px;padding: 0px;font-weight: 450;font-size: 14px;line-height: 21px;color: var(--dark-grey2);font-family: Lato, sans-serif;font-style: normal;letter-spacing: normal;text-align: start;text-indent: 0px;text-transform: none\">Produto: Fita de demarca\u00e7\u00e3o de solo<br \/>\nMarca: 3M<br \/>\nMaterial: PVC<br \/>\nResina<br \/>\nBorracha<br \/>\nCor: Amarela<br \/>\nCaracter\u00edsticas: Pr\u00e1tica e flex\u00edvel<br \/>\nResiste ao fluxo de pessoas<br \/>\nIdeal para demarcar e organizar filas<br \/>\nItens Inclusos: 1 Fita de demarca\u00e7\u00e3o de solo<br \/>\nDimens\u00f5es do produto (L X C): 5 cm x 10m<br \/>\n<\/span><\/p>\n","protected":false},"featured_media":22316,"template":"","meta":{"_joinchat":[]},"product_brand":[],"product_cat":[162],"product_tag":[],"class_list":{"0":"post-22248","1":"product","2":"type-product","3":"status-publish","4":"has-post-thumbnail","6":"product_cat-colas-e-cia","8":"first","9":"outofstock","10":"shipping-taxable","11":"product-type-simple"},"_links":{"self":[{"href":"https:\/\/www.multicasa.com.br\/inicio\/wp-json\/wp\/v2\/product\/22248","targetHints":{"allow":["GET"]}}],"collection":[{"href":"https:\/\/www.multicasa.com.br\/inicio\/wp-json\/wp\/v2\/product"}],"about":[{"href":"https:\/\/www.multicasa.com.br\/inicio\/wp-json\/wp\/v2\/types\/product"}],"wp:featuredmedia":[{"embeddable":true,"href":"https:\/\/www.multicasa.com.br\/inicio\/wp-json\/wp\/v2\/media\/22316"}],"wp:attachment":[{"href":"https:\/\/www.multicasa.com.br\/inicio\/wp-json\/wp\/v2\/media?parent=22248"}],"wp:term":[{"taxonomy":"product_brand","embeddable":true,"href":"https:\/\/www.multicasa.com.br\/inicio\/wp-json\/wp\/v2\/product_brand?post=22248"},{"taxonomy":"product_cat","embeddable":true,"href":"https:\/\/www.multicasa.com.br\/inicio\/wp-json\/wp\/v2\/product_cat?post=22248"},{"taxonomy":"product_tag","embeddable":true,"href":"https:\/\/www.multicasa.com.br\/inicio\/wp-json\/wp\/v2\/product_tag?post=22248"}],"curies":[{"name":"wp","href":"https:\/\/api.w.org\/{rel}","templated":true}]}}