{"id":22271,"date":"2025-06-20T20:33:03","date_gmt":"2025-06-21T00:33:03","guid":{"rendered":"https:\/\/www.multicasa.com.br\/inicio\/?post_type=product&#038;p=22271"},"modified":"2026-02-04T11:01:31","modified_gmt":"2026-02-04T15:01:31","slug":"afiador-de-facas-pratic-roller-aficamp","status":"publish","type":"product","link":"https:\/\/www.multicasa.com.br\/inicio\/produto\/afiador-de-facas-pratic-roller-aficamp\/","title":{"rendered":"Afiador de Facas Pratic Roller Aficamp"},"content":{"rendered":"<p>Afiador de Facas Pratic Roller da Aficamp \u00e9 de uso dom\u00e9stico utilizando o sistema &#8220;Pratic Roller&#8221; (sistema de rolete) que garante maior seguran\u00e7a na hora de afiar suas facas sem danificar a l\u00e2mina. O Amolador de facas \u00e9 f\u00e1cil de manusear, deixa suas facas afiadas com rapidez e tem seguran\u00e7a e garantia comprovada. Item indispens\u00e1vel para ter na cozinha!<\/p>\n","protected":false},"excerpt":{"rendered":"<h4 style=\"margin: 0px;padding: 0px 0px 16px;font-family: Lato, sans-serif;font-weight: bold;line-height: 3rem;color: var(--dark-grey3);font-size: 22px;font-style: normal;letter-spacing: normal;text-align: start;text-indent: 0px;text-transform: none\">Informa\u00e7\u00f5es t\u00e9cnicas<\/h4>\n<p><span style=\"margin: 0px;padding: 0px;font-weight: 450;font-size: 14px;line-height: 21px;color: var(--dark-grey2);font-family: Lato, sans-serif;font-style: normal;letter-spacing: normal;text-align: start;text-indent: 0px;text-transform: none\">Produto: Afiador de faca<br \/>\nMarca: Aficamp<br \/>\nMaterial: Pl\u00e1stico<br \/>\nBorracha<br \/>\nCor: Verde, preto e cinza<br \/>\nUso indicado: Afiar e amolar facas<br \/>\nCaracter\u00edsticas: Sistema Pratic Roller<br \/>\nItens Inclusos: 1 afiador de faca<br \/>\nDi\u00e2metro: 4cm<br \/>\nDimens\u00f5es do produto (L): 3,6cm<br \/>\nPeso do produto: 50g<\/span><\/p>\n","protected":false},"featured_media":22338,"template":"","meta":{"_joinchat":[]},"product_brand":[],"product_cat":[93],"product_tag":[],"class_list":{"0":"post-22271","1":"product","2":"type-product","3":"status-publish","4":"has-post-thumbnail","6":"product_cat-utensilios-para-cozinha","8":"first","9":"instock","10":"shipping-taxable","11":"purchasable","12":"product-type-simple"},"_links":{"self":[{"href":"https:\/\/www.multicasa.com.br\/inicio\/wp-json\/wp\/v2\/product\/22271","targetHints":{"allow":["GET"]}}],"collection":[{"href":"https:\/\/www.multicasa.com.br\/inicio\/wp-json\/wp\/v2\/product"}],"about":[{"href":"https:\/\/www.multicasa.com.br\/inicio\/wp-json\/wp\/v2\/types\/product"}],"wp:featuredmedia":[{"embeddable":true,"href":"https:\/\/www.multicasa.com.br\/inicio\/wp-json\/wp\/v2\/media\/22338"}],"wp:attachment":[{"href":"https:\/\/www.multicasa.com.br\/inicio\/wp-json\/wp\/v2\/media?parent=22271"}],"wp:term":[{"taxonomy":"product_brand","embeddable":true,"href":"https:\/\/www.multicasa.com.br\/inicio\/wp-json\/wp\/v2\/product_brand?post=22271"},{"taxonomy":"product_cat","embeddable":true,"href":"https:\/\/www.multicasa.com.br\/inicio\/wp-json\/wp\/v2\/product_cat?post=22271"},{"taxonomy":"product_tag","embeddable":true,"href":"https:\/\/www.multicasa.com.br\/inicio\/wp-json\/wp\/v2\/product_tag?post=22271"}],"curies":[{"name":"wp","href":"https:\/\/api.w.org\/{rel}","templated":true}]}}