{"id":22277,"date":"2025-06-20T20:33:04","date_gmt":"2025-06-21T00:33:04","guid":{"rendered":"https:\/\/www.multicasa.com.br\/inicio\/?post_type=product&#038;p=22277"},"modified":"2025-06-20T20:34:17","modified_gmt":"2025-06-21T00:34:17","slug":"massa-para-calafetar-pulvitec-350g","status":"publish","type":"product","link":"https:\/\/www.multicasa.com.br\/inicio\/produto\/massa-para-calafetar-pulvitec-350g\/","title":{"rendered":"Massa para Calafetar Pulvitec 350g"},"content":{"rendered":"<p>A Massa para Calafetar Pulvitec \u00e9 um produto a base de borracha sint\u00e9tica, \u00f3leos e cargas minerais, desenvolvido para vedar orif\u00edcios e rachaduras, impedindo a penetra\u00e7\u00e3o de \u00e1gua e poeira presentes em quaisquer superf\u00edcies. Por sua formula\u00e7\u00e3o, a poly calafetar apresenta caracter\u00edsticas que permanecem inalteradas sob a a\u00e7\u00e3o do tempo, como flexibilidade, ader\u00eancia, plasticidade e anticorros\u00e3o.<br \/>\nO uso \u00e9 indicado para paredes, rebocos, gessos, concretos e tem secagem ao toque de 40 minutos e secagem final de 4 horas.<br \/>\nProduto pronto para uso, contendo 350g.<\/p>\n","protected":false},"excerpt":{"rendered":"<h4 style=\"margin: 0px;padding: 0px 0px 16px;font-family: Lato, sans-serif;font-weight: bold;line-height: 3rem;color: var(--dark-grey3);font-size: 22px;font-style: normal;letter-spacing: normal;text-align: start;text-indent: 0px;text-transform: none\">Informa\u00e7\u00f5es t\u00e9cnicas<\/h4>\n<p><span style=\"margin: 0px;padding: 0px;font-weight: 450;font-size: 14px;line-height: 21px;color: var(--dark-grey2);font-family: Lato, sans-serif;font-style: normal;letter-spacing: normal;text-align: start;text-indent: 0px;text-transform: none\">Produto: Massa para Calafetar<br \/>\nMarca: Pulvitec<br \/>\nComposi\u00e7\u00e3o: Pain\u00e9is de n\u00e3o-tecido<br \/>\nMicrofibras sint\u00e9ticas tratadas<br \/>\nEl\u00e1sticos de l\u00e1tex<br \/>\nRevestimento em poli\u00e9ster<br \/>\nConte\u00fado: 350g<br \/>\nCaracter\u00edsticas: Secagem ao toque em 40 minutos<br \/>\nSecagem final em 4 horas<br \/>\nVeda orif\u00edcios e rachaduras<br \/>\nItens Inclusos: 1 massa para Calafetar<\/span><\/p>\n","protected":false},"featured_media":22350,"template":"","meta":{"_joinchat":[]},"product_brand":[],"product_cat":[162],"product_tag":[],"class_list":{"0":"post-22277","1":"product","2":"type-product","3":"status-publish","4":"has-post-thumbnail","6":"product_cat-colas-e-cia","8":"first","9":"outofstock","10":"shipping-taxable","11":"product-type-simple"},"_links":{"self":[{"href":"https:\/\/www.multicasa.com.br\/inicio\/wp-json\/wp\/v2\/product\/22277","targetHints":{"allow":["GET"]}}],"collection":[{"href":"https:\/\/www.multicasa.com.br\/inicio\/wp-json\/wp\/v2\/product"}],"about":[{"href":"https:\/\/www.multicasa.com.br\/inicio\/wp-json\/wp\/v2\/types\/product"}],"wp:featuredmedia":[{"embeddable":true,"href":"https:\/\/www.multicasa.com.br\/inicio\/wp-json\/wp\/v2\/media\/22350"}],"wp:attachment":[{"href":"https:\/\/www.multicasa.com.br\/inicio\/wp-json\/wp\/v2\/media?parent=22277"}],"wp:term":[{"taxonomy":"product_brand","embeddable":true,"href":"https:\/\/www.multicasa.com.br\/inicio\/wp-json\/wp\/v2\/product_brand?post=22277"},{"taxonomy":"product_cat","embeddable":true,"href":"https:\/\/www.multicasa.com.br\/inicio\/wp-json\/wp\/v2\/product_cat?post=22277"},{"taxonomy":"product_tag","embeddable":true,"href":"https:\/\/www.multicasa.com.br\/inicio\/wp-json\/wp\/v2\/product_tag?post=22277"}],"curies":[{"name":"wp","href":"https:\/\/api.w.org\/{rel}","templated":true}]}}