{"id":22281,"date":"2025-06-20T20:33:05","date_gmt":"2025-06-21T00:33:05","guid":{"rendered":"https:\/\/www.multicasa.com.br\/inicio\/?post_type=product&#038;p=22281"},"modified":"2025-06-20T20:34:26","modified_gmt":"2025-06-21T00:34:26","slug":"sabonete-magico-anti-odor-tira-cheiro-inox-sandia","status":"publish","type":"product","link":"https:\/\/www.multicasa.com.br\/inicio\/produto\/sabonete-magico-anti-odor-tira-cheiro-inox-sandia\/","title":{"rendered":"Sabonete M\u00e1gico Anti Odor Tira Cheiro Inox Sandia"},"content":{"rendered":"<p>Com o Sabonete M\u00e1gico Tira Cheiro Sandia vai ser muito mais f\u00e1cil tirar cheiros indesejados e fortes das m\u00e3os causados por cebola, peixe, alho e outros. Estudos dizem que os cheiros s\u00e3o eliminados pela capacidade que o a\u00e7o inox tem de catalisar a oxida\u00e7\u00e3o dos \u00e1cidos e enxofres respons\u00e1veis pelos odores. Em a\u00e7o 18\/10 tem um desgaste muito pequeno, sendo resistente e dur\u00e1vel. Tem o formato e tamanho muito similares com sabonetes convencionais.<\/p>\n","protected":false},"excerpt":{"rendered":"<h4 style=\"margin: 0px;padding: 0px 0px 16px;font-family: Lato, sans-serif;font-weight: bold;line-height: 3rem;color: var(--dark-grey3);font-size: 22px;font-style: normal;letter-spacing: normal;text-align: start;text-indent: 0px;text-transform: none\">Informa\u00e7\u00f5es t\u00e9cnicas<\/h4>\n<p><span style=\"margin: 0px;padding: 0px;font-weight: 450;font-size: 14px;line-height: 21px;color: var(--dark-grey2);font-family: Lato, sans-serif;font-style: normal;letter-spacing: normal;text-align: start;text-indent: 0px;text-transform: none\">Produto: Sabonete m\u00e1gico<br \/>\nMarca: Sandia<br \/>\nMaterial: A\u00e7o Inox 18\/10<br \/>\nCor: Prata<br \/>\nUso indicado: Eliminar odores das m\u00e3os, principalmente os mais fortes causados por cebola, peixe, alho e outros<br \/>\nCaracter\u00edsticas: Formato oval<br \/>\nDur\u00e1vel<br \/>\nItens Inclusos: 1 sabonete m\u00e1gico<br \/>\nDimens\u00f5es do produto (L X P): 6,5 x 4,5cm<br \/>\n<\/span><\/p>\n","protected":false},"featured_media":22360,"template":"","meta":{"_joinchat":[]},"product_brand":[],"product_cat":[93],"product_tag":[],"class_list":{"0":"post-22281","1":"product","2":"type-product","3":"status-publish","4":"has-post-thumbnail","6":"product_cat-utensilios-para-cozinha","8":"first","9":"outofstock","10":"shipping-taxable","11":"product-type-simple"},"_links":{"self":[{"href":"https:\/\/www.multicasa.com.br\/inicio\/wp-json\/wp\/v2\/product\/22281","targetHints":{"allow":["GET"]}}],"collection":[{"href":"https:\/\/www.multicasa.com.br\/inicio\/wp-json\/wp\/v2\/product"}],"about":[{"href":"https:\/\/www.multicasa.com.br\/inicio\/wp-json\/wp\/v2\/types\/product"}],"wp:featuredmedia":[{"embeddable":true,"href":"https:\/\/www.multicasa.com.br\/inicio\/wp-json\/wp\/v2\/media\/22360"}],"wp:attachment":[{"href":"https:\/\/www.multicasa.com.br\/inicio\/wp-json\/wp\/v2\/media?parent=22281"}],"wp:term":[{"taxonomy":"product_brand","embeddable":true,"href":"https:\/\/www.multicasa.com.br\/inicio\/wp-json\/wp\/v2\/product_brand?post=22281"},{"taxonomy":"product_cat","embeddable":true,"href":"https:\/\/www.multicasa.com.br\/inicio\/wp-json\/wp\/v2\/product_cat?post=22281"},{"taxonomy":"product_tag","embeddable":true,"href":"https:\/\/www.multicasa.com.br\/inicio\/wp-json\/wp\/v2\/product_tag?post=22281"}],"curies":[{"name":"wp","href":"https:\/\/api.w.org\/{rel}","templated":true}]}}