{"id":22283,"date":"2025-06-20T20:33:05","date_gmt":"2025-06-21T00:33:05","guid":{"rendered":"https:\/\/www.multicasa.com.br\/inicio\/?post_type=product&#038;p=22283"},"modified":"2026-03-06T10:20:08","modified_gmt":"2026-03-06T14:20:08","slug":"base-chuv-ban-monoc-3-4-a-vazao-doc","status":"publish","type":"product","link":"https:\/\/www.multicasa.com.br\/inicio\/produto\/base-chuv-ban-monoc-3-4-a-vazao-doc\/","title":{"rendered":"Base Chuv\/Ban.Monoc.3\/4 A.Vazao Doc"},"content":{"rendered":"<p>Essa base para misturadores monocomandos para chuveiros ou banheiras \u00e9 perfeita para ambientes com baixa press\u00e3o e alta vaz\u00e3o de \u00e1gua. Ela encaixa nos acabamentos de diversas linhas da nossa marca, desde que tenham encaixe 3\/4&#8243;. Nossa base serve para locais onde a press\u00e3o varia entre 2 a 15 m.c.a, ou seja, funciona perfeitamente em casa ou pr\u00e9dios mais baixos, onde a press\u00e3o \u00e9 mais baixa. Esse produto garante um banho extremamente confort\u00e1vel e, para uso em banheiras, um r\u00e1pido enchimento. Esta base monocomando possui sistema de veda\u00e7\u00e3o cer\u00e2mica, que permite uma resist\u00eancia superior a 500 mil acionamentos e muito mais conforto no uso. A qualidade com que desenvolvemos esses produtos serve para evitar reformas, estragos ou manuten\u00e7\u00f5es peri\u00f3dicas. Ele possui encaixe de bitolas de 3\/4&#8243; e permite liberdade de cria\u00e7\u00e3o, com uma grande variedade de acabamentos para deixar o ambiente ainda mais harmonioso.<\/p>\n","protected":false},"excerpt":{"rendered":"<h4 style=\"margin: 0px;padding: 0px 0px 16px;font-family: Lato, sans-serif;font-weight: bold;line-height: 3rem;color: var(--dark-grey3);font-size: 22px;font-style: normal;letter-spacing: normal;text-align: start;text-indent: 0px;text-transform: none\">Informa\u00e7\u00f5es t\u00e9cnicas<\/h4>\n<p><span style=\"margin: 0px;padding: 0px;font-weight: 450;font-size: 14px;line-height: 21px;color: var(--dark-grey2);font-family: Lato, sans-serif;font-style: normal;letter-spacing: normal;text-align: start;text-indent: 0px;text-transform: none\">Produto: BASE CHUV\/BAN.MONOC.3\/4 A.VAZAO<br \/>\nMarca: DOCOL<br \/>\nMaterial: Ligas de cobre, elast\u00f4meros e pl\u00e1stico de engenharia.<br \/>\nCor: BRUTO<br \/>\nCaracter\u00edsticas: veda\u00e7\u00e3o perfeita e garantia toda vida.<br \/>\nDimens\u00f5es:<br \/>\nComprimento do produto: 135 mm<\/p>\n<p>Altura do produto: 96 mm<\/p>\n<p>Largura do produto: 82 mm<\/p>\n<p>Peso L\u00edquido: 0,97 kg<\/p>\n<p>Peso Bruto: 0,97 kg<\/span><\/p>\n","protected":false},"featured_media":24671,"template":"","meta":{"_joinchat":[]},"product_brand":[],"product_cat":[66],"product_tag":[],"class_list":{"0":"post-22283","1":"product","2":"type-product","3":"status-publish","4":"has-post-thumbnail","6":"product_cat-metais-basicos","8":"first","9":"outofstock","10":"shipping-taxable","11":"purchasable","12":"product-type-simple"},"_links":{"self":[{"href":"https:\/\/www.multicasa.com.br\/inicio\/wp-json\/wp\/v2\/product\/22283","targetHints":{"allow":["GET"]}}],"collection":[{"href":"https:\/\/www.multicasa.com.br\/inicio\/wp-json\/wp\/v2\/product"}],"about":[{"href":"https:\/\/www.multicasa.com.br\/inicio\/wp-json\/wp\/v2\/types\/product"}],"wp:featuredmedia":[{"embeddable":true,"href":"https:\/\/www.multicasa.com.br\/inicio\/wp-json\/wp\/v2\/media\/24671"}],"wp:attachment":[{"href":"https:\/\/www.multicasa.com.br\/inicio\/wp-json\/wp\/v2\/media?parent=22283"}],"wp:term":[{"taxonomy":"product_brand","embeddable":true,"href":"https:\/\/www.multicasa.com.br\/inicio\/wp-json\/wp\/v2\/product_brand?post=22283"},{"taxonomy":"product_cat","embeddable":true,"href":"https:\/\/www.multicasa.com.br\/inicio\/wp-json\/wp\/v2\/product_cat?post=22283"},{"taxonomy":"product_tag","embeddable":true,"href":"https:\/\/www.multicasa.com.br\/inicio\/wp-json\/wp\/v2\/product_tag?post=22283"}],"curies":[{"name":"wp","href":"https:\/\/api.w.org\/{rel}","templated":true}]}}