{"id":22304,"date":"2025-06-20T20:33:31","date_gmt":"2025-06-21T00:33:31","guid":{"rendered":"https:\/\/www.multicasa.com.br\/inicio\/?post_type=product&#038;p=22304"},"modified":"2026-04-30T17:20:36","modified_gmt":"2026-04-30T21:20:36","slug":"rele-fotoeletrico-qr53-bivolt-qualitronix","status":"publish","type":"product","link":"https:\/\/www.multicasa.com.br\/inicio\/produto\/rele-fotoeletrico-qr53-bivolt-qualitronix\/","title":{"rendered":"Rele Fotoeletrico Qr53 Bivolt Qualitronix"},"content":{"rendered":"<p>O rel\u00e9 fotoc\u00e9lula da Qualitronix QR53 convencional para base, liga a luz ao anoitecer e desliga ao amanhecer. Contato tipo NA.<\/p>\n","protected":false},"excerpt":{"rendered":"<h4 style=\"margin: 0px;padding: 0px 0px 16px;font-family: Lato, sans-serif;font-weight: bold;line-height: 3rem;color: var(--dark-grey3);font-size: 22px;font-style: normal;letter-spacing: normal;text-align: start;text-indent: 0px;text-transform: none\">Informa\u00e7\u00f5es t\u00e9cnicas<\/h4>\n<p><span style=\"margin: 0px;padding: 0px;font-weight: 450;font-size: 14px;line-height: 21px;color: var(--dark-grey2);font-family: Lato, sans-serif;font-style: normal;letter-spacing: normal;text-align: start;text-indent: 0px;text-transform: none\">Produto: RELE FOTOELETRICO QR53 BIV.<br \/>\nMarca: QUALITRONIX<br \/>\nMaterial:<br \/>\nCor: CINZA<br \/>\nDimens\u00f5es em mm:<br \/>\nAltura:\t5 mm<br \/>\nLargura: 7 mm<\/span><\/p>\n","protected":false},"featured_media":25920,"template":"","meta":{"_joinchat":[]},"product_brand":[],"product_cat":[78],"product_tag":[],"class_list":{"0":"post-22304","1":"product","2":"type-product","3":"status-publish","4":"has-post-thumbnail","6":"product_cat-iluminacao-comercial","8":"first","9":"outofstock","10":"shipping-taxable","11":"purchasable","12":"product-type-simple"},"_links":{"self":[{"href":"https:\/\/www.multicasa.com.br\/inicio\/wp-json\/wp\/v2\/product\/22304","targetHints":{"allow":["GET"]}}],"collection":[{"href":"https:\/\/www.multicasa.com.br\/inicio\/wp-json\/wp\/v2\/product"}],"about":[{"href":"https:\/\/www.multicasa.com.br\/inicio\/wp-json\/wp\/v2\/types\/product"}],"wp:featuredmedia":[{"embeddable":true,"href":"https:\/\/www.multicasa.com.br\/inicio\/wp-json\/wp\/v2\/media\/25920"}],"wp:attachment":[{"href":"https:\/\/www.multicasa.com.br\/inicio\/wp-json\/wp\/v2\/media?parent=22304"}],"wp:term":[{"taxonomy":"product_brand","embeddable":true,"href":"https:\/\/www.multicasa.com.br\/inicio\/wp-json\/wp\/v2\/product_brand?post=22304"},{"taxonomy":"product_cat","embeddable":true,"href":"https:\/\/www.multicasa.com.br\/inicio\/wp-json\/wp\/v2\/product_cat?post=22304"},{"taxonomy":"product_tag","embeddable":true,"href":"https:\/\/www.multicasa.com.br\/inicio\/wp-json\/wp\/v2\/product_tag?post=22304"}],"curies":[{"name":"wp","href":"https:\/\/api.w.org\/{rel}","templated":true}]}}