{"id":22306,"date":"2025-06-20T20:33:31","date_gmt":"2025-06-21T00:33:31","guid":{"rendered":"https:\/\/www.multicasa.com.br\/inicio\/?post_type=product&#038;p=22306"},"modified":"2025-08-18T01:45:20","modified_gmt":"2025-08-18T05:45:20","slug":"camera-de-seguranca-full-hd-1080p-wi-fi-geonav","status":"publish","type":"product","link":"https:\/\/www.multicasa.com.br\/inicio\/produto\/camera-de-seguranca-full-hd-1080p-wi-fi-geonav\/","title":{"rendered":"C\u00e2mera de Seguran\u00e7a Full HD 1080p Wi-Fi Geonav"},"content":{"rendered":"<p>Com a C\u00e2mera de Seguran\u00e7a Full HD 1080p Wi-Fi Geonav voc\u00ea monitora remotamente em tempo real, pelo aplicativo HI by Geonav, com grava\u00e7\u00e3o na nuvem. Crie cenas de automa\u00e7\u00e3o, ligar luzes ou ar-condicionado, por exemplo, com o sensor de movimento integrado. Monitore resid\u00eancias, escrit\u00f3rios ou casas de veraneio \u00e0 dist\u00e2ncia. Ideal como bab\u00e1 eletr\u00f4nica (vis\u00e3o noturna e \u00e1udio bidirecional). \u00c2ngulo de 100\u00ba de abertura para visualizar qualquer ambiente com qualidade. Aceita cart\u00e3o Micro SD de 128GB e grava\u00e7\u00e3o na nuvem gr\u00e1tis por 30 dias (ap\u00f3s este per\u00edodo \u00e9 necess\u00e1rio assinatura).<\/p>\n","protected":false},"excerpt":{"rendered":"<h4 style=\"margin: 0px;padding: 0px 0px 16px;font-family: Lato, sans-serif;font-weight: bold;line-height: 3rem;color: var(--dark-grey3);font-size: 22px;font-style: normal;letter-spacing: normal;text-align: start;text-indent: 0px;text-transform: none\">Informa\u00e7\u00f5es t\u00e9cnicas<\/h4>\n<p><span style=\"margin: 0px;padding: 0px;font-weight: 450;font-size: 14px;line-height: 21px;color: var(--dark-grey2);font-family: Lato, sans-serif;font-style: normal;letter-spacing: normal;text-align: start;text-indent: 0px;text-transform: none\">Produto: C\u00e2mera de Seguran\u00e7a<br \/>\nMarca: Geonav<br \/>\nModelo: HISC1080                                                                                                                                                             Material: ABS<br \/>\nCor: Branca<br \/>\nCaracter\u00edsticas: Full HD; 1080p; Wi-Fi; Entrada: 5VCC 1A; Consumo: 2.5W (m\u00e1ximo); Pixels: 2MB; Lente: 4.0mm F2.0; Dist\u00e2ncia infravermelho: 10 metros; Taxa de bits: 32Kbps   ?? 2Mbps; Resolu\u00e7\u00e3o m\u00e1xima: 1.920 ? 1.080; Rede sem fio: 24GHz, padr\u00e3o 802.11b\/g\/n; \u00c2ngulo da lente: 100\u00b0; \u00c1udio: bidirecional (midrofone e autofalante)<br \/>\nItens Inclusos: 1 c\u00e2mera de seguran\u00e7a<br \/>\nDimens\u00f5es do produto (A X L X P): 7,2 x 7,1 x 6cm<br \/>\nPeso: 78,2g                                                                                                                                                                      Garantia: 1 ano por defeito de fabrica\u00e7\u00e3o<\/span><\/p>\n","protected":false},"featured_media":22368,"template":"","meta":{"_joinchat":[]},"product_brand":[],"product_cat":[164],"product_tag":[],"class_list":{"0":"post-22306","1":"product","2":"type-product","3":"status-publish","4":"has-post-thumbnail","6":"product_cat-casa-inteligente","8":"first","9":"outofstock","10":"shipping-taxable","11":"purchasable","12":"product-type-simple"},"_links":{"self":[{"href":"https:\/\/www.multicasa.com.br\/inicio\/wp-json\/wp\/v2\/product\/22306","targetHints":{"allow":["GET"]}}],"collection":[{"href":"https:\/\/www.multicasa.com.br\/inicio\/wp-json\/wp\/v2\/product"}],"about":[{"href":"https:\/\/www.multicasa.com.br\/inicio\/wp-json\/wp\/v2\/types\/product"}],"wp:featuredmedia":[{"embeddable":true,"href":"https:\/\/www.multicasa.com.br\/inicio\/wp-json\/wp\/v2\/media\/22368"}],"wp:attachment":[{"href":"https:\/\/www.multicasa.com.br\/inicio\/wp-json\/wp\/v2\/media?parent=22306"}],"wp:term":[{"taxonomy":"product_brand","embeddable":true,"href":"https:\/\/www.multicasa.com.br\/inicio\/wp-json\/wp\/v2\/product_brand?post=22306"},{"taxonomy":"product_cat","embeddable":true,"href":"https:\/\/www.multicasa.com.br\/inicio\/wp-json\/wp\/v2\/product_cat?post=22306"},{"taxonomy":"product_tag","embeddable":true,"href":"https:\/\/www.multicasa.com.br\/inicio\/wp-json\/wp\/v2\/product_tag?post=22306"}],"curies":[{"name":"wp","href":"https:\/\/api.w.org\/{rel}","templated":true}]}}