{"id":22327,"date":"2025-06-20T20:33:56","date_gmt":"2025-06-21T00:33:56","guid":{"rendered":"https:\/\/www.multicasa.com.br\/inicio\/?post_type=product&#038;p=22327"},"modified":"2026-04-22T15:20:16","modified_gmt":"2026-04-22T19:20:16","slug":"base-registro-de-gaveta-1-deca","status":"publish","type":"product","link":"https:\/\/www.multicasa.com.br\/inicio\/produto\/base-registro-de-gaveta-1-deca\/","title":{"rendered":"Base Registro De Gaveta 1 Deca"},"content":{"rendered":"<p>A base de registro de gaveta Deca \u00e9 utilizado para interromper todo fluxo de \u00e1gua quando formos realizar alguma manunten\u00e7\u00e3o, ou seja, ele funciona aberto ou fechado. Garantia de qualidade que seu banheiro merece com 10 anos de garantia.  <\/p>\n","protected":false},"excerpt":{"rendered":"<h4 style=\"margin: 0px;padding: 0px 0px 16px;font-family: Lato, sans-serif;font-weight: bold;line-height: 3rem;color: var(--dark-grey3);font-size: 22px;font-style: normal;letter-spacing: normal;text-align: start;text-indent: 0px;text-transform: none\">Informa\u00e7\u00f5es t\u00e9cnicas<\/h4>\n<p><span style=\"margin: 0px;padding: 0px;font-weight: 450;font-size: 14px;line-height: 21px;color: var(--dark-grey2);font-family: Lato, sans-serif;font-style: normal;letter-spacing: normal;text-align: start;text-indent: 0px;text-transform: none\">Produto: BASE REGISTRO GAVETA 1                                                                                                                                                                                                                                                                                                      Marca: Deca                                                                                                                                                                                                                                                                                                                                    Material: Liga de Cobre (bronze e lat\u00e3o),Pl\u00e1sticos de Engenharia,Elast\u00f4meros                                                                                                                                                                                                               Cor: Bruto                                                                                                                                                                                                                                                                                                                                                   Caracter\u00edsticas: Interrompe tudo fluxo de \u00e1gua quando for realizar alguma manunten\u00e7\u00e3o                                                                                                                                                                                          Dimens\u00f5es:                                                                                                                                                                                                                                                                                                            Altura: 44mm<br \/>\nComprimento: 134mm<br \/>\nLargura: 49mm                                                                                                                                                                                                                                                                                                                             Peso Liquido: 0.405<br \/>\nPeso Bruto: 0.418<br \/>\nBitola de entrada de \u00e1gua: 1&#8243;<br \/>\nPress\u00e3o m\u00edn funcionamento mca: 2<br \/>\nPress\u00e3o max funcionamento mca: 40<\/span><\/p>\n","protected":false},"featured_media":24673,"template":"","meta":{"_joinchat":[]},"product_brand":[],"product_cat":[66],"product_tag":[],"class_list":{"0":"post-22327","1":"product","2":"type-product","3":"status-publish","4":"has-post-thumbnail","6":"product_cat-metais-basicos","8":"first","9":"outofstock","10":"shipping-taxable","11":"purchasable","12":"product-type-simple"},"_links":{"self":[{"href":"https:\/\/www.multicasa.com.br\/inicio\/wp-json\/wp\/v2\/product\/22327","targetHints":{"allow":["GET"]}}],"collection":[{"href":"https:\/\/www.multicasa.com.br\/inicio\/wp-json\/wp\/v2\/product"}],"about":[{"href":"https:\/\/www.multicasa.com.br\/inicio\/wp-json\/wp\/v2\/types\/product"}],"wp:featuredmedia":[{"embeddable":true,"href":"https:\/\/www.multicasa.com.br\/inicio\/wp-json\/wp\/v2\/media\/24673"}],"wp:attachment":[{"href":"https:\/\/www.multicasa.com.br\/inicio\/wp-json\/wp\/v2\/media?parent=22327"}],"wp:term":[{"taxonomy":"product_brand","embeddable":true,"href":"https:\/\/www.multicasa.com.br\/inicio\/wp-json\/wp\/v2\/product_brand?post=22327"},{"taxonomy":"product_cat","embeddable":true,"href":"https:\/\/www.multicasa.com.br\/inicio\/wp-json\/wp\/v2\/product_cat?post=22327"},{"taxonomy":"product_tag","embeddable":true,"href":"https:\/\/www.multicasa.com.br\/inicio\/wp-json\/wp\/v2\/product_tag?post=22327"}],"curies":[{"name":"wp","href":"https:\/\/api.w.org\/{rel}","templated":true}]}}