{"id":22353,"date":"2025-06-20T20:34:20","date_gmt":"2025-06-21T00:34:20","guid":{"rendered":"https:\/\/www.multicasa.com.br\/inicio\/?post_type=product&#038;p=22353"},"modified":"2026-03-23T08:50:47","modified_gmt":"2026-03-23T12:50:47","slug":"valvula-de-esfera-3-4-1552-deca","status":"publish","type":"product","link":"https:\/\/www.multicasa.com.br\/inicio\/produto\/valvula-de-esfera-3-4-1552-deca\/","title":{"rendered":"Valvula De Esfera 3\/4 1552 Deca"},"content":{"rendered":"<p>O registro de esfera \u00e9 respons\u00e1vel pelo bloqueio ou libera\u00e7\u00e3o do fluxo de \u00e1gua para os outros pontos de distribui\u00e7\u00e3o da sua resid\u00eancia, com\u00e9rcio ou ind\u00fastria. Os registros de esfera Deca s\u00e3o pr\u00e1ticos e t\u00eam a qualidade e durabilidade da marca. Com passagem plena e haste \u00e0 prova de explos\u00e3o.<\/p>\n","protected":false},"excerpt":{"rendered":"<h4 style=\"margin: 0px;padding: 0px 0px 16px;font-family: Lato, sans-serif;font-weight: bold;line-height: 3rem;color: var(--dark-grey3);font-size: 22px;font-style: normal;letter-spacing: normal;text-align: start;text-indent: 0px;text-transform: none\">Informa\u00e7\u00f5es t\u00e9cnicas<\/h4>\n<p><span style=\"margin: 0px;padding: 0px;font-weight: 450;font-size: 14px;line-height: 21px;color: var(--dark-grey2);font-family: Lato, sans-serif;font-style: normal;letter-spacing: normal;text-align: start;text-indent: 0px;text-transform: none\">Produto: v\u00e1lvula ESFERA 3\/4 1552<br \/>\nMarca: DECA<br \/>\nMaterial: Liga de Cobre (bronze e lat\u00e3o),Pl\u00e1sticos de Engenharia,Elast\u00f4meros<br \/>\nCor: BRUTO<br \/>\nCaracter\u00edsticas: respons\u00e1vel pelo bloqueio ou libera\u00e7\u00e3o do fluxo de \u00e1gua para os outros pontos de distribui\u00e7\u00e3o.<br \/>\nDimens\u00f5es:<br \/>\nAltura: 74 mm<br \/>\nComprimento: 40 mm<br \/>\nLargura: 113mm<br \/>\nPeso L\u00edquido: 0.262<br \/>\nPeso Bruto: 0.27 <\/span><\/p>\n","protected":false},"featured_media":0,"template":"","meta":{"_joinchat":[]},"product_brand":[],"product_cat":[66],"product_tag":[],"class_list":{"0":"post-22353","1":"product","2":"type-product","3":"status-publish","5":"product_cat-metais-basicos","7":"first","8":"instock","9":"shipping-taxable","10":"purchasable","11":"product-type-simple"},"_links":{"self":[{"href":"https:\/\/www.multicasa.com.br\/inicio\/wp-json\/wp\/v2\/product\/22353","targetHints":{"allow":["GET"]}}],"collection":[{"href":"https:\/\/www.multicasa.com.br\/inicio\/wp-json\/wp\/v2\/product"}],"about":[{"href":"https:\/\/www.multicasa.com.br\/inicio\/wp-json\/wp\/v2\/types\/product"}],"wp:attachment":[{"href":"https:\/\/www.multicasa.com.br\/inicio\/wp-json\/wp\/v2\/media?parent=22353"}],"wp:term":[{"taxonomy":"product_brand","embeddable":true,"href":"https:\/\/www.multicasa.com.br\/inicio\/wp-json\/wp\/v2\/product_brand?post=22353"},{"taxonomy":"product_cat","embeddable":true,"href":"https:\/\/www.multicasa.com.br\/inicio\/wp-json\/wp\/v2\/product_cat?post=22353"},{"taxonomy":"product_tag","embeddable":true,"href":"https:\/\/www.multicasa.com.br\/inicio\/wp-json\/wp\/v2\/product_tag?post=22353"}],"curies":[{"name":"wp","href":"https:\/\/api.w.org\/{rel}","templated":true}]}}